{"id":2634,"date":"2026-01-30T03:23:35","date_gmt":"2026-01-30T03:23:35","guid":{"rendered":"https:\/\/www.shouyasanitary.com\/?post_type=product&#038;p=2634"},"modified":"2026-01-30T03:26:07","modified_gmt":"2026-01-30T03:26:07","slug":"custom-bathroom-mirror","status":"publish","type":"product","link":"https:\/\/www.shouyasanitary.com\/fr\/produit\/custom-bathroom-mirror\/","title":{"rendered":"Miroir de salle de bain personnalis\u00e9, Miroir de salle de bain \u00e0 LED, montage mural, cadre en alliage d'aluminium avec interrupteur \u00e0 effleurement"},"content":{"rendered":"<div class=\"wp-block-columns is-layout-flex wp-container-core-columns-is-layout-9d6595d7 wp-block-columns-is-layout-flex\">\n<div class=\"wp-block-column is-layout-flow wp-block-column-is-layout-flow\">\n<h2 class=\"wp-block-heading\">Caract\u00e9ristiques du miroir de salle de bains\uff1a<\/h2>\n\n\n\n<p><strong>Apparence \u00e0 la mode :<\/strong> Il adopte une forme artistique de goutte d'eau, avec un contour lisse et des lignes adoucies, s'adaptant \u00e0 diff\u00e9rents styles et brisant le st\u00e9r\u00e9otype du miroir traditionnel de forme carr\u00e9e. Le cadre est disponible en plusieurs couleurs telles que l'or verd\u00e2tre, le noir, le blanc et l'argent, offrant ainsi un choix vari\u00e9.<\/p>\n\n\n\n<p><strong>\u00c9clairage intelligent :<\/strong> Int\u00e9grant des bandes LED \u00e0 haute luminosit\u00e9, l'arri\u00e8re de la lentille \u00e9met de la lumi\u00e8re, offrant trois modes de temp\u00e9rature de couleur (lumi\u00e8re blanche, lumi\u00e8re chaude et lumi\u00e8re naturelle), r\u00e9pondant ainsi aux diff\u00e9rentes exigences de la sc\u00e8ne. <\/p>\n\n\n\n<p><strong>Conception d'un interrupteur \u00e0 effleurement<\/strong>: Il vous permet de s\u00e9lectionner le type d'\u00e9clairage souhait\u00e9 par simple pression, et une pression prolong\u00e9e permet de r\u00e9gler la luminosit\u00e9, cr\u00e9ant ainsi une atmosph\u00e8re chaleureuse. Le fonctionnement est pratique et empreint d'un sentiment de sophistication.<\/p>\n\n\n\n<p><strong>Mat\u00e9riau s\u00fbr :<\/strong> Le cadre est fabriqu\u00e9 en aluminium de haute qualit\u00e9, r\u00e9sistant \u00e0 l'oxydation et \u00e0 la corrosion, et peut \u00eatre utilis\u00e9 pendant longtemps. Le dos est \u00e9quip\u00e9 d'un crochet renforc\u00e9 avec une forte capacit\u00e9 de charge et une installation solide. De plus, la surface du miroir a \u00e9t\u00e9 trait\u00e9e contre les explosions, ce qui le rend durable et plus pratique \u00e0 utiliser.<\/p>\n\n\n\n<p><strong>R\u00e9flexion sur la vie r\u00e9elle :<\/strong> Image miroir argentique haute d\u00e9finition, fid\u00e8le et sans distorsion, avec une grande pr\u00e9cision de reproduction des diff\u00e9rences de couleurs. <\/p>\n<\/div>\n\n\n\n<div class=\"wp-block-column is-layout-flow wp-block-column-is-layout-flow\"><div class=\"wp-block-image\">\n<figure class=\"aligncenter size-full\"><img decoding=\"async\" width=\"700\" height=\"700\" src=\"https:\/\/www.shouyasanitary.com\/wp-content\/uploads\/2026\/01\/bulk-purchase-smart-mirror-with-warm-light.webp\" alt=\"achat en gros miroir intelligent avec lumi\u00e8re chaude\" class=\"wp-image-2635\" style=\"object-fit:cover\" srcset=\"https:\/\/www.shouyasanitary.com\/wp-content\/uploads\/2026\/01\/bulk-purchase-smart-mirror-with-warm-light.webp 700w, https:\/\/www.shouyasanitary.com\/wp-content\/uploads\/2026\/01\/bulk-purchase-smart-mirror-with-warm-light-300x300.webp 300w, https:\/\/www.shouyasanitary.com\/wp-content\/uploads\/2026\/01\/bulk-purchase-smart-mirror-with-warm-light-150x150.webp 150w, https:\/\/www.shouyasanitary.com\/wp-content\/uploads\/2026\/01\/bulk-purchase-smart-mirror-with-warm-light-12x12.webp 12w, https:\/\/www.shouyasanitary.com\/wp-content\/uploads\/2026\/01\/bulk-purchase-smart-mirror-with-warm-light-600x600.webp 600w, https:\/\/www.shouyasanitary.com\/wp-content\/uploads\/2026\/01\/bulk-purchase-smart-mirror-with-warm-light-100x100.webp 100w\" sizes=\"(max-width: 700px) 100vw, 700px\" \/><\/figure>\n<\/div><\/div>\n<\/div>","protected":false},"excerpt":{"rendered":"<p>Miroir de salle de bain personnalis\u00e9 avec une forme artistique en goutte d'eau, un \u00e9clairage tactile \u00e0 LED tricolore, une surface de miroir haute luminosit\u00e9, antid\u00e9flagrante et haute d\u00e9finition, et un cadre en alliage d'aluminium durable et robuste. Les tailles et les couleurs sont personnalisables et conviennent aux achats en gros pour les h\u00f4tels et les projets de salles de bains. Les demandes de renseignements sont les bienvenues !<\/p>\n<h2>Miroir de salle de bains Attributs\uff1a<\/h2>\n<p><strong>Mat\u00e9riau :<\/strong> Cadre et verre en alliage d'aluminium<br \/><strong>Fonction :<\/strong>\u00a0\u00c9clairage tricolore, d\u00e9sembuage par simple pression d'une touche<strong><br \/><\/strong><strong>Dimensions :<\/strong> 60\u00d780 cm<br \/><strong>Miroir \u00c9paisseur :<\/strong>\u00a03,5 mm\/3,8 mm<br \/><strong>Poids brut :<\/strong> 7kg\/PCS<\/p>\n<h2>Personnalisation et services :<\/h2>\n<p><strong>OEM ET ODM<\/strong>: Pris en charge<br \/><strong>Conception<\/strong>: Gratuit<br \/><strong>Emballage<\/strong>: Emballage fixe en mousse multicouche<\/p>","protected":false},"featured_media":2635,"comment_status":"closed","ping_status":"closed","template":"","meta":{"_acf_changed":true},"product_brand":[],"product_cat":[26],"product_tag":[],"class_list":{"0":"post-2634","1":"product","2":"type-product","3":"status-publish","4":"has-post-thumbnail","6":"product_cat-wholesale-bathroom-mirror","8":"first","9":"instock","10":"shipping-taxable","11":"product-type-simple"},"acf":[],"_links":{"self":[{"href":"https:\/\/www.shouyasanitary.com\/fr\/wp-json\/wp\/v2\/product\/2634","targetHints":{"allow":["GET"]}}],"collection":[{"href":"https:\/\/www.shouyasanitary.com\/fr\/wp-json\/wp\/v2\/product"}],"about":[{"href":"https:\/\/www.shouyasanitary.com\/fr\/wp-json\/wp\/v2\/types\/product"}],"replies":[{"embeddable":true,"href":"https:\/\/www.shouyasanitary.com\/fr\/wp-json\/wp\/v2\/comments?post=2634"}],"wp:featuredmedia":[{"embeddable":true,"href":"https:\/\/www.shouyasanitary.com\/fr\/wp-json\/wp\/v2\/media\/2635"}],"wp:attachment":[{"href":"https:\/\/www.shouyasanitary.com\/fr\/wp-json\/wp\/v2\/media?parent=2634"}],"wp:term":[{"taxonomy":"product_brand","embeddable":true,"href":"https:\/\/www.shouyasanitary.com\/fr\/wp-json\/wp\/v2\/product_brand?post=2634"},{"taxonomy":"product_cat","embeddable":true,"href":"https:\/\/www.shouyasanitary.com\/fr\/wp-json\/wp\/v2\/product_cat?post=2634"},{"taxonomy":"product_tag","embeddable":true,"href":"https:\/\/www.shouyasanitary.com\/fr\/wp-json\/wp\/v2\/product_tag?post=2634"}],"curies":[{"name":"wp","href":"https:\/\/api.w.org\/{rel}","templated":true}]}}