{"id":2641,"date":"2026-02-03T08:13:37","date_gmt":"2026-02-03T08:13:37","guid":{"rendered":"https:\/\/www.shouyasanitary.com\/?post_type=product&#038;p=2641"},"modified":"2026-02-03T09:09:32","modified_gmt":"2026-02-03T09:09:32","slug":"custom-mirrors-bathroom","status":"publish","type":"product","link":"https:\/\/www.shouyasanitary.com\/fr\/produit\/custom-mirrors-bathroom\/","title":{"rendered":"Miroirs de salle de bain avec \u00e9clairage, miroir carr\u00e9 en aluminium 3 mod\u00e8les de couleurs Fournisseur"},"content":{"rendered":"<div class=\"wp-block-columns is-layout-flex wp-container-core-columns-is-layout-9d6595d7 wp-block-columns-is-layout-flex\">\n<div class=\"wp-block-column is-layout-flow wp-block-column-is-layout-flow\">\n<h2 class=\"wp-block-heading\">Caract\u00e9ristiques des Miroirs Salle de Bain avec Lumi\u00e8res\uff1a<\/h2>\n\n\n\n<p><strong>\u00c9clairage d'ambiance<\/strong>: Effets d'\u00e9clairage de style hollywoodien, perles lumineuses LED dispos\u00e9es en cercle, avec une qualit\u00e9 d'\u00e9clairage d'affichage \u00e9lev\u00e9e, une lumi\u00e8re uniforme et douce, reproduisant fid\u00e8lement la couleur des \u00e9l\u00e9ments et contr\u00f4lant chaque d\u00e9tail.<\/p>\n\n\n\n<p><strong>R\u00e9glage de la temp\u00e9rature multicolore<\/strong>: Trois options de couleur sont disponibles, prenant en charge la lumi\u00e8re blanche, la lumi\u00e8re chaude et la lumi\u00e8re naturelle, trois modes de temp\u00e9rature de couleur. Appuyez trois fois pour passer d'une lumi\u00e8re \u00e0 l'autre, r\u00e9pondant ainsi \u00e0 divers besoins d'\u00e9clairage.<\/p>\n\n\n\n<p><strong>Miroir de salle de bains de qualit\u00e9 : <\/strong>Fabriqu\u00e9e avec un miroir en aluminium haute d\u00e9finition, l'image est claire et fid\u00e8le, sans d\u00e9formation, avec une grande pr\u00e9cision de reproduction des diff\u00e9rences de couleur.<\/p>\n\n\n\n<p><strong>Mat\u00e9riau \u00e0 haute r\u00e9sistance : <\/strong>Le cadre est fabriqu\u00e9 en alliage d'aluminium de haute qualit\u00e9, r\u00e9sistant \u00e0 l'oxydation et \u00e0 la corrosion, facile \u00e0 assembler et dot\u00e9 d'un crochet de montage pour une utilisation \u00e0 long terme, il reste stable comme s'il \u00e9tait neuf. La surface du miroir a subi un traitement antid\u00e9flagrant pour garantir notre s\u00e9curit\u00e9.<\/p>\n\n\n\n<p><strong>Convient aux diff\u00e9rents espaces de la salle de bains :<\/strong> Nos miroirs de salle de bains sont ronds, courb\u00e9s, rectangulaires et personnalis\u00e9s, avec un style minimaliste et moderne, s'adaptant aux diff\u00e9rents sch\u00e9mas de d\u00e9coration de la salle de bains et am\u00e9liorant la qualit\u00e9 globale de l'espace.<\/p>\n<\/div>\n\n\n\n<div class=\"wp-block-column is-layout-flow wp-block-column-is-layout-flow\"><div class=\"wp-block-image\">\n<figure class=\"aligncenter size-full\"><img decoding=\"async\" width=\"700\" height=\"700\" src=\"https:\/\/www.shouyasanitary.com\/wp-content\/uploads\/2026\/01\/OEM-customization-wall-mounted-led-mirror.webp\" alt=\"Personnalisation OEM du miroir mural \u00e0 diodes \u00e9lectroluminescentes\" class=\"wp-image-2643\" style=\"object-fit:cover\" srcset=\"https:\/\/www.shouyasanitary.com\/wp-content\/uploads\/2026\/01\/OEM-customization-wall-mounted-led-mirror.webp 700w, https:\/\/www.shouyasanitary.com\/wp-content\/uploads\/2026\/01\/OEM-customization-wall-mounted-led-mirror-300x300.webp 300w, https:\/\/www.shouyasanitary.com\/wp-content\/uploads\/2026\/01\/OEM-customization-wall-mounted-led-mirror-150x150.webp 150w, https:\/\/www.shouyasanitary.com\/wp-content\/uploads\/2026\/01\/OEM-customization-wall-mounted-led-mirror-12x12.webp 12w, https:\/\/www.shouyasanitary.com\/wp-content\/uploads\/2026\/01\/OEM-customization-wall-mounted-led-mirror-600x600.webp 600w, https:\/\/www.shouyasanitary.com\/wp-content\/uploads\/2026\/01\/OEM-customization-wall-mounted-led-mirror-100x100.webp 100w\" sizes=\"(max-width: 700px) 100vw, 700px\" \/><\/figure>\n<\/div><\/div>\n<\/div>","protected":false},"excerpt":{"rendered":"<p>Miroirs de salle de bain personnalis\u00e9s avec \u00e9clairage LED, contr\u00f4le de temp\u00e9rature tricolore, miroir HD antid\u00e9flagrant et cadre en aluminium durable. Plusieurs formes disponibles pour les projets et les commandes en gros. Contactez-nous pour une personnalisation.<\/p>\n<h2>Miroirs de salle de bain avec \u00e9clairage Attributs\uff1a<\/h2>\n<p><strong>Mat\u00e9riau :<\/strong> Plastique ABS et verre<br \/><strong>Fonction :<\/strong> \u00c9clairage tricolore, d\u00e9sembuage par simple pression d'une touche<strong><br \/><\/strong><strong>Dimensions :<\/strong> 80\u00d760 cm<br \/><strong>Miroir \u00c9paisseur :<\/strong> 3,5 mm\/3,8 mm<br \/><strong>Poids brut :<\/strong> 6kg\/PCS<\/p>\n<h2>Personnalisation et services :<\/h2>\n<p><strong>OEM ET ODM<\/strong>: Pris en charge<br \/><strong>Conception<\/strong>: Gratuit<br \/><strong>Emballage<\/strong>: Emballage fixe en mousse multicouche<\/p>","protected":false},"featured_media":2643,"comment_status":"closed","ping_status":"closed","template":"","meta":{"_acf_changed":true},"product_brand":[],"product_cat":[26],"product_tag":[],"class_list":{"0":"post-2641","1":"product","2":"type-product","3":"status-publish","4":"has-post-thumbnail","6":"product_cat-wholesale-bathroom-mirror","8":"first","9":"instock","10":"shipping-taxable","11":"product-type-simple"},"acf":[],"_links":{"self":[{"href":"https:\/\/www.shouyasanitary.com\/fr\/wp-json\/wp\/v2\/product\/2641","targetHints":{"allow":["GET"]}}],"collection":[{"href":"https:\/\/www.shouyasanitary.com\/fr\/wp-json\/wp\/v2\/product"}],"about":[{"href":"https:\/\/www.shouyasanitary.com\/fr\/wp-json\/wp\/v2\/types\/product"}],"replies":[{"embeddable":true,"href":"https:\/\/www.shouyasanitary.com\/fr\/wp-json\/wp\/v2\/comments?post=2641"}],"wp:featuredmedia":[{"embeddable":true,"href":"https:\/\/www.shouyasanitary.com\/fr\/wp-json\/wp\/v2\/media\/2643"}],"wp:attachment":[{"href":"https:\/\/www.shouyasanitary.com\/fr\/wp-json\/wp\/v2\/media?parent=2641"}],"wp:term":[{"taxonomy":"product_brand","embeddable":true,"href":"https:\/\/www.shouyasanitary.com\/fr\/wp-json\/wp\/v2\/product_brand?post=2641"},{"taxonomy":"product_cat","embeddable":true,"href":"https:\/\/www.shouyasanitary.com\/fr\/wp-json\/wp\/v2\/product_cat?post=2641"},{"taxonomy":"product_tag","embeddable":true,"href":"https:\/\/www.shouyasanitary.com\/fr\/wp-json\/wp\/v2\/product_tag?post=2641"}],"curies":[{"name":"wp","href":"https:\/\/api.w.org\/{rel}","templated":true}]}}