{"id":2642,"date":"2026-02-24T08:24:30","date_gmt":"2026-02-24T08:24:30","guid":{"rendered":"https:\/\/www.shouyasanitary.com\/?post_type=product&#038;p=2642"},"modified":"2026-02-24T08:25:14","modified_gmt":"2026-02-24T08:25:14","slug":"custom-lighted-bathroom-mirror","status":"publish","type":"product","link":"https:\/\/www.shouyasanitary.com\/fr\/produit\/custom-lighted-bathroom-mirror\/","title":{"rendered":"Miroir de salle de bain \u00e9clair\u00e9, miroir de salle de bain LED en forme de cercle pour l'h\u00f4tellerie Wholesale"},"content":{"rendered":"<div class=\"wp-block-columns is-layout-flex wp-container-core-columns-is-layout-9d6595d7 wp-block-columns-is-layout-flex\">\n<div class=\"wp-block-column is-layout-flow wp-block-column-is-layout-flow\">\n<h2 class=\"wp-block-heading\">Miroir de salle de bain \u00e9clair\u00e9 Caract\u00e9ristiques\uff1a<\/h2>\n\n\n\n<p><strong>Silhouette organique et lueur flottante<\/strong>: Rehaussez la salle de bains avec un design sophistiqu\u00e9 en forme d'\u00e9cureuil. Le r\u00e9tro\u00e9clairage LED cach\u00e9 cr\u00e9e un \u00e9tonnant effet de halo suspendu, diffusant un rayonnement doux et non \u00e9blouissant qui ajoute de la profondeur \u00e0 l'espace.<\/p>\n\n\n\n<p><strong>Une touche intelligente pour r\u00e9pondre aux besoins<\/strong>: Contr\u00f4lez enti\u00e8rement votre ambiance. Une simple pression permet de basculer entre 3 temp\u00e9ratures de couleur. Appuyez longuement pour r\u00e9gler la luminosit\u00e9, tandis que la puce de m\u00e9moire int\u00e9gr\u00e9e se souvient de votre dernier r\u00e9glage pour une routine sans faille.<\/p>\n\n\n\n<p><strong>Technologie anti-bu\u00e9e transparente<\/strong>: Dot\u00e9 d'un \u00e9l\u00e9ment chauffant rapide et d'un rev\u00eatement nanom\u00e9trique, le centre du miroir s'\u00e9claircit instantan\u00e9ment apr\u00e8s une douche chaude. Plus besoin d'essuyer, plus de traces - un reflet impeccable \u00e0 chaque fois.<\/p>\n\n\n\n<p><strong>Des couleurs fid\u00e8les \u00e0 la r\u00e9alit\u00e9 (IRC 90+)<\/strong>: Con\u00e7u pour la pr\u00e9cision. Notre verre haute d\u00e9finition avec un indice de rendu des couleurs (IRC) de 90+ garantit que votre reflet est aussi naturel que la lumi\u00e8re du jour. Parfait pour l'application d'un maquillage impeccable, le toilettage et les soins de la peau.<\/p>\n\n\n\n<p><strong>Imperm\u00e9able \u00e0 l'eau<\/strong>: Con\u00e7u pour l'environnement humide de la salle de bains. Dot\u00e9 d'une technologie de scellement de qualit\u00e9 professionnelle et d'un verre incassable, ce miroir est tr\u00e8s r\u00e9sistant \u00e0 l'eau et \u00e0 la poussi\u00e8re, ce qui garantit des ann\u00e9es d'utilisation en toute s\u00e9curit\u00e9.<\/p>\n\n\n\n<p><strong>Personnalisation OEM\/ODM de premi\u00e8re qualit\u00e9<\/strong>: En tant que fabricant sp\u00e9cialis\u00e9, nous offrons une personnalisation compl\u00e8te. Adaptez les dimensions, l'\u00e9paisseur du verre, la temp\u00e9rature de couleur des LED (CCT) et la disposition du capteur tactile pour r\u00e9pondre aux exigences sp\u00e9cifiques de votre projet ou \u00e0 l'identit\u00e9 de votre marque.<\/p>\n<\/div>\n\n\n\n<div class=\"wp-block-column is-layout-flow wp-block-column-is-layout-flow\"><div class=\"wp-block-image\">\n<figure class=\"aligncenter size-full\"><img decoding=\"async\" width=\"700\" height=\"700\" src=\"https:\/\/www.shouyasanitary.com\/wp-content\/uploads\/2026\/01\/OEM-Mirror-with-Lighting.webp\" alt=\"Miroir OEM avec \u00e9clairage\" class=\"wp-image-2646\" style=\"object-fit:cover\" srcset=\"https:\/\/www.shouyasanitary.com\/wp-content\/uploads\/2026\/01\/OEM-Mirror-with-Lighting.webp 700w, https:\/\/www.shouyasanitary.com\/wp-content\/uploads\/2026\/01\/OEM-Mirror-with-Lighting-300x300.webp 300w, https:\/\/www.shouyasanitary.com\/wp-content\/uploads\/2026\/01\/OEM-Mirror-with-Lighting-150x150.webp 150w, https:\/\/www.shouyasanitary.com\/wp-content\/uploads\/2026\/01\/OEM-Mirror-with-Lighting-12x12.webp 12w, https:\/\/www.shouyasanitary.com\/wp-content\/uploads\/2026\/01\/OEM-Mirror-with-Lighting-600x600.webp 600w, https:\/\/www.shouyasanitary.com\/wp-content\/uploads\/2026\/01\/OEM-Mirror-with-Lighting-100x100.webp 100w\" sizes=\"(max-width: 700px) 100vw, 700px\" \/><\/figure>\n<\/div><\/div>\n<\/div>","protected":false},"excerpt":{"rendered":"<p>Miroir de salle de bain haut de gamme avec r\u00e9tro-\u00e9clairage LED, fonction anti-bu\u00e9e, verre CRI 90+ et mat\u00e9riau imperm\u00e9able. Enti\u00e8rement personnalisable en termes de taille, de temp\u00e9rature de couleur et de commande tactile, il est id\u00e9al pour les h\u00f4tels, les projets r\u00e9sidentiels et les marques OEM. Contactez-nous pour un devis et un catalogue de produits.<\/p>\n<h2>Miroir de salle de bain \u00e9clair\u00e9 Attributs\uff1a<\/h2>\n<p><strong>Mat\u00e9riau :<\/strong>\u00a0Plastique ABS et verre<br \/><strong>Fonction :<\/strong>\u00a0\u00c9clairage tricolore, d\u00e9sembuage par simple pression d'une touche<strong><br \/><\/strong><strong>Dimensions :<\/strong> 60\u00d760 cm<br \/><strong>Miroir \u00c9paisseur :<\/strong>\u00a03,5 mm\/3,8 mm<br \/><strong>Poids brut :<\/strong> 5kg\/PCS<\/p>\n<h2>Personnalisation et services :<\/h2>\n<p><strong>OEM ET ODM<\/strong>: Pris en charge<br \/><strong>Conception<\/strong>: Gratuit<br \/><strong>Emballage<\/strong>: Emballage fixe en mousse multicouche<\/p>","protected":false},"featured_media":2646,"comment_status":"closed","ping_status":"closed","template":"","meta":{"_acf_changed":false},"product_brand":[],"product_cat":[26],"product_tag":[],"class_list":{"0":"post-2642","1":"product","2":"type-product","3":"status-publish","4":"has-post-thumbnail","6":"product_cat-wholesale-bathroom-mirror","8":"first","9":"instock","10":"shipping-taxable","11":"product-type-simple"},"acf":[],"_links":{"self":[{"href":"https:\/\/www.shouyasanitary.com\/fr\/wp-json\/wp\/v2\/product\/2642","targetHints":{"allow":["GET"]}}],"collection":[{"href":"https:\/\/www.shouyasanitary.com\/fr\/wp-json\/wp\/v2\/product"}],"about":[{"href":"https:\/\/www.shouyasanitary.com\/fr\/wp-json\/wp\/v2\/types\/product"}],"replies":[{"embeddable":true,"href":"https:\/\/www.shouyasanitary.com\/fr\/wp-json\/wp\/v2\/comments?post=2642"}],"wp:featuredmedia":[{"embeddable":true,"href":"https:\/\/www.shouyasanitary.com\/fr\/wp-json\/wp\/v2\/media\/2646"}],"wp:attachment":[{"href":"https:\/\/www.shouyasanitary.com\/fr\/wp-json\/wp\/v2\/media?parent=2642"}],"wp:term":[{"taxonomy":"product_brand","embeddable":true,"href":"https:\/\/www.shouyasanitary.com\/fr\/wp-json\/wp\/v2\/product_brand?post=2642"},{"taxonomy":"product_cat","embeddable":true,"href":"https:\/\/www.shouyasanitary.com\/fr\/wp-json\/wp\/v2\/product_cat?post=2642"},{"taxonomy":"product_tag","embeddable":true,"href":"https:\/\/www.shouyasanitary.com\/fr\/wp-json\/wp\/v2\/product_tag?post=2642"}],"curies":[{"name":"wp","href":"https:\/\/api.w.org\/{rel}","templated":true}]}}