{"id":2664,"date":"2026-02-24T09:02:27","date_gmt":"2026-02-24T09:02:27","guid":{"rendered":"https:\/\/www.shouyasanitary.com\/?post_type=product&#038;p=2664"},"modified":"2026-02-24T09:03:37","modified_gmt":"2026-02-24T09:03:37","slug":"custom-led-bathroom-mirror","status":"publish","type":"product","link":"https:\/\/www.shouyasanitary.com\/fr\/produit\/custom-led-bathroom-mirror\/","title":{"rendered":"Miroir de salle de bain LED personnalis\u00e9 Miroir r\u00e9tro-\u00e9clair\u00e9 en forme d'oeuf Miroir moderne en vrac"},"content":{"rendered":"<div class=\"wp-block-columns is-layout-flex wp-container-core-columns-is-layout-9d6595d7 wp-block-columns-is-layout-flex\">\n<div class=\"wp-block-column is-layout-flow wp-block-column-is-layout-flow\">\n<h2 class=\"wp-block-heading\">Caract\u00e9ristiques du miroir de salle de bain LED\uff1a<\/h2>\n\n\n\n<p><strong>\u00c9clairage LED doux et uniforme<\/strong>: Les bandes de LED encastr\u00e9es \u00e0 double couche fournissent un \u00e9clairage uniforme et non \u00e9blouissant. Restaure avec pr\u00e9cision le ton et les d\u00e9tails de la peau du visage, garantissant un maquillage et des soins pr\u00e9cis pour les h\u00f4tels, les projets r\u00e9sidentiels et les commandes OEM de marque.<\/p>\n\n\n\n<p><strong>Design moderne en forme d'\u0153uf :<\/strong> Le contour lisse de l'\u0153uf et les d\u00e9licates bordures dor\u00e9es allient douceur et \u00e9l\u00e9gance. Id\u00e9al pour les salles de bains de style Wabi Sabi, de luxe moderne ou de boutique, il renforce la reconnaissance du style et l'esth\u00e9tique g\u00e9n\u00e9rale du design.<\/p>\n\n\n\n<p><strong>Miroir antibu\u00e9e haute d\u00e9finition<\/strong>: Fabriqu\u00e9 avec un miroir argent\u00e9 de premi\u00e8re qualit\u00e9 et un rev\u00eatement nano anti-bu\u00e9e. Il reste transparent imm\u00e9diatement apr\u00e8s le bain, ce qui permet de se coiffer et de se maquiller instantan\u00e9ment, am\u00e9liorant ainsi l'efficacit\u00e9 des projets commerciaux ou r\u00e9sidentiels.<\/p>\n\n\n\n<p><strong>Personnalisable pour les projets :<\/strong> Dimensions enti\u00e8rement r\u00e9glables, temp\u00e9rature de couleur des LED, commandes tactiles et options de marquage OEM\/ODM, parfaites pour les commandes en gros, les installations h\u00f4teli\u00e8res et les projets de designers.<\/p>\n<\/div>\n\n\n\n<div class=\"wp-block-column is-layout-flow wp-block-column-is-layout-flow\"><div class=\"wp-block-image\">\n<figure class=\"aligncenter size-full\"><img decoding=\"async\" width=\"700\" height=\"700\" src=\"https:\/\/www.shouyasanitary.com\/wp-content\/uploads\/2026\/01\/Wholesale-Mirror.webp\" alt=\"Miroir en gros\" class=\"wp-image-2665\" style=\"object-fit:cover\" srcset=\"https:\/\/www.shouyasanitary.com\/wp-content\/uploads\/2026\/01\/Wholesale-Mirror.webp 700w, https:\/\/www.shouyasanitary.com\/wp-content\/uploads\/2026\/01\/Wholesale-Mirror-300x300.webp 300w, https:\/\/www.shouyasanitary.com\/wp-content\/uploads\/2026\/01\/Wholesale-Mirror-150x150.webp 150w, https:\/\/www.shouyasanitary.com\/wp-content\/uploads\/2026\/01\/Wholesale-Mirror-12x12.webp 12w, https:\/\/www.shouyasanitary.com\/wp-content\/uploads\/2026\/01\/Wholesale-Mirror-600x600.webp 600w, https:\/\/www.shouyasanitary.com\/wp-content\/uploads\/2026\/01\/Wholesale-Mirror-100x100.webp 100w\" sizes=\"(max-width: 700px) 100vw, 700px\" \/><\/figure>\n<\/div><\/div>\n<\/div>","protected":false},"excerpt":{"rendered":"<p data-start=\"91\" data-end=\"360\">Le miroir de salle de bain \u00e0 LED Shouya est dot\u00e9 d'un \u00e9clairage doux et non \u00e9blouissant, d'une surface antibu\u00e9e haute d\u00e9finition et d'\u00e9l\u00e9gantes bordures en forme d'\u0153uf. Enti\u00e8rement personnalisable en termes de taille, de couleur des LED, de commandes tactiles et de marquage OEM\/ODM, il est id\u00e9al pour les h\u00f4tels, les projets r\u00e9sidentiels et les installations de designers. N'h\u00e9sitez pas \u00e0 nous contacter !<\/p>\n<h2>Miroir de salle de bain LED Attributs\uff1a<\/h2>\n<p><strong>Mat\u00e9riau :<\/strong> Cadre et verre en alliage d'aluminium<br \/><strong>Fonction :<\/strong>\u00a0\u00c9clairage tricolore, d\u00e9sembuage par simple pression d'une touche<strong><br \/><\/strong><strong>Dimensions :<\/strong> 50\u00d780 cm<br \/><strong>Miroir \u00c9paisseur :<\/strong>\u00a03,5 mm\/3,8 mm<br \/><strong>Poids brut :<\/strong> 6kg\/PCS<\/p>\n<h2>Personnalisation et services :<\/h2>\n<p><strong>OEM ET ODM<\/strong>: Pris en charge<br \/><strong>Conception<\/strong>: Gratuit<br \/><strong>Emballage<\/strong>: Emballage fixe en mousse multicouche<\/p>","protected":false},"featured_media":2665,"comment_status":"closed","ping_status":"closed","template":"","meta":{"_acf_changed":false},"product_brand":[],"product_cat":[26],"product_tag":[],"class_list":{"0":"post-2664","1":"product","2":"type-product","3":"status-publish","4":"has-post-thumbnail","6":"product_cat-wholesale-bathroom-mirror","8":"first","9":"instock","10":"shipping-taxable","11":"product-type-simple"},"acf":[],"_links":{"self":[{"href":"https:\/\/www.shouyasanitary.com\/fr\/wp-json\/wp\/v2\/product\/2664","targetHints":{"allow":["GET"]}}],"collection":[{"href":"https:\/\/www.shouyasanitary.com\/fr\/wp-json\/wp\/v2\/product"}],"about":[{"href":"https:\/\/www.shouyasanitary.com\/fr\/wp-json\/wp\/v2\/types\/product"}],"replies":[{"embeddable":true,"href":"https:\/\/www.shouyasanitary.com\/fr\/wp-json\/wp\/v2\/comments?post=2664"}],"wp:featuredmedia":[{"embeddable":true,"href":"https:\/\/www.shouyasanitary.com\/fr\/wp-json\/wp\/v2\/media\/2665"}],"wp:attachment":[{"href":"https:\/\/www.shouyasanitary.com\/fr\/wp-json\/wp\/v2\/media?parent=2664"}],"wp:term":[{"taxonomy":"product_brand","embeddable":true,"href":"https:\/\/www.shouyasanitary.com\/fr\/wp-json\/wp\/v2\/product_brand?post=2664"},{"taxonomy":"product_cat","embeddable":true,"href":"https:\/\/www.shouyasanitary.com\/fr\/wp-json\/wp\/v2\/product_cat?post=2664"},{"taxonomy":"product_tag","embeddable":true,"href":"https:\/\/www.shouyasanitary.com\/fr\/wp-json\/wp\/v2\/product_tag?post=2664"}],"curies":[{"name":"wp","href":"https:\/\/api.w.org\/{rel}","templated":true}]}}