{"id":2668,"date":"2026-03-14T03:12:50","date_gmt":"2026-03-14T03:12:50","guid":{"rendered":"https:\/\/www.shouyasanitary.com\/?post_type=product&#038;p=2668"},"modified":"2026-03-14T03:17:48","modified_gmt":"2026-03-14T03:17:48","slug":"custom-round-led-bathroom-mirror","status":"publish","type":"product","link":"https:\/\/www.shouyasanitary.com\/fr\/produit\/custom-round-led-bathroom-mirror\/","title":{"rendered":"Miroir de salle de bain LED rond, miroir mural de salle de bain avec lumi\u00e8re pour h\u00f4tel Fournisseur"},"content":{"rendered":"<div class=\"wp-block-columns is-layout-flex wp-container-core-columns-is-layout-9d6595d7 wp-block-columns-is-layout-flex\">\n<div class=\"wp-block-column is-layout-flow wp-block-column-is-layout-flow\">\n<h2 class=\"wp-block-heading\">Miroir de salle de bain LED rond Caract\u00e9ristiques\uff1a<\/h2>\n\n\n\n<p><strong>Source de lumi\u00e8re ambiante circulaire : <\/strong>Le miroir LED rond adopte une bande lumineuse circulaire int\u00e9gr\u00e9e, et la lumi\u00e8re est diffus\u00e9e uniform\u00e9ment apr\u00e8s avoir \u00e9t\u00e9 adoucie par la bordure mate. Il peut \u00eatre utilis\u00e9 comme source de lumi\u00e8re suppl\u00e9mentaire pour le maquillage ou comme lumi\u00e8re d'ambiance dans la salle de bains, ajoutant une couche de chaleur \u00e0 un espace aux tons froids et mettant fin \u00e0 la monotonie de la zone de lavage.<\/p>\n\n\n\n<p><strong>Design minimaliste \u00e0 bords \u00e9troits : <\/strong>Les bordures \u00e9troites en noir mat associ\u00e9es \u00e0 des contours circulaires nets affaiblissent la lourdeur des miroirs, ce qui les rend non seulement adapt\u00e9s aux salles de bains modernes et minimalistes, mais aussi int\u00e9gr\u00e9s dans des sc\u00e8nes transfrontali\u00e8res telles que les salons de th\u00e9 des bureaux et les espaces de loisirs, combinant praticit\u00e9 et d\u00e9coration, devenant ainsi un point fort visuel dans l'espace.<\/p>\n\n\n\n<p><strong>Qualit\u00e9 d'image haute d\u00e9finition :<\/strong>\u00a0Fabriqu\u00e9 en miroir argent\u00e9 \u00e0 haute transparence, l'image est exempte de distorsion et peut restituer clairement la texture de la peau du visage et les d\u00e9tails du maquillage. Lors des soins quotidiens de la peau ou de la coiffure, il n'est pas n\u00e9cessaire de s'approcher pour voir les d\u00e9tails, ce qui am\u00e9liore l'efficacit\u00e9 et l'exp\u00e9rience du lavage et du maquillage.<\/p>\n\n\n\n<p><strong>Service de vente en gros personnalis\u00e9<\/strong>: Permet la personnalisation de la taille, de l'\u00e9clairage, des mat\u00e9riaux, etc., en provenance directe de l'usine, avec une capacit\u00e9 de production et un contr\u00f4le de qualit\u00e9 stables, afin de r\u00e9pondre aux besoins des clients B2B en mati\u00e8re d'achats en gros et d'achats transfrontaliers.<\/p>\n<\/div>\n\n\n\n<div class=\"wp-block-column is-layout-flow wp-block-column-is-layout-flow\"><div class=\"wp-block-image\">\n<figure class=\"aligncenter size-full\"><img decoding=\"async\" width=\"700\" height=\"700\" src=\"https:\/\/www.shouyasanitary.com\/wp-content\/uploads\/2026\/01\/Custom-Solutions-with-mirror-1.webp\" alt=\"Solutions sur mesure avec miroir\" class=\"wp-image-2669\" style=\"object-fit:cover\" srcset=\"https:\/\/www.shouyasanitary.com\/wp-content\/uploads\/2026\/01\/Custom-Solutions-with-mirror-1.webp 700w, https:\/\/www.shouyasanitary.com\/wp-content\/uploads\/2026\/01\/Custom-Solutions-with-mirror-1-300x300.webp 300w, https:\/\/www.shouyasanitary.com\/wp-content\/uploads\/2026\/01\/Custom-Solutions-with-mirror-1-150x150.webp 150w, https:\/\/www.shouyasanitary.com\/wp-content\/uploads\/2026\/01\/Custom-Solutions-with-mirror-1-12x12.webp 12w, https:\/\/www.shouyasanitary.com\/wp-content\/uploads\/2026\/01\/Custom-Solutions-with-mirror-1-600x600.webp 600w, https:\/\/www.shouyasanitary.com\/wp-content\/uploads\/2026\/01\/Custom-Solutions-with-mirror-1-100x100.webp 100w\" sizes=\"(max-width: 700px) 100vw, 700px\" \/><\/figure>\n<\/div><\/div>\n<\/div>\n\n\n\n<p><\/p>","protected":false},"excerpt":{"rendered":"<p>Le miroir de salle de bain LED rond personnalis\u00e9 de Shouya est dot\u00e9 d'une bande lumineuse ambiante en forme d'anneau, d'un cadre \u00e9troit noir mat et d'une image haute d\u00e9finition. La personnalisation et la vente en gros sont possibles. Il convient aux salles de bains, aux salles de repos des bureaux et \u00e0 d'autres endroits. Contactez-nous pour obtenir un devis et un catalogue de produits.<\/p>\n<h2>Miroir de salle de bain LED rond Attributs\uff1a<\/h2>\n<p><strong>Mat\u00e9riau :<\/strong>\u00a0Plastique ABS et verre<br \/><strong>Fonction :<\/strong>\u00a0\u00c9clairage tricolore, d\u00e9sembuage par simple pression d'une touche<strong><br \/><\/strong><strong>Dimensions :<\/strong> 60\u00d760 cm<br \/><strong>Miroir \u00c9paisseur :<\/strong>\u00a03,5 mm\/3,8 mm<br \/><strong>Poids brut :<\/strong> 5kg\/PCS<\/p>\n<h2>Personnalisation et services :<\/h2>\n<p><strong>OEM ET ODM<\/strong>: Pris en charge<br \/><strong>Conception<\/strong>: Gratuit<br \/><strong>Emballage<\/strong>: Emballage fixe en mousse multicouche<\/p>","protected":false},"featured_media":2669,"comment_status":"closed","ping_status":"closed","template":"","meta":{"_acf_changed":false},"product_brand":[],"product_cat":[26],"product_tag":[],"class_list":{"0":"post-2668","1":"product","2":"type-product","3":"status-publish","4":"has-post-thumbnail","6":"product_cat-wholesale-bathroom-mirror","8":"first","9":"instock","10":"shipping-taxable","11":"product-type-simple"},"acf":[],"_links":{"self":[{"href":"https:\/\/www.shouyasanitary.com\/fr\/wp-json\/wp\/v2\/product\/2668","targetHints":{"allow":["GET"]}}],"collection":[{"href":"https:\/\/www.shouyasanitary.com\/fr\/wp-json\/wp\/v2\/product"}],"about":[{"href":"https:\/\/www.shouyasanitary.com\/fr\/wp-json\/wp\/v2\/types\/product"}],"replies":[{"embeddable":true,"href":"https:\/\/www.shouyasanitary.com\/fr\/wp-json\/wp\/v2\/comments?post=2668"}],"wp:featuredmedia":[{"embeddable":true,"href":"https:\/\/www.shouyasanitary.com\/fr\/wp-json\/wp\/v2\/media\/2669"}],"wp:attachment":[{"href":"https:\/\/www.shouyasanitary.com\/fr\/wp-json\/wp\/v2\/media?parent=2668"}],"wp:term":[{"taxonomy":"product_brand","embeddable":true,"href":"https:\/\/www.shouyasanitary.com\/fr\/wp-json\/wp\/v2\/product_brand?post=2668"},{"taxonomy":"product_cat","embeddable":true,"href":"https:\/\/www.shouyasanitary.com\/fr\/wp-json\/wp\/v2\/product_cat?post=2668"},{"taxonomy":"product_tag","embeddable":true,"href":"https:\/\/www.shouyasanitary.com\/fr\/wp-json\/wp\/v2\/product_tag?post=2668"}],"curies":[{"name":"wp","href":"https:\/\/api.w.org\/{rel}","templated":true}]}}