{"id":2672,"date":"2026-03-14T03:36:27","date_gmt":"2026-03-14T03:36:27","guid":{"rendered":"https:\/\/www.shouyasanitary.com\/?post_type=product&#038;p=2672"},"modified":"2026-03-14T03:37:24","modified_gmt":"2026-03-14T03:37:24","slug":"custom-mirrors-for-bathroom","status":"publish","type":"product","link":"https:\/\/www.shouyasanitary.com\/fr\/produit\/custom-mirrors-for-bathroom\/","title":{"rendered":"Miroirs personnalis\u00e9s pour la salle de bain, Luxurious Floral LED Smart Mirror with Gold Aluminum in Bulk"},"content":{"rendered":"<div class=\"wp-block-columns is-layout-flex wp-container-core-columns-is-layout-9d6595d7 wp-block-columns-is-layout-flex\">\n<div class=\"wp-block-column is-layout-flow wp-block-column-is-layout-flow\">\n<h2 class=\"wp-block-heading\">Caract\u00e9ristiques des miroirs pour salle de bains\uff1a<\/h2>\n\n\n\n<p><strong>Luxe Apparence artistique<\/strong>: Un cadre en aluminium dor\u00e9 avec des d\u00e9tails en forme de p\u00e9tales et des lignes rayonnantes cr\u00e9e un look qui allie le luxe et l'art, compl\u00e9tant diff\u00e9rents styles de d\u00e9coration int\u00e9rieure et devenant un point de mire visuel.<\/p>\n\n\n\n<p><strong>\u00c9clairage \u00e0 gradation intelligente :<\/strong> La bande LED permet une commutation en trois couleurs, offrant une lumi\u00e8re uniforme et douce. Un bouton marche\/arr\u00eat et une pression longue pour r\u00e9gler la luminosit\u00e9 permettent d'obtenir un teint et des d\u00e9tails de maquillage clairs lors de l'application et du soin de la peau.<\/p>\n\n\n\n<p><strong>Imagerie haute d\u00e9finition et durable<\/strong>: Gr\u00e2ce \u00e0 un miroir argent\u00e9 haute d\u00e9finition, l'image est claire et sans distorsion, restituant l'aspect r\u00e9el. Le cadre en aluminium est r\u00e9sistant \u00e0 l'humidit\u00e9 et \u00e0 la rouille, ce qui permet une utilisation \u00e0 long terme dans les salles de bains humides.<\/p>\n\n\n\n<p><strong>Adaptabilit\u00e9 personnalisable :<\/strong> Permet de personnaliser la taille, l'\u00e9clairage et les d\u00e9tails de l'apparence pour r\u00e9pondre aux besoins des grossistes B2B et de la d\u00e9coration personnalis\u00e9e, en \u00e9quilibrant l'esth\u00e9tique et la praticit\u00e9.<\/p>\n\n\n\n<p><strong>Compatibilit\u00e9 avec les sc\u00e8nes polyvalentes : <\/strong>Il convient pour la toilette et le maquillage dans la salle de bains, mais aussi comme miroir d\u00e9coratif dans les entr\u00e9es et les salons. Il s'adapte parfaitement aux diff\u00e9rents styles d'espaces tels que le luxe, le naturel et le moderne.<\/p>\n<\/div>\n\n\n\n<div class=\"wp-block-column is-layout-flow wp-block-column-is-layout-flow\"><div class=\"wp-block-image\">\n<figure class=\"aligncenter size-full\"><img decoding=\"async\" width=\"700\" height=\"700\" src=\"https:\/\/www.shouyasanitary.com\/wp-content\/uploads\/2026\/01\/oem-purchase-smart-mirror-with-3-color.webp\" alt=\"oem purchase smart mirror with 3 color\" class=\"wp-image-2674\" style=\"object-fit:cover\" srcset=\"https:\/\/www.shouyasanitary.com\/wp-content\/uploads\/2026\/01\/oem-purchase-smart-mirror-with-3-color.webp 700w, https:\/\/www.shouyasanitary.com\/wp-content\/uploads\/2026\/01\/oem-purchase-smart-mirror-with-3-color-300x300.webp 300w, https:\/\/www.shouyasanitary.com\/wp-content\/uploads\/2026\/01\/oem-purchase-smart-mirror-with-3-color-150x150.webp 150w, https:\/\/www.shouyasanitary.com\/wp-content\/uploads\/2026\/01\/oem-purchase-smart-mirror-with-3-color-12x12.webp 12w, https:\/\/www.shouyasanitary.com\/wp-content\/uploads\/2026\/01\/oem-purchase-smart-mirror-with-3-color-600x600.webp 600w, https:\/\/www.shouyasanitary.com\/wp-content\/uploads\/2026\/01\/oem-purchase-smart-mirror-with-3-color-100x100.webp 100w\" sizes=\"(max-width: 700px) 100vw, 700px\" \/><\/figure>\n<\/div><\/div>\n<\/div>","protected":false},"excerpt":{"rendered":"<p>Les miroirs personnalis\u00e9s pour la salle de bains sont dot\u00e9s d'un cadre luxueux en aluminium dor\u00e9 en forme de p\u00e9tale, d'un \u00e9clairage LED tricolore \u00e0 intensit\u00e9 variable et d'un miroir argent\u00e9 haute d\u00e9finition, offrant une image claire et une illumination \u00e9l\u00e9gante pour les salles de bains modernes. Approvisionnement direct de l'usine avec des options de taille et d'\u00e9clairage personnalisables. Contactez-nous pour conna\u00eetre les prix de gros et les d\u00e9tails de la personnalisation.<\/p>\n<h2>Miroirs de salle de bains Attributs\uff1a<\/h2>\n<p><strong>Mat\u00e9riau :<\/strong>\u00a0Plastique ABS et verre<br \/><strong>Fonction :<\/strong>\u00a0\u00c9clairage tricolore, d\u00e9sembuage par simple pression d'une touche<strong><br \/><\/strong><strong>Dimensions :<\/strong> 60\u00d760 cm<br \/><strong>Miroir \u00c9paisseur :<\/strong>\u00a03,5 mm\/3,8 mm<br \/><strong>Poids brut :<\/strong> 5kg\/PCS<\/p>\n<h2>Personnalisation et services :<\/h2>\n<p><strong>OEM ET ODM<\/strong>: Pris en charge<br \/><strong>Conception<\/strong>: Gratuit<br \/><strong>Emballage<\/strong>: Emballage fixe en mousse multicouche<\/p>","protected":false},"featured_media":2674,"comment_status":"closed","ping_status":"closed","template":"","meta":{"_acf_changed":false},"product_brand":[],"product_cat":[26],"product_tag":[],"class_list":{"0":"post-2672","1":"product","2":"type-product","3":"status-publish","4":"has-post-thumbnail","6":"product_cat-wholesale-bathroom-mirror","8":"first","9":"instock","10":"shipping-taxable","11":"product-type-simple"},"acf":[],"_links":{"self":[{"href":"https:\/\/www.shouyasanitary.com\/fr\/wp-json\/wp\/v2\/product\/2672","targetHints":{"allow":["GET"]}}],"collection":[{"href":"https:\/\/www.shouyasanitary.com\/fr\/wp-json\/wp\/v2\/product"}],"about":[{"href":"https:\/\/www.shouyasanitary.com\/fr\/wp-json\/wp\/v2\/types\/product"}],"replies":[{"embeddable":true,"href":"https:\/\/www.shouyasanitary.com\/fr\/wp-json\/wp\/v2\/comments?post=2672"}],"wp:featuredmedia":[{"embeddable":true,"href":"https:\/\/www.shouyasanitary.com\/fr\/wp-json\/wp\/v2\/media\/2674"}],"wp:attachment":[{"href":"https:\/\/www.shouyasanitary.com\/fr\/wp-json\/wp\/v2\/media?parent=2672"}],"wp:term":[{"taxonomy":"product_brand","embeddable":true,"href":"https:\/\/www.shouyasanitary.com\/fr\/wp-json\/wp\/v2\/product_brand?post=2672"},{"taxonomy":"product_cat","embeddable":true,"href":"https:\/\/www.shouyasanitary.com\/fr\/wp-json\/wp\/v2\/product_cat?post=2672"},{"taxonomy":"product_tag","embeddable":true,"href":"https:\/\/www.shouyasanitary.com\/fr\/wp-json\/wp\/v2\/product_tag?post=2672"}],"curies":[{"name":"wp","href":"https:\/\/api.w.org\/{rel}","templated":true}]}}