{"id":2673,"date":"2026-03-14T04:01:50","date_gmt":"2026-03-14T04:01:50","guid":{"rendered":"https:\/\/www.shouyasanitary.com\/?post_type=product&#038;p=2673"},"modified":"2026-03-14T06:13:34","modified_gmt":"2026-03-14T06:13:34","slug":"custom-bathroom-mirror-with-lights","status":"publish","type":"product","link":"https:\/\/www.shouyasanitary.com\/fr\/produit\/custom-bathroom-mirror-with-lights\/","title":{"rendered":"Miroir de salle de bain avec \u00e9clairage, miroir de maquillage circulaire \u00e0 LED avec \u00e9clairage 3 couleurs Wholesale"},"content":{"rendered":"<div class=\"wp-block-columns is-layout-flex wp-container-core-columns-is-layout-9d6595d7 wp-block-columns-is-layout-flex\">\n<div class=\"wp-block-column is-layout-flow wp-block-column-is-layout-flow\">\n<h2 class=\"wp-block-heading\">Miroir de salle de bain avec \u00e9clairage Caract\u00e9ristiques\uff1a<\/h2>\n\n\n\n<p><strong>Anneau lumineux au design hollywoodien classique<\/strong>: Des ampoules LED haute luminosit\u00e9 entourent le miroir, r\u00e9parties uniform\u00e9ment et sans \u00e9blouissement, reproduisant l'atmosph\u00e8re d'une loge de c\u00e9l\u00e9brit\u00e9. Miroir d'excellente qualit\u00e9, alliant l'aspect pratique \u00e0 la beaut\u00e9 et \u00e0 la d\u00e9coration d'int\u00e9rieur.<\/p>\n\n\n\n<p><strong>Temp\u00e9rature tricolore Gradation intelligente<\/strong>: Un seul bouton permet de basculer entre la lumi\u00e8re froide (6000K), la lumi\u00e8re naturelle (4500K) et la lumi\u00e8re chaude (3000K). Les commandes tactiles \u00e0 pression prolong\u00e9e ajustent la luminosit\u00e9, simulant diff\u00e9rents sc\u00e9narios d'\u00e9clairage pour r\u00e9pondre aux besoins des d\u00e9placements, du bureau et des soins de la peau.<\/p>\n\n\n\n<p><strong>Installation bimode pour une plus grande flexibilit\u00e9<\/strong>: Il est possible de l'installer au mur ou sur un bureau. L'installation murale permet d'\u00e9conomiser de l'espace dans la salle de bains, tandis que le bureau est mobile pour les tables de toilette. Des accessoires complets facilitent l'installation et permettent de r\u00e9pondre \u00e0 diff\u00e9rents sc\u00e9narios d'utilisation.<\/p>\n\n\n\n<p><strong>S\u00fbr, durable et rentable :<\/strong> Le miroir est en verre antid\u00e9flagrant pour une s\u00e9curit\u00e9 accrue. L'utilisation \u00e0 long terme \u00e9limine le besoin de remplacements fr\u00e9quents, ce qui offre une grande durabilit\u00e9 et un excellent rapport co\u00fbt-efficacit\u00e9.<\/p>\n\n\n\n<p><strong>Personnalisation et soutien aux grossistes<\/strong>: Permet de personnaliser la taille, le nombre d'ampoules LED et les d\u00e9tails de l'apparence. L'approvisionnement direct de l'usine garantit un contr\u00f4le de qualit\u00e9 stable, r\u00e9pondant aux besoins d'achat en gros des grossistes, des distributeurs et des projets d'am\u00e9lioration de la maison.<\/p>\n<\/div>\n\n\n\n<div class=\"wp-block-column is-layout-flow wp-block-column-is-layout-flow\"><div class=\"wp-block-image\">\n<figure class=\"aligncenter size-full\"><img decoding=\"async\" width=\"700\" height=\"700\" src=\"https:\/\/www.shouyasanitary.com\/wp-content\/uploads\/2026\/01\/wholesale-led-Hollywood-lamp-ring-design-mirror.webp\" alt=\"grossiste lampe led hollywoodienne anneau design miroir\" class=\"wp-image-2677\" style=\"object-fit:cover\" srcset=\"https:\/\/www.shouyasanitary.com\/wp-content\/uploads\/2026\/01\/wholesale-led-Hollywood-lamp-ring-design-mirror.webp 700w, https:\/\/www.shouyasanitary.com\/wp-content\/uploads\/2026\/01\/wholesale-led-Hollywood-lamp-ring-design-mirror-300x300.webp 300w, https:\/\/www.shouyasanitary.com\/wp-content\/uploads\/2026\/01\/wholesale-led-Hollywood-lamp-ring-design-mirror-150x150.webp 150w, https:\/\/www.shouyasanitary.com\/wp-content\/uploads\/2026\/01\/wholesale-led-Hollywood-lamp-ring-design-mirror-12x12.webp 12w, https:\/\/www.shouyasanitary.com\/wp-content\/uploads\/2026\/01\/wholesale-led-Hollywood-lamp-ring-design-mirror-600x600.webp 600w, https:\/\/www.shouyasanitary.com\/wp-content\/uploads\/2026\/01\/wholesale-led-Hollywood-lamp-ring-design-mirror-100x100.webp 100w\" sizes=\"(max-width: 700px) 100vw, 700px\" \/><\/figure>\n<\/div><\/div>\n<\/div>","protected":false},"excerpt":{"rendered":"<p>Le miroir de salle de bains personnalis\u00e9 avec \u00e9clairage est dot\u00e9 d'un anneau d'ampoules LED de style hollywoodien et d'un \u00e9clairage \u00e0 trois couleurs graduables pour un \u00e9clairage lumineux et uniforme. Installation murale ou sur table avec options personnalisables. Contactez-nous pour toute demande de renseignements concernant la vente en gros.<\/p>\n<h2>Miroir de salle de bain avec \u00e9clairage Attributs\uff1a<\/h2>\n<p><strong><br \/>Mat\u00e9riau :<\/strong> Plastique ABS et verre<br \/><strong>Fonction :<\/strong> \u00c9clairage tricolore, d\u00e9sembuage par simple pression d'une touche<strong><br \/><\/strong><strong>Dimensions :<\/strong> 70\u00d770 cm<br \/><strong>Miroir \u00c9paisseur :<\/strong> 3,5 mm\/3,8 mm<br \/><strong>Poids brut :<\/strong> 7kg\/PCS<\/p>\n<h2>Personnalisation et services :<\/h2>\n<p><strong>OEM ET ODM<\/strong>: Pris en charge<br \/><strong>Conception<\/strong>: Gratuit<br \/><strong>Emballage<\/strong>: Emballage fixe en mousse multicouche<\/p>","protected":false},"featured_media":2677,"comment_status":"closed","ping_status":"closed","template":"","meta":{"_acf_changed":false},"product_brand":[],"product_cat":[26],"product_tag":[],"class_list":{"0":"post-2673","1":"product","2":"type-product","3":"status-publish","4":"has-post-thumbnail","6":"product_cat-wholesale-bathroom-mirror","8":"first","9":"instock","10":"shipping-taxable","11":"product-type-simple"},"acf":[],"_links":{"self":[{"href":"https:\/\/www.shouyasanitary.com\/fr\/wp-json\/wp\/v2\/product\/2673","targetHints":{"allow":["GET"]}}],"collection":[{"href":"https:\/\/www.shouyasanitary.com\/fr\/wp-json\/wp\/v2\/product"}],"about":[{"href":"https:\/\/www.shouyasanitary.com\/fr\/wp-json\/wp\/v2\/types\/product"}],"replies":[{"embeddable":true,"href":"https:\/\/www.shouyasanitary.com\/fr\/wp-json\/wp\/v2\/comments?post=2673"}],"wp:featuredmedia":[{"embeddable":true,"href":"https:\/\/www.shouyasanitary.com\/fr\/wp-json\/wp\/v2\/media\/2677"}],"wp:attachment":[{"href":"https:\/\/www.shouyasanitary.com\/fr\/wp-json\/wp\/v2\/media?parent=2673"}],"wp:term":[{"taxonomy":"product_brand","embeddable":true,"href":"https:\/\/www.shouyasanitary.com\/fr\/wp-json\/wp\/v2\/product_brand?post=2673"},{"taxonomy":"product_cat","embeddable":true,"href":"https:\/\/www.shouyasanitary.com\/fr\/wp-json\/wp\/v2\/product_cat?post=2673"},{"taxonomy":"product_tag","embeddable":true,"href":"https:\/\/www.shouyasanitary.com\/fr\/wp-json\/wp\/v2\/product_tag?post=2673"}],"curies":[{"name":"wp","href":"https:\/\/api.w.org\/{rel}","templated":true}]}}