{"id":2728,"date":"2026-03-14T07:59:38","date_gmt":"2026-03-14T07:59:38","guid":{"rendered":"https:\/\/www.shouyasanitary.com\/?post_type=product&#038;p=2728"},"modified":"2026-03-14T08:03:50","modified_gmt":"2026-03-14T08:03:50","slug":"free-standing-bathroom-vanities-custom","status":"publish","type":"product","link":"https:\/\/www.shouyasanitary.com\/fr\/produit\/free-standing-bathroom-vanities-custom\/","title":{"rendered":"Vanit\u00e9s de salle de bain sur pied Custom, Brown Bathroom Cabinets with Mirror Double Drawers Wholesale"},"content":{"rendered":"<div class=\"wp-block-columns is-layout-flex wp-container-core-columns-is-layout-9d6595d7 wp-block-columns-is-layout-flex\">\n<div class=\"wp-block-column is-layout-flow wp-block-column-is-layout-flow\">\n<h2 class=\"wp-block-heading\">Vanit\u00e9s de salle de bain sur pied Caract\u00e9ristiques\uff1a<\/h2>\n\n\n\n<p><strong>Palette de couleurs polyvalente<\/strong>: Les tons bruns neutres se marient parfaitement avec n'importe quel d\u00e9cor, serviettes, tapis ou \u0153uvres d'art, cr\u00e9ant ainsi une atmosph\u00e8re sereine, semblable \u00e0 celle d'un spa dans la salle de bains.<\/p>\n\n\n\n<p><strong>Double tiroir spacieux<\/strong>: Deux tiroirs \u00e0 sortie totale offrent un vaste espace de rangement pour les articles de toilette, les serviettes, les s\u00e8che-cheveux, les produits cosm\u00e9tiques et les produits d'entretien, ce qui permet d'\u00e9viter d'encombrer les comptoirs.<\/p>\n\n\n\n<p><strong>Cuvette en c\u00e9ramique de premi\u00e8re qualit\u00e9 :<\/strong> Le bassin en c\u00e9ramique blanche cuite \u00e0 haute temp\u00e9rature est sans joint, r\u00e9sistant aux rayures et facile \u00e0 nettoyer, ce qui garantit une durabilit\u00e9 et une hygi\u00e8ne durables.<\/p>\n\n\n\n<p><strong>L\u00e9ger et facile \u00e0 installer<\/strong>: La l\u00e9g\u00e8ret\u00e9 de l'armoire facilite la manipulation, le montage mural et l'installation. Son faible poids \u00e0 l'exp\u00e9dition r\u00e9duit les co\u00fbts de logistique et de stockage transfrontaliers.<\/p>\n\n\n\n<p><strong>OEM\/ODM Personnalisation :<\/strong> Shouya prend en charge la fabrication en sous-traitance sp\u00e9cifique \u00e0 une marque gr\u00e2ce \u00e0 des options de conception flexibles pour les logos et les d\u00e9tails des produits, ce qui est id\u00e9al pour \u00e9tablir ou d\u00e9velopper des lignes de marque B2B.<\/p>\n<\/div>\n\n\n\n<div class=\"wp-block-column is-layout-flow wp-block-column-is-layout-flow\"><div class=\"wp-block-image\">\n<figure class=\"aligncenter size-full\"><img decoding=\"async\" width=\"700\" height=\"700\" src=\"https:\/\/www.shouyasanitary.com\/wp-content\/uploads\/2026\/03\/wholesale-floor-standing-cabinet.webp\" alt=\"armoire sur pied en gros\" class=\"wp-image-2729\" style=\"object-fit:cover\" srcset=\"https:\/\/www.shouyasanitary.com\/wp-content\/uploads\/2026\/03\/wholesale-floor-standing-cabinet.webp 700w, https:\/\/www.shouyasanitary.com\/wp-content\/uploads\/2026\/03\/wholesale-floor-standing-cabinet-300x300.webp 300w, https:\/\/www.shouyasanitary.com\/wp-content\/uploads\/2026\/03\/wholesale-floor-standing-cabinet-150x150.webp 150w, https:\/\/www.shouyasanitary.com\/wp-content\/uploads\/2026\/03\/wholesale-floor-standing-cabinet-12x12.webp 12w, https:\/\/www.shouyasanitary.com\/wp-content\/uploads\/2026\/03\/wholesale-floor-standing-cabinet-600x600.webp 600w, https:\/\/www.shouyasanitary.com\/wp-content\/uploads\/2026\/03\/wholesale-floor-standing-cabinet-100x100.webp 100w\" sizes=\"(max-width: 700px) 100vw, 700px\" \/><\/figure>\n<\/div><\/div>\n<\/div>","protected":false},"excerpt":{"rendered":"<p>Les meubles de salle de bains sur pied personnalis\u00e9s pr\u00e9sentent une finition marron neutre, deux tiroirs spacieux et une vasque en c\u00e9ramique durable. L\u00e9ger, facile \u00e0 installer et personnalisable selon les normes OEM\/ODM. Contactez-nous pour toute demande de renseignements sur la vente en gros et les d\u00e9tails du catalogue.<\/p>\n<h2>Vanit\u00e9s de salle de bain sur pied Attributs\uff1a<\/h2>\n<p><strong>Mod\u00e8le\uff1a<\/strong>SYY26BA14<br \/><strong>Mat\u00e9riau de l'armoire :<\/strong> PVC<br \/><strong>Couleur de l'armoire :<\/strong> Marron<br \/><strong>Miroir :<\/strong> Miroir LED (3,5 mm\/3,8 mm), \u00e9clairage tricolore, d\u00e9sembuage par simple pression d'une touche, s\u00e9curis\u00e9 par un emballage en mousse multicouche.<br \/><strong>Type d'installation :<\/strong> Au sol<br \/><strong>Dimensions (L\u00d7L\u00d7H) :<\/strong> 50x47x70 cm<br \/><strong>Poids brut :<\/strong> 30kg\/set<\/p>\n<h2>Personnalisation et services :<\/h2>\n<p><strong>OEM ET ODM<\/strong>: Pris en charge<br \/><strong>Conception<\/strong>: Gratuit<br \/><strong>Accessoires<\/strong>: Lavabos, miroirs, robinets et autres accessoires de salle de bains<br \/><strong>Emballage<\/strong>: Pr\u00eat \u00e0 monter<\/p>","protected":false},"featured_media":2729,"comment_status":"closed","ping_status":"closed","template":"","meta":{"_acf_changed":false},"product_brand":[],"product_cat":[24],"product_tag":[],"class_list":{"0":"post-2728","1":"product","2":"type-product","3":"status-publish","4":"has-post-thumbnail","6":"product_cat-wholesale-pvc-bathroom-vanity-cabinets","8":"first","9":"instock","10":"shipping-taxable","11":"product-type-simple"},"acf":[],"_links":{"self":[{"href":"https:\/\/www.shouyasanitary.com\/fr\/wp-json\/wp\/v2\/product\/2728","targetHints":{"allow":["GET"]}}],"collection":[{"href":"https:\/\/www.shouyasanitary.com\/fr\/wp-json\/wp\/v2\/product"}],"about":[{"href":"https:\/\/www.shouyasanitary.com\/fr\/wp-json\/wp\/v2\/types\/product"}],"replies":[{"embeddable":true,"href":"https:\/\/www.shouyasanitary.com\/fr\/wp-json\/wp\/v2\/comments?post=2728"}],"wp:featuredmedia":[{"embeddable":true,"href":"https:\/\/www.shouyasanitary.com\/fr\/wp-json\/wp\/v2\/media\/2729"}],"wp:attachment":[{"href":"https:\/\/www.shouyasanitary.com\/fr\/wp-json\/wp\/v2\/media?parent=2728"}],"wp:term":[{"taxonomy":"product_brand","embeddable":true,"href":"https:\/\/www.shouyasanitary.com\/fr\/wp-json\/wp\/v2\/product_brand?post=2728"},{"taxonomy":"product_cat","embeddable":true,"href":"https:\/\/www.shouyasanitary.com\/fr\/wp-json\/wp\/v2\/product_cat?post=2728"},{"taxonomy":"product_tag","embeddable":true,"href":"https:\/\/www.shouyasanitary.com\/fr\/wp-json\/wp\/v2\/product_tag?post=2728"}],"curies":[{"name":"wp","href":"https:\/\/api.w.org\/{rel}","templated":true}]}}