{"id":2732,"date":"2026-03-14T07:28:07","date_gmt":"2026-03-14T07:28:07","guid":{"rendered":"https:\/\/www.shouyasanitary.com\/?post_type=product&#038;p=2732"},"modified":"2026-03-14T07:29:24","modified_gmt":"2026-03-14T07:29:24","slug":"custom-wall-bathroom-cabinets","status":"publish","type":"product","link":"https:\/\/www.shouyasanitary.com\/fr\/produit\/custom-wall-bathroom-cabinets\/","title":{"rendered":"Meubles de salle de bains sur mesure, Meuble de salle de bains moderne blanc \u00e0 double \u00e9paisseur Fournisseur"},"content":{"rendered":"<div class=\"wp-block-columns is-layout-flex wp-container-core-columns-is-layout-9d6595d7 wp-block-columns-is-layout-flex\">\n<div class=\"wp-block-column is-layout-flow wp-block-column-is-layout-flow\">\n<h2 class=\"wp-block-heading\">Armoires de toilette murales Caract\u00e9ristiques\uff1a<\/h2>\n\n\n\n<p><strong>\u00c9l\u00e9gant et spacieux :<\/strong>\u00a0Maximisez l'espace au sol avec ce mod\u00e8le minimaliste.\u00a0<strong>meuble-lavabo suspendu<\/strong>. La finition blanche nette cr\u00e9e un look a\u00e9r\u00e9 et propre.<\/p>\n\n\n\n<p><strong>Stockage astucieux :<\/strong>\u00a0Deux tiroirs profonds \u00e0 fermeture progressive offrent un vaste espace de rangement cach\u00e9 pour \u00e9viter l'encombrement des plans de travail.<\/p>\n\n\n\n<p><strong>Magnifique miroir :<\/strong>\u00a0Le miroir inclus a un design fonctionnel et d\u00e9coratif, \u00e9quip\u00e9 d'un \u00e9clairage LED, et est con\u00e7u pour \u00eatre la pi\u00e8ce ma\u00eetresse du mur de la salle de bains.<\/p>\n\n\n\n<p><strong>Sant\u00e9 et s\u00e9curit\u00e9<\/strong>: Panneaux en PVC respectueux de l'environnement, sans formald\u00e9hyde, sans odeur, pr\u00eats \u00e0 l'emploi apr\u00e8s l'installation, convenant aux maisons, aux h\u00f4tels et aux projets d'appartements.<\/p>\n\n\n\n<p><strong>Service OEM \/ ODM :<\/strong> Le syst\u00e8me de production OEM\/ODM de Shouya, bien rod\u00e9, est capable de fabriquer en sous-traitance selon les normes de la marque du client, de prendre en charge la conception diff\u00e9renci\u00e9e du LOGO et des d\u00e9tails du produit, ce qui permet aux clients de cr\u00e9er ou d'\u00e9tendre rapidement leurs propres lignes de produits de marque.<\/p>\n<\/div>\n\n\n\n<div class=\"wp-block-column is-layout-flow wp-block-column-is-layout-flow\"><div class=\"wp-block-image\">\n<figure class=\"aligncenter size-full\"><img decoding=\"async\" width=\"700\" height=\"700\" src=\"https:\/\/www.shouyasanitary.com\/wp-content\/uploads\/2026\/03\/bulk-purchase-cabinet.webp\" alt=\"armoire d&#039;achat en vrac\" class=\"wp-image-2733\" style=\"object-fit:cover\" srcset=\"https:\/\/www.shouyasanitary.com\/wp-content\/uploads\/2026\/03\/bulk-purchase-cabinet.webp 700w, https:\/\/www.shouyasanitary.com\/wp-content\/uploads\/2026\/03\/bulk-purchase-cabinet-300x300.webp 300w, https:\/\/www.shouyasanitary.com\/wp-content\/uploads\/2026\/03\/bulk-purchase-cabinet-150x150.webp 150w, https:\/\/www.shouyasanitary.com\/wp-content\/uploads\/2026\/03\/bulk-purchase-cabinet-12x12.webp 12w, https:\/\/www.shouyasanitary.com\/wp-content\/uploads\/2026\/03\/bulk-purchase-cabinet-600x600.webp 600w, https:\/\/www.shouyasanitary.com\/wp-content\/uploads\/2026\/03\/bulk-purchase-cabinet-100x100.webp 100w\" sizes=\"(max-width: 700px) 100vw, 700px\" \/><\/figure>\n<\/div><\/div>\n<\/div>","protected":false},"excerpt":{"rendered":"<div class=\"flex max-w-full flex-col gap-4 grow\">\n<div class=\"min-h-8 text-message relative flex w-full flex-col items-end gap-2 text-start break-words whitespace-normal [.text-message+&amp;]:mt-1\" dir=\"auto\" data-message-author-role=\"assistant\" data-message-id=\"e034d4b1-bcf6-43c8-82b7-0a3fa7fa4b8f\" data-message-model-slug=\"gpt-5-mini\">\n<div class=\"flex w-full flex-col gap-1 empty:hidden\">\n<div class=\"markdown prose dark:prose-invert w-full wrap-break-word light markdown-new-styling\">\n<p data-start=\"0\" data-end=\"260\" data-is-last-node=\"\" data-is-only-node=\"\">Les armoires de salle de bain murales personnalis\u00e9es offrent un design \u00e9l\u00e9gant avec deux tiroirs \u00e0 fermeture progressive, un miroir LED d\u00e9coratif et une construction en PVC respectueuse de l'environnement. Plusieurs styles et possibilit\u00e9 de personnalisation OEM\/ODM. Contactez-nous pour les options de vente en gros et de marquage.<\/p>\n<\/div>\n<\/div>\n<\/div>\n<\/div>\n<h2>Armoires de salle de bains murales Attributs\uff1a<\/h2>\n<p><strong>Mod\u00e8le\uff1a<\/strong>SYY26BA15<br \/><strong>Mat\u00e9riau de l'armoire :<\/strong> PVC<br \/><strong>Couleur de l'armoire :<\/strong> Blanc<br \/><strong>Miroir :<\/strong> Miroir LED (3,5 mm\/3,8 mm), \u00e9clairage tricolore, d\u00e9sembuage par simple pression d'une touche, s\u00e9curis\u00e9 par un emballage en mousse multicouche.<br \/><strong>Type d'installation :<\/strong> Montage mural<br \/><strong>Dimensions (L\u00d7L\u00d7H) :<\/strong> 80x47x48 cm<br \/><strong>Poids brut :<\/strong> 32kg\/set<\/p>\n<h2>Personnalisation et services :<\/h2>\n<p><strong>OEM ET ODM<\/strong>: Pris en charge<br \/><strong>Conception<\/strong>: Gratuit<br \/><strong>Accessoires<\/strong>: Lavabos, miroirs, robinets et autres accessoires de salle de bains<br \/><strong>Emballage<\/strong>: Pr\u00eat \u00e0 monter<\/p>","protected":false},"featured_media":2733,"comment_status":"closed","ping_status":"closed","template":"","meta":{"_acf_changed":false},"product_brand":[],"product_cat":[24],"product_tag":[],"class_list":{"0":"post-2732","1":"product","2":"type-product","3":"status-publish","4":"has-post-thumbnail","6":"product_cat-wholesale-pvc-bathroom-vanity-cabinets","8":"first","9":"instock","10":"shipping-taxable","11":"product-type-simple"},"acf":[],"_links":{"self":[{"href":"https:\/\/www.shouyasanitary.com\/fr\/wp-json\/wp\/v2\/product\/2732","targetHints":{"allow":["GET"]}}],"collection":[{"href":"https:\/\/www.shouyasanitary.com\/fr\/wp-json\/wp\/v2\/product"}],"about":[{"href":"https:\/\/www.shouyasanitary.com\/fr\/wp-json\/wp\/v2\/types\/product"}],"replies":[{"embeddable":true,"href":"https:\/\/www.shouyasanitary.com\/fr\/wp-json\/wp\/v2\/comments?post=2732"}],"wp:featuredmedia":[{"embeddable":true,"href":"https:\/\/www.shouyasanitary.com\/fr\/wp-json\/wp\/v2\/media\/2733"}],"wp:attachment":[{"href":"https:\/\/www.shouyasanitary.com\/fr\/wp-json\/wp\/v2\/media?parent=2732"}],"wp:term":[{"taxonomy":"product_brand","embeddable":true,"href":"https:\/\/www.shouyasanitary.com\/fr\/wp-json\/wp\/v2\/product_brand?post=2732"},{"taxonomy":"product_cat","embeddable":true,"href":"https:\/\/www.shouyasanitary.com\/fr\/wp-json\/wp\/v2\/product_cat?post=2732"},{"taxonomy":"product_tag","embeddable":true,"href":"https:\/\/www.shouyasanitary.com\/fr\/wp-json\/wp\/v2\/product_tag?post=2732"}],"curies":[{"name":"wp","href":"https:\/\/api.w.org\/{rel}","templated":true}]}}