{"id":2736,"date":"2026-03-14T08:51:23","date_gmt":"2026-03-14T08:51:23","guid":{"rendered":"https:\/\/www.shouyasanitary.com\/?post_type=product&#038;p=2736"},"modified":"2026-03-14T09:11:41","modified_gmt":"2026-03-14T09:11:41","slug":"double-vanity-bathroom-wholesale","status":"publish","type":"product","link":"https:\/\/www.shouyasanitary.com\/fr\/produit\/double-vanity-bathroom-wholesale\/","title":{"rendered":"Double Vanity Bathroom Wholesale, Wall Hung Bathroom Cabinet Set Gray SPC Supplier"},"content":{"rendered":"<div class=\"wp-block-columns is-layout-flex wp-container-core-columns-is-layout-9d6595d7 wp-block-columns-is-layout-flex\">\n<div class=\"wp-block-column is-layout-flow wp-block-column-is-layout-flow\">\n<h2 class=\"wp-block-heading\">Caract\u00e9ristiques de la salle de bains \u00e0 double vasque\uff1a<\/h2>\n\n\n\n<p><strong>Conception murale peu encombrante<\/strong>: Lib\u00e8re l'espace au sol pour une salle de bains plus ouverte, id\u00e9ale pour les h\u00f4tels et les r\u00e9sidences compactes. \u00c9limine les espaces sous le meuble pour faciliter le nettoyage et r\u00e9duire l'accumulation d'humidit\u00e9.<\/p>\n\n\n\n<p><strong>Construction SPC r\u00e9sistante \u00e0 l'humidit\u00e9 :<\/strong> Le mat\u00e9riau SPC \u00e9tanche 100% de premi\u00e8re qualit\u00e9 emp\u00eache le gauchissement, la fissuration et l'\u00e9caillage, garantissant une durabilit\u00e9 \u00e0 long terme dans les salles de bains \u00e0 forte humidit\u00e9 et minimisant les r\u00e9clamations au titre de la garantie pour les acheteurs en gros.<\/p>\n\n\n\n<p><strong>Double \u00e9vier Disposition : <\/strong>Deux lavabos spacieux permettent une utilisation simultan\u00e9e, ce qui optimise l'efficacit\u00e9 des salles de bains des h\u00f4tels, des pensions de famille et des grandes maisons familiales, simplifiant ainsi les routines du matin et du soir.<\/p>\n\n\n\n<p><strong>Esth\u00e9tique moderne et polyvalente :<\/strong> La finition grise \u00e9l\u00e9gante s'adapte \u00e0 un large \u00e9ventail de styles d'am\u00e9nagement, du minimalisme \u00e0 l'industriel, et constitue un point focal \u00e0 la mode qui s\u00e9duit les acheteurs soucieux des tendances.<\/p>\n\n\n\n<p><strong>Fourniture directe par le fabricant : <\/strong>Shouya produit des meubles de salle de bain en direct avec un contr\u00f4le de qualit\u00e9 stable, une capacit\u00e9 d'approvisionnement en vrac et une personnalisation OEM\/ODM pour la marque, les tailles et les d\u00e9tails de conception, ce qui est id\u00e9al pour les distributeurs, les entrepreneurs de projets et les acheteurs B2B.<\/p>\n<\/div>\n\n\n\n<div class=\"wp-block-column is-layout-flow wp-block-column-is-layout-flow\"><div class=\"wp-block-image\">\n<figure class=\"aligncenter size-full\"><img decoding=\"async\" width=\"700\" height=\"700\" src=\"https:\/\/www.shouyasanitary.com\/wp-content\/uploads\/2026\/03\/bulk-lot-bathroom-cabinet.webp\" alt=\"lot en vrac armoire de toilette\" class=\"wp-image-2738\" style=\"object-fit:cover\" srcset=\"https:\/\/www.shouyasanitary.com\/wp-content\/uploads\/2026\/03\/bulk-lot-bathroom-cabinet.webp 700w, https:\/\/www.shouyasanitary.com\/wp-content\/uploads\/2026\/03\/bulk-lot-bathroom-cabinet-300x300.webp 300w, https:\/\/www.shouyasanitary.com\/wp-content\/uploads\/2026\/03\/bulk-lot-bathroom-cabinet-150x150.webp 150w, https:\/\/www.shouyasanitary.com\/wp-content\/uploads\/2026\/03\/bulk-lot-bathroom-cabinet-12x12.webp 12w, https:\/\/www.shouyasanitary.com\/wp-content\/uploads\/2026\/03\/bulk-lot-bathroom-cabinet-600x600.webp 600w, https:\/\/www.shouyasanitary.com\/wp-content\/uploads\/2026\/03\/bulk-lot-bathroom-cabinet-100x100.webp 100w\" sizes=\"(max-width: 700px) 100vw, 700px\" \/><\/figure>\n<\/div><\/div>\n<\/div>","protected":false},"excerpt":{"rendered":"<p>Le meuble de salle de bain double Shouya, avec son design SPC mural et sa finition grise moderne, offre des solutions durables et peu encombrantes pour les h\u00f4tels et les projets. Approvisionnement direct de l'usine avec des prix de gros et des options personnalis\u00e9es ! Contactez-nous pour obtenir un devis !<\/p>\n<h2>Attributs de la salle de bain \u00e0 double vasque\uff1a<\/h2>\n<p><strong>Num\u00e9ro d'article :<\/strong>SYY26BA16<strong><br \/>Mat\u00e9riau de l'armoire : <\/strong>Panneau de pierre en plastique<br \/><strong>Couleur de l'armoire : <\/strong>Gris<br \/><strong>Miroir :<\/strong> Miroir LED (3,5 mm\/3,8 mm), \u00e9clairage tricolore, d\u00e9sembuage par simple pression d'une touche, s\u00e9curis\u00e9 par un emballage en mousse multicouche.<br \/><strong>Type d'installation :<\/strong>\u00a0Montage mural<br \/><strong>Dimensions (L\u00d7L\u00d7H) :<\/strong> 100*47.5*48.5 cm<br \/><strong>Poids brut :<\/strong> 28kg\/set<\/p>\n<h2>Personnalisation et services :<\/h2>\n<p><strong>OEM ET ODM<\/strong>: Pris en charge<br \/><strong>Conception<\/strong>: Gratuit<br \/><strong>Accessoires<\/strong>: Lavabos, miroirs, robinets et autres accessoires de salle de bains<br \/><strong>Emballage<\/strong>: Pr\u00eat \u00e0 monter<\/p>","protected":false},"featured_media":2738,"comment_status":"closed","ping_status":"closed","template":"","meta":{"_acf_changed":true},"product_brand":[],"product_cat":[29],"product_tag":[],"class_list":{"0":"post-2736","1":"product","2":"type-product","3":"status-publish","4":"has-post-thumbnail","6":"product_cat-wholesale-spc-bathroom-vanity-cabinets","8":"first","9":"instock","10":"shipping-taxable","11":"product-type-simple"},"acf":[],"_links":{"self":[{"href":"https:\/\/www.shouyasanitary.com\/fr\/wp-json\/wp\/v2\/product\/2736","targetHints":{"allow":["GET"]}}],"collection":[{"href":"https:\/\/www.shouyasanitary.com\/fr\/wp-json\/wp\/v2\/product"}],"about":[{"href":"https:\/\/www.shouyasanitary.com\/fr\/wp-json\/wp\/v2\/types\/product"}],"replies":[{"embeddable":true,"href":"https:\/\/www.shouyasanitary.com\/fr\/wp-json\/wp\/v2\/comments?post=2736"}],"wp:featuredmedia":[{"embeddable":true,"href":"https:\/\/www.shouyasanitary.com\/fr\/wp-json\/wp\/v2\/media\/2738"}],"wp:attachment":[{"href":"https:\/\/www.shouyasanitary.com\/fr\/wp-json\/wp\/v2\/media?parent=2736"}],"wp:term":[{"taxonomy":"product_brand","embeddable":true,"href":"https:\/\/www.shouyasanitary.com\/fr\/wp-json\/wp\/v2\/product_brand?post=2736"},{"taxonomy":"product_cat","embeddable":true,"href":"https:\/\/www.shouyasanitary.com\/fr\/wp-json\/wp\/v2\/product_cat?post=2736"},{"taxonomy":"product_tag","embeddable":true,"href":"https:\/\/www.shouyasanitary.com\/fr\/wp-json\/wp\/v2\/product_tag?post=2736"}],"curies":[{"name":"wp","href":"https:\/\/api.w.org\/{rel}","templated":true}]}}