{"id":2737,"date":"2026-03-18T08:39:05","date_gmt":"2026-03-18T08:39:05","guid":{"rendered":"https:\/\/www.shouyasanitary.com\/?post_type=product&#038;p=2737"},"modified":"2026-03-18T08:46:13","modified_gmt":"2026-03-18T08:46:13","slug":"custom-floating-vanity-for-bathroom","status":"publish","type":"product","link":"https:\/\/www.shouyasanitary.com\/fr\/produit\/custom-floating-vanity-for-bathroom\/","title":{"rendered":"Vanit\u00e9 flottante sur mesure pour salle de bain moderne blanche avec miroir LED et meuble lat\u00e9ral Supplier"},"content":{"rendered":"<div class=\"wp-block-columns is-layout-flex wp-container-core-columns-is-layout-9d6595d7 wp-block-columns-is-layout-flex\">\n<div class=\"wp-block-column is-layout-flow wp-block-column-is-layout-flow\">\n<h2 class=\"wp-block-heading\">Caract\u00e9ristiques d'un meuble-lavabo flottant pour la salle de bains\uff1a<\/h2>\n\n\n\n<p><strong>Durabilit\u00e9 sup\u00e9rieure :<\/strong> Fabriqu\u00e9 en aluminium haute densit\u00e9 r\u00e9sistant \u00e0 l'eau, ce meuble de salle de bains suspendu r\u00e9siste \u00e0 la d\u00e9formation dans les environnements humides et b\u00e9n\u00e9ficie d'une garantie de 10 ans, id\u00e9ale pour les h\u00f4tels et les projets r\u00e9sidentiels.<\/p>\n\n\n\n<p><strong>Conception peu encombrante :<\/strong> La disposition murale et la tour lat\u00e9rale \u00e9troite maximisent le stockage au sol et vertical, ce qui est parfait pour les salles de bains compactes tout en gardant les articles de toilette organis\u00e9s.<\/p>\n\n\n\n<p><strong>Fonctionnalit\u00e9 moderne int\u00e9gr\u00e9e : <\/strong>Le miroir LED int\u00e9gr\u00e9 avec \u00e9clairage \u00e0 d\u00e9tection de mouvement fournit un \u00e9clairage sans ombre, am\u00e9liorant l'exp\u00e9rience de l'utilisateur et \u00e9liminant le besoin de miroirs s\u00e9par\u00e9s.<\/p>\n\n\n\n<p><strong>Configuration modulaire et personnalisable<\/strong>: L'ensemble de 3 pi\u00e8ces, comprenant le meuble de salle de bains, le miroir et l'armoire lat\u00e9rale, permet une installation flexible et des commandes en gros ; il est possible de personnaliser la couleur RAL et la finition de la quincaillerie pour r\u00e9pondre aux diverses sp\u00e9cifications du projet.<\/p>\n\n\n\n<p><strong>Support OEM\/ODM<\/strong>: Options enti\u00e8rement personnalisables pour la couleur, la taille, le style de miroir et les caract\u00e9ristiques d'\u00e9clairage afin de r\u00e9pondre aux exigences de diff\u00e9rents projets d'ing\u00e9nierie, d'h\u00f4tellerie ou r\u00e9sidentiels.<\/p>\n<\/div>\n\n\n\n<div class=\"wp-block-column is-layout-flow wp-block-column-is-layout-flow\"><div class=\"wp-block-image\">\n<figure class=\"aligncenter size-full\"><img decoding=\"async\" width=\"700\" height=\"700\" src=\"https:\/\/www.shouyasanitary.com\/wp-content\/uploads\/2026\/03\/wholesale-bathroom-cabinet.webp\" alt=\"armoire de salle de bain en gros\" class=\"wp-image-2741\" style=\"object-fit:cover\" srcset=\"https:\/\/www.shouyasanitary.com\/wp-content\/uploads\/2026\/03\/wholesale-bathroom-cabinet.webp 700w, https:\/\/www.shouyasanitary.com\/wp-content\/uploads\/2026\/03\/wholesale-bathroom-cabinet-300x300.webp 300w, https:\/\/www.shouyasanitary.com\/wp-content\/uploads\/2026\/03\/wholesale-bathroom-cabinet-150x150.webp 150w, https:\/\/www.shouyasanitary.com\/wp-content\/uploads\/2026\/03\/wholesale-bathroom-cabinet-12x12.webp 12w, https:\/\/www.shouyasanitary.com\/wp-content\/uploads\/2026\/03\/wholesale-bathroom-cabinet-600x600.webp 600w, https:\/\/www.shouyasanitary.com\/wp-content\/uploads\/2026\/03\/wholesale-bathroom-cabinet-100x100.webp 100w\" sizes=\"(max-width: 700px) 100vw, 700px\" \/><\/figure>\n<\/div><\/div>\n<\/div>","protected":false},"excerpt":{"rendered":"<p>Ce meuble flottant pour salle de bain est fabriqu\u00e9 en aluminium haute densit\u00e9 r\u00e9sistant \u00e0 l'eau. Il est suspendu au mur pour un gain de place, comporte deux tiroirs et un meuble lat\u00e9ral pour le rangement, ainsi qu'un miroir LED int\u00e9gr\u00e9 avec un \u00e9clairage \u00e0 d\u00e9tecteur de mouvement. Modulaire, durable et personnalisable par OEM\/ODM, contactez-nous pour les demandes de prix de gros.<\/p>\n<h2>Vanit\u00e9 flottante pour salle de bain Attributs\uff1a<\/h2>\n<p><strong>Num\u00e9ro d'article : <\/strong>SYY26BA16<strong><br \/>Mat\u00e9riau de l'armoire :<\/strong> Aluminium<br \/><strong>Couleur de l'armoire :<\/strong> Blanc<br \/><strong>Miroir :<\/strong> Miroir LED (3,5 mm\/3,8 mm), \u00e9clairage tricolore, d\u00e9sembuage par simple pression d'une touche, s\u00e9curis\u00e9 par un emballage en mousse multicouche.<br \/><strong>Type d'installation :<\/strong>\u00a0Montage mural<br \/><strong>Dimensions (L\u00d7L\u00d7H) :<\/strong> 80x47x45 cm 25x22x90 cm<br \/><strong>Poids brut :<\/strong> 35kg\/set<\/p>\n<h2>Personnalisation et services :<\/h2>\n<p><strong>OEM ET ODM<\/strong>: Pris en charge<br \/><strong>Conception<\/strong>: Gratuit<br \/><strong>Accessoires<\/strong>: Lavabos, miroirs, robinets et autres accessoires de salle de bains<br \/><strong>Emballage<\/strong>: Pr\u00eat \u00e0 monter<\/p>","protected":false},"featured_media":2741,"comment_status":"closed","ping_status":"closed","template":"","meta":{"_acf_changed":false},"product_brand":[],"product_cat":[23],"product_tag":[],"class_list":{"0":"post-2737","1":"product","2":"type-product","3":"status-publish","4":"has-post-thumbnail","6":"product_cat-wholesale-aluminum-bathroom-vanity-cabinets","8":"first","9":"instock","10":"shipping-taxable","11":"product-type-simple"},"acf":[],"_links":{"self":[{"href":"https:\/\/www.shouyasanitary.com\/fr\/wp-json\/wp\/v2\/product\/2737","targetHints":{"allow":["GET"]}}],"collection":[{"href":"https:\/\/www.shouyasanitary.com\/fr\/wp-json\/wp\/v2\/product"}],"about":[{"href":"https:\/\/www.shouyasanitary.com\/fr\/wp-json\/wp\/v2\/types\/product"}],"replies":[{"embeddable":true,"href":"https:\/\/www.shouyasanitary.com\/fr\/wp-json\/wp\/v2\/comments?post=2737"}],"wp:featuredmedia":[{"embeddable":true,"href":"https:\/\/www.shouyasanitary.com\/fr\/wp-json\/wp\/v2\/media\/2741"}],"wp:attachment":[{"href":"https:\/\/www.shouyasanitary.com\/fr\/wp-json\/wp\/v2\/media?parent=2737"}],"wp:term":[{"taxonomy":"product_brand","embeddable":true,"href":"https:\/\/www.shouyasanitary.com\/fr\/wp-json\/wp\/v2\/product_brand?post=2737"},{"taxonomy":"product_cat","embeddable":true,"href":"https:\/\/www.shouyasanitary.com\/fr\/wp-json\/wp\/v2\/product_cat?post=2737"},{"taxonomy":"product_tag","embeddable":true,"href":"https:\/\/www.shouyasanitary.com\/fr\/wp-json\/wp\/v2\/product_tag?post=2737"}],"curies":[{"name":"wp","href":"https:\/\/api.w.org\/{rel}","templated":true}]}}