{"id":2745,"date":"2026-03-18T09:07:44","date_gmt":"2026-03-18T09:07:44","guid":{"rendered":"https:\/\/www.shouyasanitary.com\/?post_type=product&#038;p=2745"},"modified":"2026-03-18T09:08:41","modified_gmt":"2026-03-18T09:08:41","slug":"bathroom-vanity-double-sink-wholesale","status":"publish","type":"product","link":"https:\/\/www.shouyasanitary.com\/fr\/produit\/bathroom-vanity-double-sink-wholesale\/","title":{"rendered":"Meuble de salle de bain double vasque Wholesale, meuble de salle de bain mural Luxury Wood Grain Custom"},"content":{"rendered":"<div class=\"wp-block-columns is-layout-flex wp-container-core-columns-is-layout-9d6595d7 wp-block-columns-is-layout-flex\">\n<div class=\"wp-block-column is-layout-flow wp-block-column-is-layout-flow\">\n<h2 class=\"wp-block-heading\">Caract\u00e9ristiques du meuble-lavabo double\uff1a<\/h2>\n\n\n\n<p><strong>Conception murale \u00e0 faible encombrement<\/strong>: L'installation flottante permet de maximiser l'espace au sol, de garder la zone propre et de cr\u00e9er un aspect moderne et ordonn\u00e9\uff0c parfait pour les salles de bains r\u00e9sidentielles et h\u00f4teli\u00e8res.<\/p>\n\n\n\n<p><strong>Double vasque en c\u00e9ramique :<\/strong> Deux bassins en c\u00e9ramique de haute qualit\u00e9 offrent un grand espace de lavage, des surfaces lisses et r\u00e9sistantes aux rayures, et un nettoyage facile pour une utilisation familiale ou commerciale \u00e0 fort trafic.<\/p>\n\n\n\n<p><strong>Grain de bois stri\u00e9 Finition : <\/strong>La texture \u00e9l\u00e9gante \u00e0 rayures en grain de bois allie chaleur naturelle et esth\u00e9tique contemporaine. Fabriqu\u00e9 en PVC imperm\u00e9able \u00e0 l'eau et \u00e0 l'humidit\u00e9 pour une durabilit\u00e9 \u00e0 long terme dans les environnements humides.<\/p>\n\n\n\n<p><strong>Miroir d\u00e9sembueur LED intelligent :<\/strong> Le miroir LED int\u00e9gr\u00e9, \u00e9conome en \u00e9nergie et dot\u00e9 d'une fonction antibu\u00e9e, offre un \u00e9clairage doux et homog\u00e8ne et un reflet haute d\u00e9finition, am\u00e9liorant ainsi le maquillage, la toilette et l'exp\u00e9rience globale de la salle de bains.<\/p>\n\n\n\n<p><strong>Personnalisation flexible pour les projets B2B : <\/strong>Disponibles dans une gamme de tailles et de couleurs, ils sont con\u00e7us pour r\u00e9pondre aux besoins des h\u00f4tels, des espaces r\u00e9sidentiels et des projets commerciaux. Les commandes en gros sont enti\u00e8rement prises en charge pour r\u00e9pondre aux diverses demandes du march\u00e9.<\/p>\n<\/div>\n\n\n\n<div class=\"wp-block-column is-layout-flow wp-block-column-is-layout-flow\"><div class=\"wp-block-image\">\n<figure class=\"aligncenter size-full\"><img decoding=\"async\" width=\"700\" height=\"700\" src=\"https:\/\/www.shouyasanitary.com\/wp-content\/uploads\/2026\/03\/Container-load-bathroom-cabinet.webp\" alt=\"Armoire de toilette en conteneur\" class=\"wp-image-2746\" style=\"object-fit:cover\" srcset=\"https:\/\/www.shouyasanitary.com\/wp-content\/uploads\/2026\/03\/Container-load-bathroom-cabinet.webp 700w, https:\/\/www.shouyasanitary.com\/wp-content\/uploads\/2026\/03\/Container-load-bathroom-cabinet-300x300.webp 300w, https:\/\/www.shouyasanitary.com\/wp-content\/uploads\/2026\/03\/Container-load-bathroom-cabinet-150x150.webp 150w, https:\/\/www.shouyasanitary.com\/wp-content\/uploads\/2026\/03\/Container-load-bathroom-cabinet-12x12.webp 12w, https:\/\/www.shouyasanitary.com\/wp-content\/uploads\/2026\/03\/Container-load-bathroom-cabinet-600x600.webp 600w, https:\/\/www.shouyasanitary.com\/wp-content\/uploads\/2026\/03\/Container-load-bathroom-cabinet-100x100.webp 100w\" sizes=\"(max-width: 700px) 100vw, 700px\" \/><\/figure>\n<\/div><\/div>\n<\/div>","protected":false},"excerpt":{"rendered":"<p>Le meuble de salle de bain double lavabo se caract\u00e9rise par un design mural peu encombrant, deux vasques en c\u00e9ramique, une finition en grain de bois et un miroir d\u00e9sembueur LED intelligent. Personnalisable pour les projets B2B avec une qualit\u00e9 stable et rentable, parfait pour les projets h\u00f4teliers, les distributeurs, les importateurs et les acheteurs mondiaux. Contactez-nous pour un devis en gros !<\/p>\n<h2>Meuble de salle de bain double lavabo Attributs\uff1a<\/h2>\n<p><strong>Num\u00e9ro d'article :<\/strong>SYY26BA12<strong><br \/>Mat\u00e9riau de l'armoire : <\/strong>Panneau de pierre en plastique<br \/><strong>Couleur de l'armoire : <\/strong>Jaune<br \/><strong>Miroir :<\/strong> Miroir LED (3,5 mm\/3,8 mm), \u00e9clairage tricolore, d\u00e9sembuage par simple pression d'une touche, s\u00e9curis\u00e9 par un emballage en mousse multicouche.<br \/><strong>Type d'installation :<\/strong>\u00a0Montage mural<br \/><strong>Dimensions (L\u00d7L\u00d7H) :<\/strong> 100*47.5*48.5 cm<br \/><strong>Poids brut :<\/strong> 28kg\/set<\/p>\n<h2>Personnalisation et services :<\/h2>\n<p><strong>OEM ET ODM<\/strong>: Pris en charge<br \/><strong>Conception<\/strong>: Gratuit<br \/><strong>Accessoires<\/strong>: Lavabos, miroirs, robinets et autres accessoires de salle de bains<br \/><strong>Emballage<\/strong>: Pr\u00eat \u00e0 monter<\/p>","protected":false},"featured_media":2746,"comment_status":"closed","ping_status":"closed","template":"","meta":{"_acf_changed":false},"product_brand":[],"product_cat":[29],"product_tag":[],"class_list":{"0":"post-2745","1":"product","2":"type-product","3":"status-publish","4":"has-post-thumbnail","6":"product_cat-wholesale-spc-bathroom-vanity-cabinets","8":"first","9":"instock","10":"shipping-taxable","11":"product-type-simple"},"acf":[],"_links":{"self":[{"href":"https:\/\/www.shouyasanitary.com\/fr\/wp-json\/wp\/v2\/product\/2745","targetHints":{"allow":["GET"]}}],"collection":[{"href":"https:\/\/www.shouyasanitary.com\/fr\/wp-json\/wp\/v2\/product"}],"about":[{"href":"https:\/\/www.shouyasanitary.com\/fr\/wp-json\/wp\/v2\/types\/product"}],"replies":[{"embeddable":true,"href":"https:\/\/www.shouyasanitary.com\/fr\/wp-json\/wp\/v2\/comments?post=2745"}],"wp:featuredmedia":[{"embeddable":true,"href":"https:\/\/www.shouyasanitary.com\/fr\/wp-json\/wp\/v2\/media\/2746"}],"wp:attachment":[{"href":"https:\/\/www.shouyasanitary.com\/fr\/wp-json\/wp\/v2\/media?parent=2745"}],"wp:term":[{"taxonomy":"product_brand","embeddable":true,"href":"https:\/\/www.shouyasanitary.com\/fr\/wp-json\/wp\/v2\/product_brand?post=2745"},{"taxonomy":"product_cat","embeddable":true,"href":"https:\/\/www.shouyasanitary.com\/fr\/wp-json\/wp\/v2\/product_cat?post=2745"},{"taxonomy":"product_tag","embeddable":true,"href":"https:\/\/www.shouyasanitary.com\/fr\/wp-json\/wp\/v2\/product_tag?post=2745"}],"curies":[{"name":"wp","href":"https:\/\/api.w.org\/{rel}","templated":true}]}}