{"id":2863,"date":"2026-04-27T06:27:11","date_gmt":"2026-04-27T06:27:11","guid":{"rendered":"https:\/\/www.shouyasanitary.com\/?post_type=product&#038;p=2863"},"modified":"2026-04-27T06:28:16","modified_gmt":"2026-04-27T06:28:16","slug":"bathroom-vanity-with-sink-wholesale","status":"publish","type":"product","link":"https:\/\/www.shouyasanitary.com\/fr\/produit\/bathroom-vanity-with-sink-wholesale\/","title":{"rendered":"Meuble de salle de bain avec \u00e9vier Wholesale, Meuble de salle de bain moderne en contreplaqu\u00e9, montage mural sur mesure"},"content":{"rendered":"<div class=\"wp-block-columns is-layout-flex wp-container-core-columns-is-layout-9d6595d7 wp-block-columns-is-layout-flex\">\n<div class=\"wp-block-column is-layout-flow wp-block-column-is-layout-flow\">\n<h2 class=\"wp-block-heading\">Caract\u00e9ristiques du meuble de salle de bain avec \u00e9vier :<\/h2>\n\n\n\n<p><strong>Construction en contreplaqu\u00e9 de premi\u00e8re qualit\u00e9<\/strong>: Construit en contreplaqu\u00e9 massif multicouche pour une solidit\u00e9 et une r\u00e9sistance \u00e0 l'humidit\u00e9 sup\u00e9rieures, garantissant une durabilit\u00e9 \u00e0 long terme dans les salles de bains humides.<\/p>\n\n\n\n<p><strong>Design flottant moderne pour montage mural<\/strong>: L'installation flottante peu encombrante am\u00e9liore l'ouverture visuelle tout en facilitant le nettoyage du sol, ce qui est id\u00e9al pour les salles de bains modernes et les espaces commerciaux.<\/p>\n\n\n\n<p><strong>Capacit\u00e9 de stockage optimis\u00e9e<\/strong>: Des tiroirs spacieux ou des compartiments superpos\u00e9s offrent un rangement organis\u00e9 pour les articles de toilette et les produits essentiels, ce qui permet de garder les plans de travail propres et sans encombrement.<\/p>\n\n\n\n<p><strong>Cuvette en c\u00e9ramique int\u00e9gr\u00e9e<\/strong>: Un \u00e9vier en c\u00e9ramique de haute densit\u00e9 avec un \u00e9mail lisse offre une faible absorption d'eau et un design sans joint, \u00e9vitant les fuites et garantissant un entretien facile.<\/p>\n\n\n\n<p><strong>Qualit\u00e9 et fiabilit\u00e9 de l'approvisionnement<\/strong>: Test\u00e9 rigoureusement pour la durabilit\u00e9 du support de charge et des charni\u00e8res, avec des performances d'\u00e9tanch\u00e9it\u00e9 et un mat\u00e9riel antirouille, garantissant une qualit\u00e9 stable pour les projets \u00e0 grande \u00e9chelle, tels que les h\u00f4tels et les appartements.<br><br><\/p>\n<\/div>\n\n\n\n<div class=\"wp-block-column is-layout-flow wp-block-column-is-layout-flow\"><div class=\"wp-block-image\">\n<figure class=\"aligncenter size-full\"><img decoding=\"async\" width=\"700\" height=\"700\" src=\"https:\/\/www.shouyasanitary.com\/wp-content\/uploads\/2026\/04\/wholesale-high-quality-modern-bathroom-cabinets-with-Plywood-material-wall-mounted-bathroom-cabinet-for-hotel.webp\" alt=\"grossiste en meuble de salle de bain moderne de haute qualit\u00e9, avec meuble de salle de bain mural en contreplaqu\u00e9 pour l&#039;h\u00f4tellerie\" class=\"wp-image-2867\" style=\"object-fit:cover\" srcset=\"https:\/\/www.shouyasanitary.com\/wp-content\/uploads\/2026\/04\/wholesale-high-quality-modern-bathroom-cabinets-with-Plywood-material-wall-mounted-bathroom-cabinet-for-hotel.webp 700w, https:\/\/www.shouyasanitary.com\/wp-content\/uploads\/2026\/04\/wholesale-high-quality-modern-bathroom-cabinets-with-Plywood-material-wall-mounted-bathroom-cabinet-for-hotel-300x300.webp 300w, https:\/\/www.shouyasanitary.com\/wp-content\/uploads\/2026\/04\/wholesale-high-quality-modern-bathroom-cabinets-with-Plywood-material-wall-mounted-bathroom-cabinet-for-hotel-150x150.webp 150w, https:\/\/www.shouyasanitary.com\/wp-content\/uploads\/2026\/04\/wholesale-high-quality-modern-bathroom-cabinets-with-Plywood-material-wall-mounted-bathroom-cabinet-for-hotel-12x12.webp 12w, https:\/\/www.shouyasanitary.com\/wp-content\/uploads\/2026\/04\/wholesale-high-quality-modern-bathroom-cabinets-with-Plywood-material-wall-mounted-bathroom-cabinet-for-hotel-600x600.webp 600w, https:\/\/www.shouyasanitary.com\/wp-content\/uploads\/2026\/04\/wholesale-high-quality-modern-bathroom-cabinets-with-Plywood-material-wall-mounted-bathroom-cabinet-for-hotel-100x100.webp 100w\" sizes=\"(max-width: 700px) 100vw, 700px\" \/><\/figure>\n<\/div><\/div>\n<\/div>","protected":false},"excerpt":{"rendered":"<p>Le meuble de salle de bains avec lavabo est un ensemble mural de premi\u00e8re qualit\u00e9 en contreplaqu\u00e9 durable, id\u00e9al pour les projets h\u00f4teliers de grande envergure. Imperm\u00e9able, r\u00e9sistant \u00e0 la corrosion et facile \u00e0 nettoyer, il garantit des performances constantes dans les espaces commerciaux tr\u00e8s fr\u00e9quent\u00e9s. Contactez-nous d\u00e8s aujourd'hui pour un devis.<\/p>\n<h2>Meuble de salle de bain avec lavabo Attributs\uff1a<\/h2>\n<p><strong>Num\u00e9ro d'article<\/strong>: 6707<br \/><strong>Mat\u00e9riau de l'armoire<\/strong>: Contreplaqu\u00e9<br \/><strong>Couleur de l'armoire<\/strong>: Noir<br \/><strong>Miroir :<\/strong> Miroir LED (3,5 mm\/3,8 mm), \u00e9clairage tricolore, d\u00e9sembuage par simple pression d'une touche, s\u00e9curis\u00e9 par un emballage en mousse multicouche.<br \/><strong>Type d'installation :<\/strong>\u00a0Montage mural<br \/><strong>Dimensions (L\u00d7L\u00d7H) :<\/strong> 80*47*48cm<\/p>\n<h2>Personnalisation et services :<\/h2>\n<p><strong>OEM ET ODM<\/strong>: Pris en charge<br \/><strong>Conception<\/strong>: Gratuit<br \/><strong>Accessoires<\/strong>: Lavabos, miroirs, robinets et autres accessoires de salle de bains<br \/><strong>Emballage<\/strong>: Pr\u00eat \u00e0 monter<\/p>","protected":false},"featured_media":2867,"comment_status":"closed","ping_status":"closed","template":"","meta":{"_acf_changed":true},"product_brand":[],"product_cat":[20],"product_tag":[],"class_list":{"0":"post-2863","1":"product","2":"type-product","3":"status-publish","4":"has-post-thumbnail","6":"product_cat-wholesale-plywood-bathroom-vanity-cabinets","8":"first","9":"instock","10":"shipping-taxable","11":"product-type-simple"},"acf":[],"_links":{"self":[{"href":"https:\/\/www.shouyasanitary.com\/fr\/wp-json\/wp\/v2\/product\/2863","targetHints":{"allow":["GET"]}}],"collection":[{"href":"https:\/\/www.shouyasanitary.com\/fr\/wp-json\/wp\/v2\/product"}],"about":[{"href":"https:\/\/www.shouyasanitary.com\/fr\/wp-json\/wp\/v2\/types\/product"}],"replies":[{"embeddable":true,"href":"https:\/\/www.shouyasanitary.com\/fr\/wp-json\/wp\/v2\/comments?post=2863"}],"wp:featuredmedia":[{"embeddable":true,"href":"https:\/\/www.shouyasanitary.com\/fr\/wp-json\/wp\/v2\/media\/2867"}],"wp:attachment":[{"href":"https:\/\/www.shouyasanitary.com\/fr\/wp-json\/wp\/v2\/media?parent=2863"}],"wp:term":[{"taxonomy":"product_brand","embeddable":true,"href":"https:\/\/www.shouyasanitary.com\/fr\/wp-json\/wp\/v2\/product_brand?post=2863"},{"taxonomy":"product_cat","embeddable":true,"href":"https:\/\/www.shouyasanitary.com\/fr\/wp-json\/wp\/v2\/product_cat?post=2863"},{"taxonomy":"product_tag","embeddable":true,"href":"https:\/\/www.shouyasanitary.com\/fr\/wp-json\/wp\/v2\/product_tag?post=2863"}],"curies":[{"name":"wp","href":"https:\/\/api.w.org\/{rel}","templated":true}]}}