{"id":392,"date":"2025-04-09T12:09:18","date_gmt":"2025-04-09T12:09:18","guid":{"rendered":"https:\/\/www.shouyasanitary.com\/?post_type=product&#038;p=392"},"modified":"2025-05-12T10:11:17","modified_gmt":"2025-05-12T10:11:17","slug":"custom-bathroom-cabinets","status":"publish","type":"product","link":"https:\/\/www.shouyasanitary.com\/fr\/produit\/custom-bathroom-cabinets\/","title":{"rendered":"Armoires de salle de bain sur mesure avec miroir, meuble-lavabo moderne en contreplaqu\u00e9 Fournisseur"},"content":{"rendered":"<div class=\"wp-block-columns is-layout-flex wp-container-core-columns-is-layout-9d6595d7 wp-block-columns-is-layout-flex\">\n<div class=\"wp-block-column is-layout-flow wp-block-column-is-layout-flow\">\n<h2 class=\"wp-block-heading\">Armoires de salle de bains Caract\u00e9ristiques :<\/h2>\n\n\n\n<p><strong>Style moderne et minimaliste : <\/strong>ce meuble de salle de bains pr\u00e9sente un ton gris fonc\u00e9 sophistiqu\u00e9, parfaitement en phase avec les tendances actuelles en mati\u00e8re de design de salle de bains. Son allure \u00e9l\u00e9gante et moderne met en valeur tout espace contemporain.<\/p>\n\n\n\n<p><strong>Conception murale : <\/strong>Cette unit\u00e9 murale maximise l'espace au sol, \u00e9vite l'humidit\u00e9 et facilite le nettoyage des sols, ce qui convient particuli\u00e8rement aux projets d'h\u00f4tels et d'appartements.<\/p>\n\n\n\n<p><strong>Armoire de toilette : <\/strong>Le miroir LED combin\u00e9 \u00e0 un espace de rangement peut \u00eatre ouvert pour pr\u00e9senter des objets faciles d'acc\u00e8s, ou ferm\u00e9 pour cacher des objets superflus. Il rehausse la beaut\u00e9 de l'espace et r\u00e9pond au double besoin de la fonction et de la d\u00e9coration.<\/p>\n\n\n\n<p><strong>Bande lumineuse LED environnante :<\/strong> Des bandes lumineuses LED sont int\u00e9gr\u00e9es sur les quatre c\u00f4t\u00e9s du miroir et de l'armoire de toilette, et la lumi\u00e8re est douce et uniforme, ce qui est pratique pour les utilisateurs la nuit.<\/p>\n\n\n\n<p><strong>Service de personnalisation en vrac : <\/strong>Nous proposons des solutions semi-personnalis\u00e9es en vrac, avec une gamme de choix comprenant la couleur des armoires, les configurations des armoires de toilette, les mat\u00e9riaux des comptoirs et les styles de robinetterie, ce qui vous permet d'adapter la conception \u00e0 vos besoins sp\u00e9cifiques.<\/p>\n<\/div>\n\n\n\n<div class=\"wp-block-column is-layout-flow wp-block-column-is-layout-flow\"><div class=\"wp-block-image\">\n<figure class=\"aligncenter size-full\"><img decoding=\"async\" width=\"800\" height=\"800\" src=\"https:\/\/www.shouyasanitary.com\/wp-content\/uploads\/2025\/04\/custom-bathroom-cabinets-modern-vanity-wholesale-3.webp\" alt=\"Meubles de salle de bain sur mesure Meubles de salle de bain modernes (3)\" class=\"wp-image-386\" style=\"object-fit:cover\" srcset=\"https:\/\/www.shouyasanitary.com\/wp-content\/uploads\/2025\/04\/custom-bathroom-cabinets-modern-vanity-wholesale-3.webp 800w, https:\/\/www.shouyasanitary.com\/wp-content\/uploads\/2025\/04\/custom-bathroom-cabinets-modern-vanity-wholesale-3-300x300.webp 300w, https:\/\/www.shouyasanitary.com\/wp-content\/uploads\/2025\/04\/custom-bathroom-cabinets-modern-vanity-wholesale-3-150x150.webp 150w, https:\/\/www.shouyasanitary.com\/wp-content\/uploads\/2025\/04\/custom-bathroom-cabinets-modern-vanity-wholesale-3-768x768.webp 768w, https:\/\/www.shouyasanitary.com\/wp-content\/uploads\/2025\/04\/custom-bathroom-cabinets-modern-vanity-wholesale-3-600x600.webp 600w, https:\/\/www.shouyasanitary.com\/wp-content\/uploads\/2025\/04\/custom-bathroom-cabinets-modern-vanity-wholesale-3-100x100.webp 100w\" sizes=\"(max-width: 800px) 100vw, 800px\" \/><\/figure>\n<\/div><\/div>\n<\/div>","protected":false},"excerpt":{"rendered":"<p>Bienvenue aux armoires de salle de bain personnalis\u00e9es et en gros avec des armoires de miroir LED, un design gris fonc\u00e9, est une solution moderne de vanit\u00e9 de salle de bain. Produits semi-personnalis\u00e9s en vrac en stock avec diverses options de personnalisation. Livraison rapide. Contactez-nous pour obtenir un devis !<\/p>\n<h2>Attributs des armoires de salle de bains\uff1a<\/h2>\n<p><strong>Num\u00e9ro d'article<\/strong>: LD3684-80G<br \/><strong>Mat\u00e9riau de l'armoire<\/strong>: Contreplaqu\u00e9<br \/><strong>Couleur de l'armoire<\/strong>: Gris fonc\u00e9<br \/><strong>Miroir<\/strong>: Miroir LED (3,5mm \/ 3,8mm), \u00e9clairage tricolore, d\u00e9sembuage par simple pression d'une touche, s\u00e9curis\u00e9 par un emballage en mousse multicouche. <br \/><strong>Type d'installation<\/strong>: Montage mural <br \/><strong>Dimensions (L \u00d7 L \u00d7 H)<\/strong>: 80 x 47 x 48 cm<br \/><strong>Poids brut<\/strong>: 31 kg\/set<\/p>\n<h2>Personnalisation et services :<\/h2>\n<p><strong>OEM ET ODM<\/strong>: Pris en charge<br \/><strong>Conception<\/strong>: Gratuit<br \/><strong>Accessoires<\/strong>: Lavabos, miroirs, robinets et autres accessoires de salle de bains<br \/><strong>Emballage<\/strong>: Pr\u00eat \u00e0 monter<\/p>","protected":false},"featured_media":386,"comment_status":"closed","ping_status":"closed","template":"","meta":{"_acf_changed":true},"product_brand":[],"product_cat":[20],"product_tag":[],"class_list":{"0":"post-392","1":"product","2":"type-product","3":"status-publish","4":"has-post-thumbnail","6":"product_cat-wholesale-plywood-bathroom-vanity-cabinets","8":"first","9":"instock","10":"shipping-taxable","11":"product-type-simple"},"acf":[],"_links":{"self":[{"href":"https:\/\/www.shouyasanitary.com\/fr\/wp-json\/wp\/v2\/product\/392","targetHints":{"allow":["GET"]}}],"collection":[{"href":"https:\/\/www.shouyasanitary.com\/fr\/wp-json\/wp\/v2\/product"}],"about":[{"href":"https:\/\/www.shouyasanitary.com\/fr\/wp-json\/wp\/v2\/types\/product"}],"replies":[{"embeddable":true,"href":"https:\/\/www.shouyasanitary.com\/fr\/wp-json\/wp\/v2\/comments?post=392"}],"wp:featuredmedia":[{"embeddable":true,"href":"https:\/\/www.shouyasanitary.com\/fr\/wp-json\/wp\/v2\/media\/386"}],"wp:attachment":[{"href":"https:\/\/www.shouyasanitary.com\/fr\/wp-json\/wp\/v2\/media?parent=392"}],"wp:term":[{"taxonomy":"product_brand","embeddable":true,"href":"https:\/\/www.shouyasanitary.com\/fr\/wp-json\/wp\/v2\/product_brand?post=392"},{"taxonomy":"product_cat","embeddable":true,"href":"https:\/\/www.shouyasanitary.com\/fr\/wp-json\/wp\/v2\/product_cat?post=392"},{"taxonomy":"product_tag","embeddable":true,"href":"https:\/\/www.shouyasanitary.com\/fr\/wp-json\/wp\/v2\/product_tag?post=392"}],"curies":[{"name":"wp","href":"https:\/\/api.w.org\/{rel}","templated":true}]}}