{"id":393,"date":"2025-04-09T12:30:12","date_gmt":"2025-04-09T12:30:12","guid":{"rendered":"https:\/\/www.shouyasanitary.com\/?post_type=product&#038;p=393"},"modified":"2025-10-28T07:04:10","modified_gmt":"2025-10-28T07:04:10","slug":"bathroom-cabinet-wholesale","status":"publish","type":"product","link":"https:\/\/www.shouyasanitary.com\/fr\/produit\/bathroom-cabinet-wholesale\/","title":{"rendered":"Meuble de salle de bain en contreplaqu\u00e9 Wholesale, Floating Bathroom Vanity with Oval Mirror Supplier"},"content":{"rendered":"<div class=\"wp-block-columns is-layout-flex wp-container-core-columns-is-layout-9d6595d7 wp-block-columns-is-layout-flex\">\n<div class=\"wp-block-column is-layout-flow wp-block-column-is-layout-flow\">\n<h2 class=\"wp-block-heading\">Armoire de salle de bain en contreplaqu\u00e9 Caract\u00e9ristiques :<\/h2>\n\n\n\n<p><strong>Mat\u00e9riau en contreplaqu\u00e9 de haute qualit\u00e9<\/strong>Structure stable, r\u00e9sistante \u00e0 l'humidit\u00e9 et durable, mat\u00e9riau l\u00e9ger, facile \u00e0 transporter et \u00e0 installer.<\/p>\n\n\n\n<p><strong>Miroir de forme ovale unique :<\/strong> L'\u00e9l\u00e9gante forme ovale cr\u00e9e une douceur visuelle et une fluidit\u00e9 spatiale, met en valeur l'espace de la salle de bains et convient aux maisons haut de gamme et aux h\u00f4tels de charme.<\/p>\n\n\n\n<p><strong>Installation contre le mur<\/strong>Conception en hauteur, r\u00e9sistante \u00e0 l'humidit\u00e9 et \u00e0 la moisissure, facile \u00e0 nettoyer, particuli\u00e8rement adapt\u00e9e aux h\u00f4tels haut de gamme, aux clubs, aux appartements, etc.<\/p>\n\n\n\n<p><strong>Coins arrondis<\/strong>: Les coins de l'armoire et du miroir sont dot\u00e9s de chanfreins arrondis, ce qui permet d'\u00e9viter les collisions et d'assurer la s\u00e9curit\u00e9, et les lignes pr\u00e9sentent une texture lisse et un savoir-faire de premier ordre.<\/p>\n\n\n\n<p><strong>Soutenir les services personnalis\u00e9s<\/strong>Les produits de l'entreprise : peuvent fournir de multiples sp\u00e9cifications de personnalisation, prendre en charge la couleur du miroir, la couleur de l'armoire et la personnalisation de la d\u00e9coration afin de r\u00e9pondre aux besoins des diff\u00e9rents projets de d\u00e9coration.<\/p>\n\n\n\n<p><strong>Sortie d'usine, approvisionnement stable<\/strong>: La personnalisation en masse permet de b\u00e9n\u00e9ficier de remises plus importantes pour r\u00e9pondre aux besoins d'approvisionnement.<\/p>\n<\/div>\n\n\n\n<div class=\"wp-block-column is-layout-flow wp-block-column-is-layout-flow\"><div class=\"wp-block-image\">\n<figure class=\"aligncenter size-full\"><img decoding=\"async\" width=\"1080\" height=\"1080\" src=\"https:\/\/www.shouyasanitary.com\/wp-content\/uploads\/2025\/04\/bathroom-cabinet-wholesale-luxury-vanities-custom-1.webp\" alt=\"meuble de salle de bain en gros meuble-lavabo de luxe sur mesure (1)\" class=\"wp-image-381\" style=\"object-fit:cover\" srcset=\"https:\/\/www.shouyasanitary.com\/wp-content\/uploads\/2025\/04\/bathroom-cabinet-wholesale-luxury-vanities-custom-1.webp 1080w, https:\/\/www.shouyasanitary.com\/wp-content\/uploads\/2025\/04\/bathroom-cabinet-wholesale-luxury-vanities-custom-1-300x300.webp 300w, https:\/\/www.shouyasanitary.com\/wp-content\/uploads\/2025\/04\/bathroom-cabinet-wholesale-luxury-vanities-custom-1-150x150.webp 150w, https:\/\/www.shouyasanitary.com\/wp-content\/uploads\/2025\/04\/bathroom-cabinet-wholesale-luxury-vanities-custom-1-768x768.webp 768w, https:\/\/www.shouyasanitary.com\/wp-content\/uploads\/2025\/04\/bathroom-cabinet-wholesale-luxury-vanities-custom-1-600x600.webp 600w, https:\/\/www.shouyasanitary.com\/wp-content\/uploads\/2025\/04\/bathroom-cabinet-wholesale-luxury-vanities-custom-1-100x100.webp 100w\" sizes=\"(max-width: 1080px) 100vw, 1080px\" \/><\/figure>\n<\/div><\/div>\n<\/div>","protected":false},"excerpt":{"rendered":"<p>Bienvenue dans la vente en gros d'armoires de salle de bain avec miroirs LED ovales, lavabos, robinets, etc. Armoire murale moderne, stock en vrac, possibilit\u00e9 de personnalisation OEM, vente directe de l'usine Shouya, n'h\u00e9sitez pas \u00e0 vous renseigner !<\/p>\n<h2>Attributs du meuble de salle de bains\uff1a<\/h2>\n<p><strong>Num\u00e9ro d'article :<\/strong>LD2026-80<strong><br \/>Mat\u00e9riau de l'armoire :<\/strong> Contreplaqu\u00e9<br \/><strong>Couleur de l'armoire : <\/strong> Blanc<br \/><strong>Miroir :<\/strong>\u00a0Miroir LED (3,5 mm \/ 3,8 mm), \u00e9clairage tricolore, d\u00e9sembuage par simple pression d'une touche, s\u00e9curis\u00e9 par un emballage en mousse multicouche<br \/><strong>Type d'installation :<\/strong>\u00a0Montage mural<br \/><strong>Dimensions (L \u00d7 L \u00d7 H) :<\/strong> 80 x 50 x 47 cm<br \/><strong>Poids brut :<\/strong> 30 kg\/set<\/p>\n<h2>Personnalisation et services :<\/h2>\n<p><strong>OEM ET ODM<\/strong>: Pris en charge<br \/><strong>Conception<\/strong>: Gratuit<br \/><strong>Accessoires<\/strong>: Lavabos, miroirs, robinets et autres accessoires de salle de bains<br \/><strong>Emballage<\/strong>: Pr\u00eat \u00e0 monter<\/p>","protected":false},"featured_media":381,"comment_status":"closed","ping_status":"closed","template":"","meta":{"_acf_changed":false},"product_brand":[],"product_cat":[20],"product_tag":[],"class_list":{"0":"post-393","1":"product","2":"type-product","3":"status-publish","4":"has-post-thumbnail","6":"product_cat-wholesale-plywood-bathroom-vanity-cabinets","8":"first","9":"instock","10":"shipping-taxable","11":"product-type-simple"},"acf":[],"_links":{"self":[{"href":"https:\/\/www.shouyasanitary.com\/fr\/wp-json\/wp\/v2\/product\/393","targetHints":{"allow":["GET"]}}],"collection":[{"href":"https:\/\/www.shouyasanitary.com\/fr\/wp-json\/wp\/v2\/product"}],"about":[{"href":"https:\/\/www.shouyasanitary.com\/fr\/wp-json\/wp\/v2\/types\/product"}],"replies":[{"embeddable":true,"href":"https:\/\/www.shouyasanitary.com\/fr\/wp-json\/wp\/v2\/comments?post=393"}],"wp:featuredmedia":[{"embeddable":true,"href":"https:\/\/www.shouyasanitary.com\/fr\/wp-json\/wp\/v2\/media\/381"}],"wp:attachment":[{"href":"https:\/\/www.shouyasanitary.com\/fr\/wp-json\/wp\/v2\/media?parent=393"}],"wp:term":[{"taxonomy":"product_brand","embeddable":true,"href":"https:\/\/www.shouyasanitary.com\/fr\/wp-json\/wp\/v2\/product_brand?post=393"},{"taxonomy":"product_cat","embeddable":true,"href":"https:\/\/www.shouyasanitary.com\/fr\/wp-json\/wp\/v2\/product_cat?post=393"},{"taxonomy":"product_tag","embeddable":true,"href":"https:\/\/www.shouyasanitary.com\/fr\/wp-json\/wp\/v2\/product_tag?post=393"}],"curies":[{"name":"wp","href":"https:\/\/api.w.org\/{rel}","templated":true}]}}