{"id":394,"date":"2025-04-09T12:43:10","date_gmt":"2025-04-09T12:43:10","guid":{"rendered":"https:\/\/www.shouyasanitary.com\/?post_type=product&#038;p=394"},"modified":"2025-05-12T10:17:23","modified_gmt":"2025-05-12T10:17:23","slug":"wholesale-bathroom-cabinets","status":"publish","type":"product","link":"https:\/\/www.shouyasanitary.com\/fr\/produit\/wholesale-bathroom-cabinets\/","title":{"rendered":"Wholesale Bathroom Cabinets Wall Mounted with Mirror, Bathroom Vanity Bulk (Armoires de salle de bain \u00e0 montage mural avec miroir)"},"content":{"rendered":"<div class=\"wp-block-columns is-layout-flex wp-container-core-columns-is-layout-9d6595d7 wp-block-columns-is-layout-flex\">\n<div class=\"wp-block-column is-layout-flow wp-block-column-is-layout-flow\">\n<h2 class=\"wp-block-heading\">Caract\u00e9ristiques du meuble de salle de bains\uff1a<\/h2>\n\n\n\n<p><strong>Contreplaqu\u00e9 haute r\u00e9sistance : <\/strong>La structure en bois massif multicouche est adopt\u00e9e pour am\u00e9liorer la r\u00e9sistance \u00e0 la d\u00e9formation et la durabilit\u00e9. L'excellente r\u00e9sistance \u00e0 l'humidit\u00e9 garantit que l'armoire peut s'adapter \u00e0 l'environnement tr\u00e8s humide de la salle de bains.<\/p>\n\n\n\n<p><strong>Conception murale : <\/strong>L'installation suspendue permet d'\u00e9conomiser de l'espace au sol, est facile \u00e0 nettoyer et renforce l'impression de modernit\u00e9 de la salle de bains. S'adapte aux exigences d'installation \u00e0 diff\u00e9rentes hauteurs et offre une grande flexibilit\u00e9.<\/p>\n\n\n\n<p><strong>\u00c9clairage intelligent de l'armoire de toilette \u00e0 LED :<\/strong> Bande lumineuse LED douce int\u00e9gr\u00e9e, fournissant une lumi\u00e8re naturelle. Interrupteur tactile ou \u00e0 induction, facile \u00e0 utiliser.<\/p>\n\n\n\n<p><strong>Espace de rangement multifonctionnel : <\/strong>Combinaison d'une armoire de toilette et d'une armoire principale, s\u00e9paration du sec et de l'humide, stockage class\u00e9. Les \u00e9tag\u00e8res r\u00e9glables et les glissi\u00e8res silencieuses rendent le stockage plus efficace et plus fluide.<\/p>\n\n\n\n<p><strong>Facile \u00e0 installer : <\/strong>Les armoires de salle de bains sont faciles \u00e0 installer et peuvent \u00eatre assembl\u00e9es rapidement sans op\u00e9rations compliqu\u00e9es, ce qui permet d'\u00e9conomiser du temps et de la main-d'\u0153uvre.<\/p>\n\n\n\n<p><strong>Multi-couleurs et multi-styles en option : <\/strong>offrent une vari\u00e9t\u00e9 de finitions et d'options de taille pour r\u00e9pondre \u00e0 des besoins personnalis\u00e9s. Prise en charge de la personnalisation OEM\/ODM<\/p>\n<\/div>\n\n\n\n<div class=\"wp-block-column is-layout-flow wp-block-column-is-layout-flow\"><div class=\"wp-block-image\">\n<figure class=\"aligncenter size-full\"><img decoding=\"async\" width=\"800\" height=\"800\" src=\"https:\/\/www.shouyasanitary.com\/wp-content\/uploads\/2025\/04\/wholesale-bathroom-cabinets-wall-mounted-vanity-bulk-1.webp\" alt=\"grossiste armoires de salle de bain vanit\u00e9 murale bulk (1)\" class=\"wp-image-389\" style=\"object-fit:cover\" srcset=\"https:\/\/www.shouyasanitary.com\/wp-content\/uploads\/2025\/04\/wholesale-bathroom-cabinets-wall-mounted-vanity-bulk-1.webp 800w, https:\/\/www.shouyasanitary.com\/wp-content\/uploads\/2025\/04\/wholesale-bathroom-cabinets-wall-mounted-vanity-bulk-1-300x300.webp 300w, https:\/\/www.shouyasanitary.com\/wp-content\/uploads\/2025\/04\/wholesale-bathroom-cabinets-wall-mounted-vanity-bulk-1-150x150.webp 150w, https:\/\/www.shouyasanitary.com\/wp-content\/uploads\/2025\/04\/wholesale-bathroom-cabinets-wall-mounted-vanity-bulk-1-768x768.webp 768w, https:\/\/www.shouyasanitary.com\/wp-content\/uploads\/2025\/04\/wholesale-bathroom-cabinets-wall-mounted-vanity-bulk-1-600x600.webp 600w, https:\/\/www.shouyasanitary.com\/wp-content\/uploads\/2025\/04\/wholesale-bathroom-cabinets-wall-mounted-vanity-bulk-1-100x100.webp 100w\" sizes=\"(max-width: 800px) 100vw, 800px\" \/><\/figure>\n<\/div><\/div>\n<\/div>","protected":false},"excerpt":{"rendered":"<p>Armoires de salle de bain en gros avec double tiroirs, armoire de toilette et robinet, ensemble complet de solutions de vanit\u00e9 de salle de bain. Apparence moderne et simple, haut de gamme et \u00e9l\u00e9gante, facile \u00e0 installer, service OEM\/ODM. Contactez-nous d\u00e8s maintenant pour des solutions personnalis\u00e9es et des devis en gros !<\/p>\n<h2>Attributs du meuble de salle de bains\uff1a<\/h2>\n<p><strong>Num\u00e9ro d'article<\/strong>: SY2016-60<br \/><strong>Mat\u00e9riau de l'armoire :<\/strong>\u00a0Contreplaqu\u00e9<br \/><strong>Couleur de l'armoire : <\/strong>Blanc<br \/><strong>Miroir :<\/strong> Miroir LED (3,5 mm\/3,8 mm), \u00e9clairage tricolore, d\u00e9sembuage par simple pression d'une touche, s\u00e9curis\u00e9 par un emballage en mousse multicouche.<br \/><strong>Type d'installation :<\/strong>\u00a0Montage mural<br \/><strong>Dimensions (L\u00d7L\u00d7H) :<\/strong> 60x50x47 cm<br \/><strong>Poids brut :<\/strong> 27 kg\/set<\/p>\n<h2>Personnalisation et services :<\/h2>\n<p><strong>OEM ET ODM<\/strong>: Pris en charge<br \/><strong>Conception<\/strong>: Gratuit<br \/><strong>Accessoires<\/strong>: Lavabos, miroirs, robinets et autres accessoires de salle de bains<br \/><strong>Emballage<\/strong>: Pr\u00eat \u00e0 monter<\/p>","protected":false},"featured_media":389,"comment_status":"closed","ping_status":"closed","template":"","meta":{"_acf_changed":true},"product_brand":[],"product_cat":[20],"product_tag":[],"class_list":{"0":"post-394","1":"product","2":"type-product","3":"status-publish","4":"has-post-thumbnail","6":"product_cat-wholesale-plywood-bathroom-vanity-cabinets","8":"first","9":"instock","10":"shipping-taxable","11":"product-type-simple"},"acf":[],"_links":{"self":[{"href":"https:\/\/www.shouyasanitary.com\/fr\/wp-json\/wp\/v2\/product\/394","targetHints":{"allow":["GET"]}}],"collection":[{"href":"https:\/\/www.shouyasanitary.com\/fr\/wp-json\/wp\/v2\/product"}],"about":[{"href":"https:\/\/www.shouyasanitary.com\/fr\/wp-json\/wp\/v2\/types\/product"}],"replies":[{"embeddable":true,"href":"https:\/\/www.shouyasanitary.com\/fr\/wp-json\/wp\/v2\/comments?post=394"}],"wp:featuredmedia":[{"embeddable":true,"href":"https:\/\/www.shouyasanitary.com\/fr\/wp-json\/wp\/v2\/media\/389"}],"wp:attachment":[{"href":"https:\/\/www.shouyasanitary.com\/fr\/wp-json\/wp\/v2\/media?parent=394"}],"wp:term":[{"taxonomy":"product_brand","embeddable":true,"href":"https:\/\/www.shouyasanitary.com\/fr\/wp-json\/wp\/v2\/product_brand?post=394"},{"taxonomy":"product_cat","embeddable":true,"href":"https:\/\/www.shouyasanitary.com\/fr\/wp-json\/wp\/v2\/product_cat?post=394"},{"taxonomy":"product_tag","embeddable":true,"href":"https:\/\/www.shouyasanitary.com\/fr\/wp-json\/wp\/v2\/product_tag?post=394"}],"curies":[{"name":"wp","href":"https:\/\/api.w.org\/{rel}","templated":true}]}}