{"id":411,"date":"2025-04-09T11:14:20","date_gmt":"2025-04-09T11:14:20","guid":{"rendered":"https:\/\/www.shouyasanitary.com\/?post_type=product&#038;p=411"},"modified":"2025-05-12T10:07:50","modified_gmt":"2025-05-12T10:07:50","slug":"bathroom-vanity-wholesale","status":"publish","type":"product","link":"https:\/\/www.shouyasanitary.com\/fr\/produit\/bathroom-vanity-wholesale\/","title":{"rendered":"Meuble de salle de bain en gros, Meuble moderne \u00e0 vasque murale sur mesure"},"content":{"rendered":"<div class=\"wp-block-columns is-layout-flex wp-container-core-columns-is-layout-9d6595d7 wp-block-columns-is-layout-flex\">\n<div class=\"wp-block-column is-layout-flow wp-block-column-is-layout-flow\">\n<h2 class=\"wp-block-heading\">Caract\u00e9ristiques du meuble-lavabo\uff1a<\/h2>\n\n\n\n<p><strong>Mat\u00e9riau mable haut de gamme :<\/strong> r\u00e9sistant \u00e0 l'usure et \u00e9pais, facile \u00e0 nettoyer, garantissant que le meuble de salle de bains peut rester en bon \u00e9tat pendant longtemps, m\u00eame dans un environnement humide.<\/p>\n\n\n\n<p><strong>D\u00e9coration en bois rose : <\/strong>design en grain de roche rose naturel, \u00e0 la mode, adapt\u00e9 aux salles de bains haut de gamme<\/p>\n\n\n\n<p><strong>Conception murale : <\/strong>La conception murale facilite le nettoyage de l'armoire de salle de bains, augmente l'espace de stockage, \u00e9vite l'accumulation d'eau et permet de garder l'armoire propre et bien rang\u00e9e.<\/p>\n\n\n\n<p><strong>Double \u00e9vier : <\/strong>Le double \u00e9vier offre plus d'espace pour les salles de bains domestiques ou publiques.<\/p>\n\n\n\n<p><strong>Solution luxueuse pour la salle de bains : <\/strong>\u00e9quip\u00e9e d'accessoires de salle de bains tels que des robinets noirs mats et de grands miroirs intelligents \u00e0 LED pour cr\u00e9er une coiffeuse luxueuse et \u00e0 la mode dans la salle de bains<\/p>\n\n\n\n<p><strong>Prise en charge de la personnalisation OEM et ODM : <\/strong>La taille, la couleur, le style de miroir, les accessoires de robinetterie, etc. peuvent \u00eatre personnalis\u00e9s. Fournir des plans de coop\u00e9ration flexibles tels que l'ing\u00e9nierie de projet, l'agence de marque, la distribution en gros, etc.<\/p>\n<\/div>\n\n\n\n<div class=\"wp-block-column is-layout-flow wp-block-column-is-layout-flow\"><div class=\"wp-block-image\">\n<figure class=\"aligncenter size-full\"><img decoding=\"async\" width=\"1200\" height=\"1200\" src=\"https:\/\/www.shouyasanitary.com\/wp-content\/uploads\/2025\/04\/Bathroom-Vanity-Wholesale-Wash-Basin-Cabinet-Bulk-4.webp\" alt=\"Salle de bain Vanity Wholesale Wash Basin Cabinet Bulk (4)\" class=\"wp-image-428\" style=\"object-fit:cover\" srcset=\"https:\/\/www.shouyasanitary.com\/wp-content\/uploads\/2025\/04\/Bathroom-Vanity-Wholesale-Wash-Basin-Cabinet-Bulk-4.webp 1200w, https:\/\/www.shouyasanitary.com\/wp-content\/uploads\/2025\/04\/Bathroom-Vanity-Wholesale-Wash-Basin-Cabinet-Bulk-4-300x300.webp 300w, https:\/\/www.shouyasanitary.com\/wp-content\/uploads\/2025\/04\/Bathroom-Vanity-Wholesale-Wash-Basin-Cabinet-Bulk-4-150x150.webp 150w, https:\/\/www.shouyasanitary.com\/wp-content\/uploads\/2025\/04\/Bathroom-Vanity-Wholesale-Wash-Basin-Cabinet-Bulk-4-768x768.webp 768w, https:\/\/www.shouyasanitary.com\/wp-content\/uploads\/2025\/04\/Bathroom-Vanity-Wholesale-Wash-Basin-Cabinet-Bulk-4-600x600.webp 600w, https:\/\/www.shouyasanitary.com\/wp-content\/uploads\/2025\/04\/Bathroom-Vanity-Wholesale-Wash-Basin-Cabinet-Bulk-4-100x100.webp 100w\" sizes=\"(max-width: 1200px) 100vw, 1200px\" \/><\/figure>\n<\/div><\/div>\n<\/div>","protected":false},"excerpt":{"rendered":"<p>Bienvenue aux vanit\u00e9s de salle de bain en gros et sur mesure, pr\u00e9sentant une structure murale \u00e9l\u00e9gante avec une finition en marbre. \u00c9quip\u00e9s d'un \u00e9clairage int\u00e9gr\u00e9, de robinets et de miroirs intelligents \u00e0 LED, cr\u00e9ez des solutions de salle de bain luxueuses. Profitez de prix d'usine et de services logistiques fiables pour les commandes en gros. Contactez-nous d\u00e8s maintenant pour obtenir des devis gratuits et des catalogues de produits !<\/p>\n<h2>Attributs du meuble-lavabo\uff1a<\/h2>\n<p><strong>Num\u00e9ro d'article<\/strong>: SYZ1052<br \/><strong>Mat\u00e9riau de l'armoire<\/strong>: Marbre <br \/><strong>Couleur de l'armoire<\/strong>: Rose<br \/><strong>Miroir<\/strong>: Miroir LED (3,5mm \/ 3,8mm), \u00e9clairage tricolore, d\u00e9sembuage par simple pression d'une touche, s\u00e9curis\u00e9 par un emballage en mousse multicouche. <br \/><strong>Type d'installation<\/strong>: Montage mural <br \/><strong>Dimensions (L \u00d7 L \u00d7 H)<\/strong>: 100 \u00d7 47 \u00d7 25 cm <br \/><strong>Poids brut<\/strong>: 30 kg\/set<\/p>\n<h2>Personnalisation et services :<\/h2>\n<p><strong>OEM ET ODM<\/strong>: Pris en charge<br \/><strong>Conception<\/strong>: Gratuit<br \/><strong>Accessoires<\/strong>: Lavabos, miroirs, robinets et autres accessoires de salle de bains<br \/><strong>Emballage<\/strong>: Pr\u00eat \u00e0 monter<\/p>","protected":false},"featured_media":428,"comment_status":"closed","ping_status":"closed","template":"","meta":{"_acf_changed":true},"product_brand":[],"product_cat":[22],"product_tag":[],"class_list":{"0":"post-411","1":"product","2":"type-product","3":"status-publish","4":"has-post-thumbnail","6":"product_cat-wholesale-marble-bathroom-vanity-cabinets","8":"first","9":"instock","10":"shipping-taxable","11":"product-type-simple"},"acf":[],"_links":{"self":[{"href":"https:\/\/www.shouyasanitary.com\/fr\/wp-json\/wp\/v2\/product\/411","targetHints":{"allow":["GET"]}}],"collection":[{"href":"https:\/\/www.shouyasanitary.com\/fr\/wp-json\/wp\/v2\/product"}],"about":[{"href":"https:\/\/www.shouyasanitary.com\/fr\/wp-json\/wp\/v2\/types\/product"}],"replies":[{"embeddable":true,"href":"https:\/\/www.shouyasanitary.com\/fr\/wp-json\/wp\/v2\/comments?post=411"}],"wp:featuredmedia":[{"embeddable":true,"href":"https:\/\/www.shouyasanitary.com\/fr\/wp-json\/wp\/v2\/media\/428"}],"wp:attachment":[{"href":"https:\/\/www.shouyasanitary.com\/fr\/wp-json\/wp\/v2\/media?parent=411"}],"wp:term":[{"taxonomy":"product_brand","embeddable":true,"href":"https:\/\/www.shouyasanitary.com\/fr\/wp-json\/wp\/v2\/product_brand?post=411"},{"taxonomy":"product_cat","embeddable":true,"href":"https:\/\/www.shouyasanitary.com\/fr\/wp-json\/wp\/v2\/product_cat?post=411"},{"taxonomy":"product_tag","embeddable":true,"href":"https:\/\/www.shouyasanitary.com\/fr\/wp-json\/wp\/v2\/product_tag?post=411"}],"curies":[{"name":"wp","href":"https:\/\/api.w.org\/{rel}","templated":true}]}}