{"id":422,"date":"2025-04-09T07:47:56","date_gmt":"2025-04-09T07:47:56","guid":{"rendered":"https:\/\/www.shouyasanitary.com\/?post_type=product&#038;p=422"},"modified":"2025-10-28T06:54:39","modified_gmt":"2025-10-28T06:54:39","slug":"wholesale-bathroom-vanity","status":"publish","type":"product","link":"https:\/\/www.shouyasanitary.com\/fr\/produit\/wholesale-bathroom-vanity\/","title":{"rendered":"Wholesale Bathroom Vanity Marble Bathroom Cabinet with Mirror Double Sink"},"content":{"rendered":"<div class=\"wp-block-columns is-layout-flex wp-container-core-columns-is-layout-9d6595d7 wp-block-columns-is-layout-flex\">\n<div class=\"wp-block-column is-layout-flow wp-block-column-is-layout-flow\">\n<h2 class=\"wp-block-heading\">Caract\u00e9ristiques du meuble-lavabo en gros :<\/h2>\n\n\n\n<p><strong>Mat\u00e9riau en marbre de haute qualit\u00e9 :<\/strong> Fabriqu\u00e9 en marbre, il est imperm\u00e9able, lisse, r\u00e9sistant \u00e0 l'usure et tr\u00e8s durable.<\/p>\n\n\n\n<p><strong>Motif sp\u00e9cial en marbre<\/strong>: Le motif de marbre offre une texture distinctive et naturelle, alliant modernit\u00e9 et nature, et apporte de l'\u00e9l\u00e9gance \u00e0 la salle de bains.<\/p>\n\n\n\n<p><strong>Double \u00e9vier de grande capacit\u00e9 : <\/strong>L'\u00e9vier double permet \u00e0 plusieurs personnes de l'utiliser en m\u00eame temps, l'\u00e9vier profond \u00e9largi est prot\u00e9g\u00e9 contre les \u00e9claboussures et l'\u00e9vacuation est rapide et ne se bouche pas, ce qui convient aux familles compos\u00e9es de plusieurs personnes et aux sc\u00e8nes commerciales.<\/p>\n\n\n\n<p><strong>Conception murale :<\/strong> Elle permet d'\u00e9conomiser de l'espace au sol, d'am\u00e9liorer l'exp\u00e9rience visuelle de la salle de bains et d'accro\u00eetre l'impression d'ouverture de la salle de bains.<\/p>\n\n\n\n<p><strong>Service de personnalisation flexible :<\/strong> Nous prenons en charge la personnalisation de la taille, de la couleur, du logo et d'autres besoins, et fournissons des services OEM\/ODM.<\/p>\n<\/div>\n\n\n\n<div class=\"wp-block-column is-layout-flow wp-block-column-is-layout-flow\"><div class=\"wp-block-image\">\n<figure class=\"aligncenter size-full\"><img decoding=\"async\" width=\"1200\" height=\"1200\" src=\"https:\/\/www.shouyasanitary.com\/wp-content\/uploads\/2025\/04\/Wholesale-Bathroom-Vanity-Double-Sink-Custom-4-1.webp\" alt=\"Wholesale Bathroom Vanity Double Sink Custom (4)\" class=\"wp-image-425\" style=\"object-fit:cover\" srcset=\"https:\/\/www.shouyasanitary.com\/wp-content\/uploads\/2025\/04\/Wholesale-Bathroom-Vanity-Double-Sink-Custom-4-1.webp 1200w, https:\/\/www.shouyasanitary.com\/wp-content\/uploads\/2025\/04\/Wholesale-Bathroom-Vanity-Double-Sink-Custom-4-1-300x300.webp 300w, https:\/\/www.shouyasanitary.com\/wp-content\/uploads\/2025\/04\/Wholesale-Bathroom-Vanity-Double-Sink-Custom-4-1-150x150.webp 150w, https:\/\/www.shouyasanitary.com\/wp-content\/uploads\/2025\/04\/Wholesale-Bathroom-Vanity-Double-Sink-Custom-4-1-768x768.webp 768w, https:\/\/www.shouyasanitary.com\/wp-content\/uploads\/2025\/04\/Wholesale-Bathroom-Vanity-Double-Sink-Custom-4-1-600x600.webp 600w, https:\/\/www.shouyasanitary.com\/wp-content\/uploads\/2025\/04\/Wholesale-Bathroom-Vanity-Double-Sink-Custom-4-1-100x100.webp 100w\" sizes=\"(max-width: 1200px) 100vw, 1200px\" \/><\/figure>\n<\/div><\/div>\n<\/div>","protected":false},"excerpt":{"rendered":"<p>Armoire de salle de bain avec double \u00e9vier, avec un design unique de comptoir arqu\u00e9 et creux, moderne et \u00e9l\u00e9gant. Shouya fabricant d'armoire de salle de bain vente directe, fournit des services personnalis\u00e9s et l'ensemble complet d'accessoires de salle de bain commande en vrac, bienvenue \u00e0 demander !<\/p>\n<h2>Attributs du meuble-lavabo\uff1a<\/h2>\n<p><strong>Num\u00e9ro d'article<\/strong>: SYZ1051<br \/><strong>Mat\u00e9riau de l'armoire<\/strong>: Marbre <br \/><strong>Couleur de l'armoire<\/strong>: Noir et blanc <br \/><strong>Miroir<\/strong>: Miroir LED (3,5mm \/ 3,8mm), \u00e9clairage tricolore, d\u00e9sembuage par simple pression d'une touche, s\u00e9curis\u00e9 par un emballage en mousse multicouche. <br \/><strong>Type d'installation<\/strong>: Montage mural <br \/><strong>Dimensions (L \u00d7 L \u00d7 H)<\/strong>: 100 \u00d7 47 \u00d7 25 cm <br \/><strong>Poids brut<\/strong>: 31 kg\/set<\/p>\n<h2>Personnalisation et services :<\/h2>\n<p><strong>OEM ET ODM<\/strong>: Pris en charge<br \/><strong>Conception<\/strong>: Gratuit<br \/><strong>Accessoires<\/strong>: Lavabos, miroirs, robinets et autres accessoires de salle de bains<br \/><strong>Emballage<\/strong>: Pr\u00eat \u00e0 monter<\/p>","protected":false},"featured_media":425,"comment_status":"closed","ping_status":"closed","template":"","meta":{"_acf_changed":false},"product_brand":[],"product_cat":[22],"product_tag":[],"class_list":{"0":"post-422","1":"product","2":"type-product","3":"status-publish","4":"has-post-thumbnail","6":"product_cat-wholesale-marble-bathroom-vanity-cabinets","8":"first","9":"instock","10":"shipping-taxable","11":"product-type-simple"},"acf":[],"_links":{"self":[{"href":"https:\/\/www.shouyasanitary.com\/fr\/wp-json\/wp\/v2\/product\/422","targetHints":{"allow":["GET"]}}],"collection":[{"href":"https:\/\/www.shouyasanitary.com\/fr\/wp-json\/wp\/v2\/product"}],"about":[{"href":"https:\/\/www.shouyasanitary.com\/fr\/wp-json\/wp\/v2\/types\/product"}],"replies":[{"embeddable":true,"href":"https:\/\/www.shouyasanitary.com\/fr\/wp-json\/wp\/v2\/comments?post=422"}],"wp:featuredmedia":[{"embeddable":true,"href":"https:\/\/www.shouyasanitary.com\/fr\/wp-json\/wp\/v2\/media\/425"}],"wp:attachment":[{"href":"https:\/\/www.shouyasanitary.com\/fr\/wp-json\/wp\/v2\/media?parent=422"}],"wp:term":[{"taxonomy":"product_brand","embeddable":true,"href":"https:\/\/www.shouyasanitary.com\/fr\/wp-json\/wp\/v2\/product_brand?post=422"},{"taxonomy":"product_cat","embeddable":true,"href":"https:\/\/www.shouyasanitary.com\/fr\/wp-json\/wp\/v2\/product_cat?post=422"},{"taxonomy":"product_tag","embeddable":true,"href":"https:\/\/www.shouyasanitary.com\/fr\/wp-json\/wp\/v2\/product_tag?post=422"}],"curies":[{"name":"wp","href":"https:\/\/api.w.org\/{rel}","templated":true}]}}