{"id":430,"date":"2025-04-09T06:43:34","date_gmt":"2025-04-09T06:43:34","guid":{"rendered":"https:\/\/www.shouyasanitary.com\/?post_type=product&#038;p=430"},"modified":"2025-05-12T10:01:33","modified_gmt":"2025-05-12T10:01:33","slug":"bathroom-cabinets-wholesale","status":"publish","type":"product","link":"https:\/\/www.shouyasanitary.com\/fr\/produit\/bathroom-cabinets-wholesale\/","title":{"rendered":"Armoires de salle de bains Wholesale, Marble Single Vanity Bulk Custom"},"content":{"rendered":"<div class=\"wp-block-columns is-layout-flex wp-container-core-columns-is-layout-9d6595d7 wp-block-columns-is-layout-flex\">\n<div class=\"wp-block-column is-layout-flow wp-block-column-is-layout-flow\">\n<h2 class=\"wp-block-heading\">Caract\u00e9ristiques des armoires de salle de bains en marbre Wholesale\uff1a<\/h2>\n\n\n\n<p><strong>Design moderne et minimaliste : <\/strong>La forme g\u00e9om\u00e9trique et \u00e9l\u00e9gante de la vasque et du plan de travail int\u00e9gr\u00e9s permet d'\u00e9conomiser de l'espace et convient parfaitement aux projets de salles de bains commerciales et r\u00e9sidentielles modernes.<\/p>\n\n\n\n<p><strong>Finition en marbre de premi\u00e8re qualit\u00e9 :<\/strong> La texture \u00e9l\u00e9gante du marbre, avec son grain noir, sa surface lisse, son excellente r\u00e9sistance \u00e0 l'eau et aux rayures, lui conf\u00e8re un aspect luxueux et intemporel.<\/p>\n\n\n\n<p><strong>Mod\u00e8le d'\u00e9vier simple \u00e0 montage mural :<\/strong> Adapt\u00e9 aux salles de bains de petite et moyenne taille, le plateau lat\u00e9ral suppl\u00e9mentaire est pratique pour ranger\/afficher les objets n\u00e9cessaires \u00e0 la salle de bains. Son utilisation simple et efficace permet de r\u00e9pondre aux besoins quotidiens en mati\u00e8re de lavage.<\/p>\n\n\n\n<p><strong>Miroir avec LED : <\/strong>Le miroir de l'armoire de toilette est \u00e9quip\u00e9 d'une bande lumineuse LED, qui est \u00e9conome en \u00e9nergie et pratique, et fournit un \u00e9clairage clair et lumineux.<\/p>\n\n\n\n<p><strong>Options de personnalisation (commande group\u00e9e) :<\/strong> Une vari\u00e9t\u00e9 de motifs de marbre et de finitions de couleur sont disponibles. Les styles de miroir, les types de robinets et les finitions de la quincaillerie sont optionnels. Les services OEM et ODM sont pris en charge, la personnalisation des projets est possible.<\/p>\n<\/div>\n\n\n\n<div class=\"wp-block-column is-layout-flow wp-block-column-is-layout-flow\"><div class=\"wp-block-image\">\n<figure class=\"aligncenter size-full\"><img decoding=\"async\" width=\"1200\" height=\"1200\" src=\"https:\/\/www.shouyasanitary.com\/wp-content\/uploads\/2025\/04\/Bathroom-Cabinets-Wholesale-Single-Vanity-in-Bulk-1.webp\" alt=\"Armoires de Salle de Bain Grossiste Simple Vanity en Bulk (1)\" class=\"wp-image-416\" style=\"object-fit:cover\" srcset=\"https:\/\/www.shouyasanitary.com\/wp-content\/uploads\/2025\/04\/Bathroom-Cabinets-Wholesale-Single-Vanity-in-Bulk-1.webp 1200w, https:\/\/www.shouyasanitary.com\/wp-content\/uploads\/2025\/04\/Bathroom-Cabinets-Wholesale-Single-Vanity-in-Bulk-1-300x300.webp 300w, https:\/\/www.shouyasanitary.com\/wp-content\/uploads\/2025\/04\/Bathroom-Cabinets-Wholesale-Single-Vanity-in-Bulk-1-150x150.webp 150w, https:\/\/www.shouyasanitary.com\/wp-content\/uploads\/2025\/04\/Bathroom-Cabinets-Wholesale-Single-Vanity-in-Bulk-1-768x768.webp 768w, https:\/\/www.shouyasanitary.com\/wp-content\/uploads\/2025\/04\/Bathroom-Cabinets-Wholesale-Single-Vanity-in-Bulk-1-600x600.webp 600w, https:\/\/www.shouyasanitary.com\/wp-content\/uploads\/2025\/04\/Bathroom-Cabinets-Wholesale-Single-Vanity-in-Bulk-1-100x100.webp 100w\" sizes=\"(max-width: 1200px) 100vw, 1200px\" \/><\/figure>\n<\/div><\/div>\n<\/div>","protected":false},"excerpt":{"rendered":"<p>Meuble de salle de bains en gros avec vasque simple, miroir LED, robinet. Meuble de salle de bain moderne et simple, en marbre de haute qualit\u00e9, \u00e9quip\u00e9 de comptoirs lat\u00e9raux pour un rangement pratique. Nous disposons d'un magasin d'usine, d'un stock en vrac semi-personnalis\u00e9 et nous fournissons des services OEM et ODM pour r\u00e9pondre aux besoins de votre projet ou de votre marque !<\/p>\n<h2>Attributs des armoires de salle de bains\uff1a<\/h2>\n<p><strong>Num\u00e9ro d'article<\/strong>: SYY1054 <br \/><strong>Mat\u00e9riau de l'armoire<\/strong>: Marbre <br \/><strong>Couleur de l'armoire<\/strong>: Noir et blanc <br \/><strong>Miroir<\/strong>: Miroir LED (3,5mm \/ 3,8mm), \u00e9clairage tricolore, d\u00e9sembuage par simple pression d'une touche, s\u00e9curis\u00e9 par un emballage en mousse multicouche. <br \/><strong>Type d'installation<\/strong>: Montage mural <br \/><strong>Dimensions (L \u00d7 L \u00d7 H)<\/strong>: 80 \u00d7 48 \u00d7 25 cm <br \/><strong>Poids brut<\/strong>: 30 kg\/set<\/p>\n<h2>Personnalisation et services :<\/h2>\n<p><strong>OEM ET ODM<\/strong>: Pris en charge<br \/><strong>Conception<\/strong>: Gratuit<br \/><strong>Accessoires<\/strong>: Lavabos, miroirs, robinets et autres accessoires de salle de bains<br \/><strong>Emballage<\/strong>: Pr\u00eat \u00e0 monter<\/p>","protected":false},"featured_media":416,"comment_status":"closed","ping_status":"closed","template":"","meta":{"_acf_changed":false},"product_brand":[],"product_cat":[22],"product_tag":[],"class_list":{"0":"post-430","1":"product","2":"type-product","3":"status-publish","4":"has-post-thumbnail","6":"product_cat-wholesale-marble-bathroom-vanity-cabinets","8":"first","9":"instock","10":"shipping-taxable","11":"product-type-simple"},"acf":[],"_links":{"self":[{"href":"https:\/\/www.shouyasanitary.com\/fr\/wp-json\/wp\/v2\/product\/430","targetHints":{"allow":["GET"]}}],"collection":[{"href":"https:\/\/www.shouyasanitary.com\/fr\/wp-json\/wp\/v2\/product"}],"about":[{"href":"https:\/\/www.shouyasanitary.com\/fr\/wp-json\/wp\/v2\/types\/product"}],"replies":[{"embeddable":true,"href":"https:\/\/www.shouyasanitary.com\/fr\/wp-json\/wp\/v2\/comments?post=430"}],"wp:featuredmedia":[{"embeddable":true,"href":"https:\/\/www.shouyasanitary.com\/fr\/wp-json\/wp\/v2\/media\/416"}],"wp:attachment":[{"href":"https:\/\/www.shouyasanitary.com\/fr\/wp-json\/wp\/v2\/media?parent=430"}],"wp:term":[{"taxonomy":"product_brand","embeddable":true,"href":"https:\/\/www.shouyasanitary.com\/fr\/wp-json\/wp\/v2\/product_brand?post=430"},{"taxonomy":"product_cat","embeddable":true,"href":"https:\/\/www.shouyasanitary.com\/fr\/wp-json\/wp\/v2\/product_cat?post=430"},{"taxonomy":"product_tag","embeddable":true,"href":"https:\/\/www.shouyasanitary.com\/fr\/wp-json\/wp\/v2\/product_tag?post=430"}],"curies":[{"name":"wp","href":"https:\/\/api.w.org\/{rel}","templated":true}]}}