{"id":510,"date":"2025-04-10T18:04:39","date_gmt":"2025-04-10T18:04:39","guid":{"rendered":"https:\/\/www.shouyasanitary.com\/?post_type=product&#038;p=510"},"modified":"2025-05-12T10:25:56","modified_gmt":"2025-05-12T10:25:56","slug":"custom-cabinets-bathroom","status":"publish","type":"product","link":"https:\/\/www.shouyasanitary.com\/fr\/produit\/custom-cabinets-bathroom\/","title":{"rendered":"Custom Cabinets Bathroom, Wall Mounted Vanity Unit Wholesale"},"content":{"rendered":"<div class=\"wp-block-columns is-layout-flex wp-container-core-columns-is-layout-9d6595d7 wp-block-columns-is-layout-flex\">\n<div class=\"wp-block-column is-layout-flow wp-block-column-is-layout-flow\">\n<h2 class=\"wp-block-heading\">Armoires Caract\u00e9ristiques de la salle de bains\uff1a<\/h2>\n\n\n\n<p><strong>Mat\u00e9riau PVC de haute qualit\u00e9<\/strong>: Gr\u00e2ce \u00e0 sa structure en PVC durable et robuste, il n'est pas facile de le fissurer ou de le d\u00e9former et il poss\u00e8de d'excellentes propri\u00e9t\u00e9s d'\u00e9tanch\u00e9it\u00e9 et de r\u00e9sistance \u00e0 l'humidit\u00e9, convenant ainsi aux salles de bains humides.<\/p>\n\n\n\n<p><strong>Aspect moderne et haut de gamme :<\/strong> L'armoire de toilette et le meuble de salle de bains sont simples et \u00e9l\u00e9gants, et le blanc pur rehausse la luminosit\u00e9 et la texture de l'espace.<\/p>\n\n\n\n<p><strong>Conception murale<\/strong>: La m\u00e9thode d'installation murale est facile \u00e0 nettoyer et visuellement transparente. Elle convient aux appartements modernes, aux h\u00f4tels et \u00e0 d'autres lieux o\u00f9 les exigences en mati\u00e8re de beaut\u00e9 et de praticit\u00e9 sont \u00e9lev\u00e9es.<\/p>\n\n\n\n<p><strong>Armoire de toilette multifonctionnelle<\/strong>: L'armoire de toilette int\u00e8gre des miroirs haute d\u00e9finition, des bandes lumineuses LED, un d\u00e9sembueur et des fonctions tactiles pour am\u00e9liorer l'exp\u00e9rience de la salle de bains. La conception de la zone de stockage interne multicouche r\u00e9pond aux besoins de stockage classifi\u00e9 des articles de toilette.<\/p>\n\n\n\n<p><strong>Facile \u00e0 installer<\/strong>: La structure modulaire permet une installation pratique et rapide sur le mur, ce qui permet d'\u00e9conomiser du temps de construction et des co\u00fbts de main-d'\u0153uvre.<\/p>\n\n\n\n<p><strong>Soutenir les solutions personnalis\u00e9es<\/strong>: Fournir de multiples services personnalis\u00e9s en termes de taille, de couleur, de mat\u00e9riau, de LOGO et d'emballage, et s'adapter avec souplesse aux diff\u00e9rents besoins du march\u00e9 dans le monde entier.<\/p>\n<\/div>\n\n\n\n<div class=\"wp-block-column is-layout-flow wp-block-column-is-layout-flow\"><div class=\"wp-block-image\">\n<figure class=\"aligncenter size-full\"><img decoding=\"async\" width=\"3000\" height=\"3000\" src=\"https:\/\/www.shouyasanitary.com\/wp-content\/uploads\/2025\/04\/Custom-Cabinets-Bathroom-Modern-Wall-Mounted-Vanity-Unit-Wholesale-1.webp\" alt=\"Custom Cabinets Bathroom Modern Wall Mounted Vanity Unit Wholesale (1)\" class=\"wp-image-512\" style=\"object-fit:cover\" srcset=\"https:\/\/www.shouyasanitary.com\/wp-content\/uploads\/2025\/04\/Custom-Cabinets-Bathroom-Modern-Wall-Mounted-Vanity-Unit-Wholesale-1.webp 3000w, https:\/\/www.shouyasanitary.com\/wp-content\/uploads\/2025\/04\/Custom-Cabinets-Bathroom-Modern-Wall-Mounted-Vanity-Unit-Wholesale-1-300x300.webp 300w, https:\/\/www.shouyasanitary.com\/wp-content\/uploads\/2025\/04\/Custom-Cabinets-Bathroom-Modern-Wall-Mounted-Vanity-Unit-Wholesale-1-150x150.webp 150w, https:\/\/www.shouyasanitary.com\/wp-content\/uploads\/2025\/04\/Custom-Cabinets-Bathroom-Modern-Wall-Mounted-Vanity-Unit-Wholesale-1-768x768.webp 768w, https:\/\/www.shouyasanitary.com\/wp-content\/uploads\/2025\/04\/Custom-Cabinets-Bathroom-Modern-Wall-Mounted-Vanity-Unit-Wholesale-1-1200x1200.webp 1200w, https:\/\/www.shouyasanitary.com\/wp-content\/uploads\/2025\/04\/Custom-Cabinets-Bathroom-Modern-Wall-Mounted-Vanity-Unit-Wholesale-1-600x600.webp 600w, https:\/\/www.shouyasanitary.com\/wp-content\/uploads\/2025\/04\/Custom-Cabinets-Bathroom-Modern-Wall-Mounted-Vanity-Unit-Wholesale-1-100x100.webp 100w\" sizes=\"(max-width: 3000px) 100vw, 3000px\" \/><\/figure>\n<\/div><\/div>\n<\/div>","protected":false},"excerpt":{"rendered":"<p>Meubles de salle de bain sur mesure, design moderne blanc \u00e0 fixer au mur, assortis aux armoires de toilette et autres accessoires de salle de bain, pratiques et beaux. Nous vous invitons \u00e0 nous contacter pour des devis et des solutions de vanit\u00e9 de salle de bain !<\/p>\n<h2>Armoires Salle de bain Attributs\uff1a<\/h2>\n<p><strong>Num\u00e9ro d'article : <\/strong>JL1001-60VD<strong><br \/>Mat\u00e9riau de l'armoire :<\/strong> PVC<br \/><strong>Couleur de l'armoire :<\/strong> Blanc<br \/><strong>Miroir :<\/strong> Miroir LED (3,5 mm\/3,8 mm), \u00e9clairage tricolore, d\u00e9sembuage par simple pression d'une touche, s\u00e9curis\u00e9 par un emballage en mousse multicouche.<br \/><strong>Type d'installation :<\/strong>\u00a0Montage mural<br \/><strong>Dimensions (L\u00d7L\u00d7H) :<\/strong> 60x47x45 cm<br \/><strong>Poids brut :<\/strong> 27kg\/set<\/p>\n<h2>Personnalisation et services :<\/h2>\n<p><strong>OEM ET ODM<\/strong>: Pris en charge<br \/><strong>Conception<\/strong>: Gratuit<br \/><strong>Accessoires<\/strong>: Lavabos, miroirs, robinets et autres accessoires de salle de bains<br \/><strong>Emballage<\/strong>: Pr\u00eat \u00e0 monter<\/p>","protected":false},"featured_media":512,"comment_status":"closed","ping_status":"closed","template":"","meta":{"_acf_changed":true},"product_brand":[],"product_cat":[24],"product_tag":[],"class_list":{"0":"post-510","1":"product","2":"type-product","3":"status-publish","4":"has-post-thumbnail","6":"product_cat-wholesale-pvc-bathroom-vanity-cabinets","8":"first","9":"instock","10":"shipping-taxable","11":"product-type-simple"},"acf":[],"_links":{"self":[{"href":"https:\/\/www.shouyasanitary.com\/fr\/wp-json\/wp\/v2\/product\/510","targetHints":{"allow":["GET"]}}],"collection":[{"href":"https:\/\/www.shouyasanitary.com\/fr\/wp-json\/wp\/v2\/product"}],"about":[{"href":"https:\/\/www.shouyasanitary.com\/fr\/wp-json\/wp\/v2\/types\/product"}],"replies":[{"embeddable":true,"href":"https:\/\/www.shouyasanitary.com\/fr\/wp-json\/wp\/v2\/comments?post=510"}],"wp:featuredmedia":[{"embeddable":true,"href":"https:\/\/www.shouyasanitary.com\/fr\/wp-json\/wp\/v2\/media\/512"}],"wp:attachment":[{"href":"https:\/\/www.shouyasanitary.com\/fr\/wp-json\/wp\/v2\/media?parent=510"}],"wp:term":[{"taxonomy":"product_brand","embeddable":true,"href":"https:\/\/www.shouyasanitary.com\/fr\/wp-json\/wp\/v2\/product_brand?post=510"},{"taxonomy":"product_cat","embeddable":true,"href":"https:\/\/www.shouyasanitary.com\/fr\/wp-json\/wp\/v2\/product_cat?post=510"},{"taxonomy":"product_tag","embeddable":true,"href":"https:\/\/www.shouyasanitary.com\/fr\/wp-json\/wp\/v2\/product_tag?post=510"}],"curies":[{"name":"wp","href":"https:\/\/api.w.org\/{rel}","templated":true}]}}