{"id":514,"date":"2025-04-10T18:08:24","date_gmt":"2025-04-10T18:08:24","guid":{"rendered":"https:\/\/www.shouyasanitary.com\/?post_type=product&#038;p=514"},"modified":"2025-05-12T10:27:22","modified_gmt":"2025-05-12T10:27:22","slug":"bathroom-cabinets-custom","status":"publish","type":"product","link":"https:\/\/www.shouyasanitary.com\/fr\/produit\/bathroom-cabinets-custom\/","title":{"rendered":"Armoires de salle de bain noires sur mesure, Armoire-lavabo avec miroir Wholesale"},"content":{"rendered":"<div class=\"wp-block-columns is-layout-flex wp-container-core-columns-is-layout-9d6595d7 wp-block-columns-is-layout-flex\">\n<div class=\"wp-block-column is-layout-flow wp-block-column-is-layout-flow\">\n<h2 class=\"wp-block-heading\">Caract\u00e9ristiques des armoires de salle de bains\uff1a<\/h2>\n\n\n\n<p><strong>Style noir mat<\/strong>: Le noir est calme et tactile, il \u00e9voque une salle de bains simple, luxueuse et contemporaine, parfaite pour les h\u00f4tels, les appartements et les projets r\u00e9sidentiels haut de gamme.<\/p>\n\n\n\n<p><strong>Feuille PVC verte<\/strong>: La feuille de PVC \u00e9paisse est imperm\u00e9able \u00e0 l'eau, \u00e0 l'humidit\u00e9, \u00e0 la moisissure, \u00e0 l'abrasion et durable. Elle est parfaite pour les salles de bains chaudes et humides.<\/p>\n\n\n\n<p><strong>Surface anti-rayures<\/strong>: La surface du meuble a \u00e9t\u00e9 trait\u00e9e pour r\u00e9sister \u00e0 l'usure et aux rayures, et il est difficile de laisser des traces apr\u00e8s une utilisation prolong\u00e9e.<\/p>\n\n\n\n<p><strong>Armoire de toilette int\u00e9gr\u00e9e<\/strong>: L'armoire et le miroir sont int\u00e9gr\u00e9s, et il y a des lumi\u00e8res LED, qui poss\u00e8dent des fonctions de stockage et peuvent r\u00e9pondre aux besoins d'habillage, modernes et pratiques.<\/p>\n\n\n\n<p><strong>Facile \u00e0 nettoyer<\/strong>: La surface tr\u00e8s lisse du PVC n'absorbe pas facilement les taches d'eau ou la poussi\u00e8re, et les taches d'eau et la poussi\u00e8re peuvent \u00eatre simplement essuy\u00e9es.<\/p>\n\n\n\n<p><strong>Des solutions flexibles et personnalis\u00e9es<\/strong>: Des solutions sur mesure peuvent \u00eatre propos\u00e9es pour les armoires de salle de bains en PVC, par exemple la couleur, la finition, la taille, la marque, le logo, etc. pour r\u00e9pondre aux besoins de votre marque.<\/p>\n<\/div>\n\n\n\n<div class=\"wp-block-column is-layout-flow wp-block-column-is-layout-flow\"><div class=\"wp-block-image\">\n<figure class=\"aligncenter size-full\"><img decoding=\"async\" width=\"3000\" height=\"3000\" src=\"https:\/\/www.shouyasanitary.com\/wp-content\/uploads\/2025\/04\/Bathroom-Cabinets-Custom-PVC-Black-Bathroom-with-Mirror-Manufacturer-1.webp\" alt=\"Armoires de salle de bain sur mesure en PVC noir avec miroir Fabricant (1)\" class=\"wp-image-515\" style=\"object-fit:cover\" srcset=\"https:\/\/www.shouyasanitary.com\/wp-content\/uploads\/2025\/04\/Bathroom-Cabinets-Custom-PVC-Black-Bathroom-with-Mirror-Manufacturer-1.webp 3000w, https:\/\/www.shouyasanitary.com\/wp-content\/uploads\/2025\/04\/Bathroom-Cabinets-Custom-PVC-Black-Bathroom-with-Mirror-Manufacturer-1-300x300.webp 300w, https:\/\/www.shouyasanitary.com\/wp-content\/uploads\/2025\/04\/Bathroom-Cabinets-Custom-PVC-Black-Bathroom-with-Mirror-Manufacturer-1-150x150.webp 150w, https:\/\/www.shouyasanitary.com\/wp-content\/uploads\/2025\/04\/Bathroom-Cabinets-Custom-PVC-Black-Bathroom-with-Mirror-Manufacturer-1-768x768.webp 768w, https:\/\/www.shouyasanitary.com\/wp-content\/uploads\/2025\/04\/Bathroom-Cabinets-Custom-PVC-Black-Bathroom-with-Mirror-Manufacturer-1-1200x1200.webp 1200w, https:\/\/www.shouyasanitary.com\/wp-content\/uploads\/2025\/04\/Bathroom-Cabinets-Custom-PVC-Black-Bathroom-with-Mirror-Manufacturer-1-600x600.webp 600w, https:\/\/www.shouyasanitary.com\/wp-content\/uploads\/2025\/04\/Bathroom-Cabinets-Custom-PVC-Black-Bathroom-with-Mirror-Manufacturer-1-100x100.webp 100w\" sizes=\"(max-width: 3000px) 100vw, 3000px\" \/><\/figure>\n<\/div><\/div>\n<\/div>","protected":false},"excerpt":{"rendered":"<p>Armoires de salle de bains personnalis\u00e9es, montage mural, mat\u00e9riau PVC durable et respectueux de l'environnement, adapt\u00e9 \u00e0 divers environnements de salle de bains. Approvisionnement stable, prix de gros et solutions personnalis\u00e9es disponibles. Contactez-nous pour un devis.<\/p>\n<h2>Armoires de salle de bains en PVC Attributs\uff1a<\/h2>\n<p><strong>Num\u00e9ro d'article : <\/strong>JL1007<strong><br \/>Mat\u00e9riau de l'armoire :<\/strong> PVC<br \/><strong>Couleur de l'armoire :<\/strong> Noir<br \/><strong>Miroir :<\/strong> Miroir LED (3,5 mm\/3,8 mm), \u00e9clairage tricolore, d\u00e9sembuage par simple pression d'une touche, s\u00e9curis\u00e9 par un emballage en mousse multicouche.<br \/><strong>Type d'installation :<\/strong>\u00a0Montage mural<br \/><strong>Dimensions (L\u00d7L\u00d7H) :<\/strong> 80x47x45 cm<br \/><strong>Poids brut :<\/strong> 30kg\/set<\/p>\n<h2>Personnalisation et services :<\/h2>\n<p><strong>OEM ET ODM<\/strong>: Pris en charge<br \/><strong>Conception<\/strong>: Gratuit<br \/><strong>Accessoires<\/strong>: Lavabos, miroirs, robinets et autres accessoires de salle de bains<br \/><strong>Emballage<\/strong>: Pr\u00eat \u00e0 monter<\/p>","protected":false},"featured_media":515,"comment_status":"closed","ping_status":"closed","template":"","meta":{"_acf_changed":false},"product_brand":[],"product_cat":[24],"product_tag":[],"class_list":{"0":"post-514","1":"product","2":"type-product","3":"status-publish","4":"has-post-thumbnail","6":"product_cat-wholesale-pvc-bathroom-vanity-cabinets","8":"first","9":"instock","10":"shipping-taxable","11":"product-type-simple"},"acf":[],"_links":{"self":[{"href":"https:\/\/www.shouyasanitary.com\/fr\/wp-json\/wp\/v2\/product\/514","targetHints":{"allow":["GET"]}}],"collection":[{"href":"https:\/\/www.shouyasanitary.com\/fr\/wp-json\/wp\/v2\/product"}],"about":[{"href":"https:\/\/www.shouyasanitary.com\/fr\/wp-json\/wp\/v2\/types\/product"}],"replies":[{"embeddable":true,"href":"https:\/\/www.shouyasanitary.com\/fr\/wp-json\/wp\/v2\/comments?post=514"}],"wp:featuredmedia":[{"embeddable":true,"href":"https:\/\/www.shouyasanitary.com\/fr\/wp-json\/wp\/v2\/media\/515"}],"wp:attachment":[{"href":"https:\/\/www.shouyasanitary.com\/fr\/wp-json\/wp\/v2\/media?parent=514"}],"wp:term":[{"taxonomy":"product_brand","embeddable":true,"href":"https:\/\/www.shouyasanitary.com\/fr\/wp-json\/wp\/v2\/product_brand?post=514"},{"taxonomy":"product_cat","embeddable":true,"href":"https:\/\/www.shouyasanitary.com\/fr\/wp-json\/wp\/v2\/product_cat?post=514"},{"taxonomy":"product_tag","embeddable":true,"href":"https:\/\/www.shouyasanitary.com\/fr\/wp-json\/wp\/v2\/product_tag?post=514"}],"curies":[{"name":"wp","href":"https:\/\/api.w.org\/{rel}","templated":true}]}}