{"id":518,"date":"2025-04-10T17:58:20","date_gmt":"2025-04-10T17:58:20","guid":{"rendered":"https:\/\/www.shouyasanitary.com\/?post_type=product&#038;p=518"},"modified":"2025-05-12T10:24:10","modified_gmt":"2025-05-12T10:24:10","slug":"custom-bathroom-vanity","status":"publish","type":"product","link":"https:\/\/www.shouyasanitary.com\/fr\/produit\/custom-bathroom-vanity\/","title":{"rendered":"Vanit\u00e9 de salle de bain sur mesure, armoire \u00e0 pharmacie de salle de bain en gros avec miroir"},"content":{"rendered":"<div class=\"wp-block-columns is-layout-flex wp-container-core-columns-is-layout-9d6595d7 wp-block-columns-is-layout-flex\">\n<div class=\"wp-block-column is-layout-flow wp-block-column-is-layout-flow\">\n<h2 class=\"wp-block-heading\">Caract\u00e9ristiques du meuble-lavabo\uff1a<\/h2>\n\n\n\n<p><strong>Style moderne et minimaliste<\/strong>: Le design g\u00e9n\u00e9ral est minimaliste avec une surface lisse gris clair, qui met en valeur la texture de la salle de bains. Convient aux appartements haut de gamme, aux h\u00f4tels de luxe, aux villas, aux appartements, aux projets d'ing\u00e9nierie, etc.<\/p>\n\n\n\n<p><strong>Mat\u00e9riau en aluminium durable<\/strong>: Le mat\u00e9riau en alliage d'aluminium de haute qualit\u00e9 pr\u00e9sente une r\u00e9sistance \u00e0 la corrosion et une durabilit\u00e9 accrues, en particulier dans les environnements humides.<\/p>\n\n\n\n<p><strong>Grande capacit\u00e9 de stockage<\/strong>: L'armoire de toilette suspendue et l'armoire \u00e0 glace offrent un grand espace de rangement, permettent de ranger efficacement les objets et garantissent une salle de bain propre et ordonn\u00e9e.<\/p>\n\n\n\n<p><strong>Armoire de toilette avec bandeau lumineux :<\/strong> L'armoire de toilette int\u00e8gre une bande lumineuse LED, un miroir haute d\u00e9finition, une touche intelligente et une fonction de d\u00e9sembuage, pour une utilisation quotidienne polyvalente.<\/p>\n\n\n\n<p><strong>Service de personnalisation en masse<\/strong>: Nous proposons des options semi-personnalis\u00e9es en vrac, telles que la couleur de l'armoire, la taille, la finition, la configuration de l'armoire de toilette, le style de robinetterie et d'autres caract\u00e9ristiques en fonction de vos besoins.<\/p>\n<\/div>\n\n\n\n<div class=\"wp-block-column is-layout-flow wp-block-column-is-layout-flow\"><div class=\"wp-block-image\">\n<figure class=\"aligncenter size-full\"><img decoding=\"async\" width=\"545\" height=\"547\" src=\"https:\/\/www.shouyasanitary.com\/wp-content\/uploads\/2025\/04\/Custom-Bathroom-Vanity-Wholesale-Bathroom-Medicine-Cabinet-with-Mirror-1.webp\" alt=\"Vanit\u00e9 de salle de bain sur mesure Wholesale Bathroom Medicine Cabinet with Mirror (1)\" class=\"wp-image-519\" style=\"object-fit:cover\" srcset=\"https:\/\/www.shouyasanitary.com\/wp-content\/uploads\/2025\/04\/Custom-Bathroom-Vanity-Wholesale-Bathroom-Medicine-Cabinet-with-Mirror-1.webp 545w, https:\/\/www.shouyasanitary.com\/wp-content\/uploads\/2025\/04\/Custom-Bathroom-Vanity-Wholesale-Bathroom-Medicine-Cabinet-with-Mirror-1-300x300.webp 300w, https:\/\/www.shouyasanitary.com\/wp-content\/uploads\/2025\/04\/Custom-Bathroom-Vanity-Wholesale-Bathroom-Medicine-Cabinet-with-Mirror-1-150x150.webp 150w, https:\/\/www.shouyasanitary.com\/wp-content\/uploads\/2025\/04\/Custom-Bathroom-Vanity-Wholesale-Bathroom-Medicine-Cabinet-with-Mirror-1-100x100.webp 100w\" sizes=\"(max-width: 545px) 100vw, 545px\" \/><\/figure>\n<\/div><\/div>\n<\/div>","protected":false},"excerpt":{"rendered":"<p>Les meubles de salle de bain personnalis\u00e9s sont fabriqu\u00e9s en alliage d'aluminium durable, l\u00e9ger et facile \u00e0 installer. Equip\u00e9 d'armoires de toilette LED, de lavabos, etc., il peut r\u00e9pondre aux besoins de la salle de bain de diff\u00e9rentes sc\u00e8nes. Nous prenons en charge la personnalisation en gros, nous vous invitons \u00e0 nous consulter.<\/p>\n<h2>Attributs du meuble-lavabo\uff1a<\/h2>\n<p><strong>Num\u00e9ro d'article : <\/strong>SY604<strong><br \/>Mat\u00e9riau de l'armoire :<\/strong> Aluminium<br \/><strong>Couleur de l'armoire :<\/strong> Gris<br \/><strong>Miroir :<\/strong> Miroir LED (3,5 mm\/3,8 mm), \u00e9clairage tricolore, d\u00e9sembuage par simple pression d'une touche, s\u00e9curis\u00e9 par un emballage en mousse multicouche.<br \/><strong>Type d'installation :<\/strong>\u00a0Montage mural<br \/><strong>Dimensions (L\u00d7L\u00d7H) :<\/strong> 60x47x44 cm<br \/><strong>Poids brut :<\/strong> 27kg\/set<\/p>\n<h2>Personnalisation et services :<\/h2>\n<p><strong>OEM ET ODM<\/strong>: Pris en charge<br \/><strong>Conception<\/strong>: Gratuit<br \/><strong>Accessoires<\/strong>: Lavabos, miroirs, robinets et autres accessoires de salle de bains<br \/><strong>Emballage<\/strong>: Pr\u00eat \u00e0 monter<\/p>","protected":false},"featured_media":519,"comment_status":"closed","ping_status":"closed","template":"","meta":{"_acf_changed":true},"product_brand":[],"product_cat":[23],"product_tag":[],"class_list":{"0":"post-518","1":"product","2":"type-product","3":"status-publish","4":"has-post-thumbnail","6":"product_cat-wholesale-aluminum-bathroom-vanity-cabinets","8":"first","9":"instock","10":"shipping-taxable","11":"product-type-simple"},"acf":[],"_links":{"self":[{"href":"https:\/\/www.shouyasanitary.com\/fr\/wp-json\/wp\/v2\/product\/518","targetHints":{"allow":["GET"]}}],"collection":[{"href":"https:\/\/www.shouyasanitary.com\/fr\/wp-json\/wp\/v2\/product"}],"about":[{"href":"https:\/\/www.shouyasanitary.com\/fr\/wp-json\/wp\/v2\/types\/product"}],"replies":[{"embeddable":true,"href":"https:\/\/www.shouyasanitary.com\/fr\/wp-json\/wp\/v2\/comments?post=518"}],"wp:featuredmedia":[{"embeddable":true,"href":"https:\/\/www.shouyasanitary.com\/fr\/wp-json\/wp\/v2\/media\/519"}],"wp:attachment":[{"href":"https:\/\/www.shouyasanitary.com\/fr\/wp-json\/wp\/v2\/media?parent=518"}],"wp:term":[{"taxonomy":"product_brand","embeddable":true,"href":"https:\/\/www.shouyasanitary.com\/fr\/wp-json\/wp\/v2\/product_brand?post=518"},{"taxonomy":"product_cat","embeddable":true,"href":"https:\/\/www.shouyasanitary.com\/fr\/wp-json\/wp\/v2\/product_cat?post=518"},{"taxonomy":"product_tag","embeddable":true,"href":"https:\/\/www.shouyasanitary.com\/fr\/wp-json\/wp\/v2\/product_tag?post=518"}],"curies":[{"name":"wp","href":"https:\/\/api.w.org\/{rel}","templated":true}]}}