{"id":522,"date":"2025-04-10T17:51:57","date_gmt":"2025-04-10T17:51:57","guid":{"rendered":"https:\/\/www.shouyasanitary.com\/?post_type=product&#038;p=522"},"modified":"2025-05-12T10:21:55","modified_gmt":"2025-05-12T10:21:55","slug":"custom-bathroom-vanity-cabinet","status":"publish","type":"product","link":"https:\/\/www.shouyasanitary.com\/fr\/produit\/custom-bathroom-vanity-cabinet\/","title":{"rendered":"Custom Bathroom Vanity Cabinet Aluminum with Mrrior Cabinet Wholesale"},"content":{"rendered":"<div class=\"wp-block-columns is-layout-flex wp-container-core-columns-is-layout-9d6595d7 wp-block-columns-is-layout-flex\">\n<div class=\"wp-block-column is-layout-flow wp-block-column-is-layout-flow\">\n<h2 class=\"wp-block-heading\">Caract\u00e9ristiques du meuble-lavabo\uff1a<\/h2>\n\n\n\n<p><strong>Montage mural<\/strong>: Le montage mural permet d'\u00e9conomiser de l'espace et est facile \u00e0 nettoyer, offrant un aspect propre et minimaliste, qui peut s'adapter \u00e0 diff\u00e9rents environnements de salle de bains.<\/p>\n\n\n\n<p><strong>Mat\u00e9riaux environnementaux<\/strong>: Fabriqu\u00e9 en alliage d'aluminium \u00e9cologique, non toxique et inoffensif, conforme aux normes environnementales mondiales. Il s'agit d'un choix id\u00e9al pour des armoires de salle de bains s\u00fbres.<\/p>\n\n\n\n<p><strong>Design moderne et \u00e9l\u00e9gant : <\/strong>Le design minimaliste des lignes, assorti au gris clair, conf\u00e8re \u00e0 l'ensemble un style moderne et \u00e9l\u00e9gant,<\/p>\n\n\n\n<p><strong>Param\u00e8tres de stockage scientifique<\/strong>: L'armoire de toilette et l'armoire de salle de bains sont toutes deux dot\u00e9es d'un espace de rangement et offrent diff\u00e9rentes partitions pour placer les objets, alliant ainsi fonctionnalit\u00e9 et esth\u00e9tique.<\/p>\n\n\n\n<p><strong>Facile \u00e0 installer<\/strong>: L'armoire de toilette murale est facile \u00e0 installer sur le mur, et l'installation est rapide et simple, ce qui permet d'\u00e9conomiser du temps et de l'\u00e9nergie.<\/p>\n\n\n\n<p><strong>Fournir des services OEM\/ODM<\/strong>: Les armoires de toilette OB peuvent \u00eatre con\u00e7ues de mani\u00e8re innovante en fonction des besoins des clients, offrant ainsi des solutions plus flexibles et OEM afin d'obtenir des avantages sur le march\u00e9.<\/p>\n<\/div>\n\n\n\n<div class=\"wp-block-column is-layout-flow wp-block-column-is-layout-flow\"><div class=\"wp-block-image\">\n<figure class=\"aligncenter size-full\"><img decoding=\"async\" width=\"662\" height=\"683\" src=\"https:\/\/www.shouyasanitary.com\/wp-content\/uploads\/2025\/04\/Custom-Bathroom-Vanity-Cabinet-Aluminum-Modern-Wash-Basin-Cabinet-Supplier-3.webp\" alt=\"Meuble de salle de bain sur mesure Meuble de lavabo moderne en aluminium Fournisseur (3)\" class=\"wp-image-524\" style=\"object-fit:cover\" srcset=\"https:\/\/www.shouyasanitary.com\/wp-content\/uploads\/2025\/04\/Custom-Bathroom-Vanity-Cabinet-Aluminum-Modern-Wash-Basin-Cabinet-Supplier-3.webp 662w, https:\/\/www.shouyasanitary.com\/wp-content\/uploads\/2025\/04\/Custom-Bathroom-Vanity-Cabinet-Aluminum-Modern-Wash-Basin-Cabinet-Supplier-3-291x300.webp 291w, https:\/\/www.shouyasanitary.com\/wp-content\/uploads\/2025\/04\/Custom-Bathroom-Vanity-Cabinet-Aluminum-Modern-Wash-Basin-Cabinet-Supplier-3-600x619.webp 600w\" sizes=\"(max-width: 662px) 100vw, 662px\" \/><\/figure>\n<\/div><\/div>\n<\/div>","protected":false},"excerpt":{"rendered":"<p>Bienvenue dans la vente en gros et sur mesure d'armoires de toilette pour la salle de bains. Avec un design mural, un rangement multifonctionnel et un alliage d'aluminium de haute qualit\u00e9, ce meuble de salle de bains offre des solutions modernes. Nous fournissons un ensemble complet d'accessoires pour armoires de toilette et proposons des services OEM\/ODM pour r\u00e9pondre \u00e0 vos besoins de commandes en gros.<\/p>\n<h2>Attributs du meuble-lavabo\uff1a<\/h2>\n<p><strong>Num\u00e9ro d'article :<\/strong>SY603<strong><br \/>Mat\u00e9riau de l'armoire :<\/strong> Aluminium<br \/><strong>Couleur de l'armoire :<\/strong> Gris<br \/><strong>Miroir :<\/strong> Miroir LED (3,5 mm\/3,8 mm), \u00e9clairage tricolore, d\u00e9sembuage par simple pression d'une touche, s\u00e9curis\u00e9 par un emballage en mousse multicouche.<br \/><strong>Type d'installation :<\/strong>\u00a0Montage mural<br \/><strong>Dimensions (L\u00d7L\u00d7H) :<\/strong> 60x47x44 cm<br \/><strong>Poids brut :<\/strong> 28kg\/set<\/p>\n<h2>Personnalisation et services :<\/h2>\n<p><strong>OEM ET ODM<\/strong>: Pris en charge<br \/><strong>Conception<\/strong>: Gratuit<br \/><strong>Accessoires<\/strong>: Lavabos, miroirs, robinets et autres accessoires de salle de bains<br \/><strong>Emballage<\/strong>: Pr\u00eat \u00e0 monter<\/p>","protected":false},"featured_media":524,"comment_status":"closed","ping_status":"closed","template":"","meta":{"_acf_changed":true},"product_brand":[],"product_cat":[23],"product_tag":[],"class_list":{"0":"post-522","1":"product","2":"type-product","3":"status-publish","4":"has-post-thumbnail","6":"product_cat-wholesale-aluminum-bathroom-vanity-cabinets","8":"first","9":"instock","10":"shipping-taxable","11":"product-type-simple"},"acf":[],"_links":{"self":[{"href":"https:\/\/www.shouyasanitary.com\/fr\/wp-json\/wp\/v2\/product\/522","targetHints":{"allow":["GET"]}}],"collection":[{"href":"https:\/\/www.shouyasanitary.com\/fr\/wp-json\/wp\/v2\/product"}],"about":[{"href":"https:\/\/www.shouyasanitary.com\/fr\/wp-json\/wp\/v2\/types\/product"}],"replies":[{"embeddable":true,"href":"https:\/\/www.shouyasanitary.com\/fr\/wp-json\/wp\/v2\/comments?post=522"}],"wp:featuredmedia":[{"embeddable":true,"href":"https:\/\/www.shouyasanitary.com\/fr\/wp-json\/wp\/v2\/media\/524"}],"wp:attachment":[{"href":"https:\/\/www.shouyasanitary.com\/fr\/wp-json\/wp\/v2\/media?parent=522"}],"wp:term":[{"taxonomy":"product_brand","embeddable":true,"href":"https:\/\/www.shouyasanitary.com\/fr\/wp-json\/wp\/v2\/product_brand?post=522"},{"taxonomy":"product_cat","embeddable":true,"href":"https:\/\/www.shouyasanitary.com\/fr\/wp-json\/wp\/v2\/product_cat?post=522"},{"taxonomy":"product_tag","embeddable":true,"href":"https:\/\/www.shouyasanitary.com\/fr\/wp-json\/wp\/v2\/product_tag?post=522"}],"curies":[{"name":"wp","href":"https:\/\/api.w.org\/{rel}","templated":true}]}}