{"id":526,"date":"2025-04-12T12:39:16","date_gmt":"2025-04-12T12:39:16","guid":{"rendered":"https:\/\/www.shouyasanitary.com\/?post_type=product&#038;p=526"},"modified":"2025-05-12T10:30:08","modified_gmt":"2025-05-12T10:30:08","slug":"custom-bathroom-mirrors","status":"publish","type":"product","link":"https:\/\/www.shouyasanitary.com\/fr\/produit\/custom-bathroom-mirrors\/","title":{"rendered":"Miroirs de salle de bain personnalis\u00e9s avec \u00e9clairage, miroir rond Wholesale"},"content":{"rendered":"<div class=\"wp-block-columns is-layout-flex wp-container-core-columns-is-layout-9d6595d7 wp-block-columns-is-layout-flex\">\n<div class=\"wp-block-column is-layout-flow wp-block-column-is-layout-flow\">\n<h2 class=\"wp-block-heading\">Miroirs de salle de bains Caract\u00e9ristiques\uff1a<\/h2>\n\n\n\n<p><strong>Style moderne haut de gamme<\/strong>Le design de ce produit est rond et ses lignes sont douces, ce qui correspond \u00e0 la tendance esth\u00e9tique actuelle des salles de bains haut de gamme.<\/p>\n\n\n\n<p><strong><strong>Entourage<\/strong> Lumi\u00e8re LED<\/strong>La lumi\u00e8re : \u00e9quip\u00e9e d'une bande lumineuse LED \u00e0 haute luminosit\u00e9, douce et non \u00e9blouissante, elle cr\u00e9e une atmosph\u00e8re haut de gamme et rehausse le style de la salle de bains.<\/p>\n\n\n\n<p><strong>Miroir antibu\u00e9e haute d\u00e9finition<\/strong>: La fonction anti-bu\u00e9e permet de faire face \u00e0 l'environnement humide de la salle de bains et d'avoir toujours une vue claire.<\/p>\n\n\n\n<p><strong>Mat\u00e9riau de haute qualit\u00e9<\/strong>: Le miroir est fabriqu\u00e9 \u00e0 partir d'un miroir argent\u00e9 de haute qualit\u00e9, l'effet de r\u00e9flexion est naturel et transparent, et le cadre et la base sont fabriqu\u00e9s \u00e0 partir de mat\u00e9riaux r\u00e9sistants \u00e0 l'humidit\u00e9 et \u00e0 la rouille.<\/p>\n\n\n\n<p><strong>Une vari\u00e9t\u00e9 d'options personnalisables<\/strong>Les produits de la cat\u00e9gorie \"Autres\" : permettent de personnaliser les tailles, les couleurs de lumi\u00e8re, les interrupteurs tactiles, l'affichage de l'heure et de la temp\u00e9rature, ainsi que d'autres fonctions.<\/p>\n<\/div>\n\n\n\n<div class=\"wp-block-column is-layout-flow wp-block-column-is-layout-flow\"><div class=\"wp-block-image\">\n<figure class=\"aligncenter size-full\"><img decoding=\"async\" width=\"1280\" height=\"1280\" src=\"https:\/\/www.shouyasanitary.com\/wp-content\/uploads\/2025\/04\/Custom-Bathroom-Mirrors-with-Lights-Round-Shaped-Bathroom-Cabinets-Mirror-Wholesale-3.webp\" alt=\"Miroirs de salle de bain personnalis\u00e9s avec \u00e9clairage Armoires de salle de bain de forme ronde Miroir Wholesale (3)\" class=\"wp-image-536\" style=\"object-fit:cover\" srcset=\"https:\/\/www.shouyasanitary.com\/wp-content\/uploads\/2025\/04\/Custom-Bathroom-Mirrors-with-Lights-Round-Shaped-Bathroom-Cabinets-Mirror-Wholesale-3.webp 1280w, https:\/\/www.shouyasanitary.com\/wp-content\/uploads\/2025\/04\/Custom-Bathroom-Mirrors-with-Lights-Round-Shaped-Bathroom-Cabinets-Mirror-Wholesale-3-300x300.webp 300w, https:\/\/www.shouyasanitary.com\/wp-content\/uploads\/2025\/04\/Custom-Bathroom-Mirrors-with-Lights-Round-Shaped-Bathroom-Cabinets-Mirror-Wholesale-3-150x150.webp 150w, https:\/\/www.shouyasanitary.com\/wp-content\/uploads\/2025\/04\/Custom-Bathroom-Mirrors-with-Lights-Round-Shaped-Bathroom-Cabinets-Mirror-Wholesale-3-768x768.webp 768w, https:\/\/www.shouyasanitary.com\/wp-content\/uploads\/2025\/04\/Custom-Bathroom-Mirrors-with-Lights-Round-Shaped-Bathroom-Cabinets-Mirror-Wholesale-3-1200x1200.webp 1200w, https:\/\/www.shouyasanitary.com\/wp-content\/uploads\/2025\/04\/Custom-Bathroom-Mirrors-with-Lights-Round-Shaped-Bathroom-Cabinets-Mirror-Wholesale-3-600x600.webp 600w, https:\/\/www.shouyasanitary.com\/wp-content\/uploads\/2025\/04\/Custom-Bathroom-Mirrors-with-Lights-Round-Shaped-Bathroom-Cabinets-Mirror-Wholesale-3-100x100.webp 100w\" sizes=\"(max-width: 1280px) 100vw, 1280px\" \/><\/figure>\n<\/div><\/div>\n<\/div>","protected":false},"excerpt":{"rendered":"<p>Les miroirs de salle de bains personnalis\u00e9s sont \u00e9quip\u00e9s de r\u00e9tro\u00e9clairage LED circulaire, de miroirs antibu\u00e9e haute d\u00e9finition et d'un design circulaire minimaliste. Nous proposons une personnalisation flexible pour r\u00e9pondre aux besoins de diff\u00e9rents sc\u00e9narios commerciaux. N'h\u00e9sitez pas \u00e0 nous contacter pour obtenir des devis et des solutions !<\/p>\n<h2>Miroirs de salle de bains Attributs\uff1a<\/h2>\n<p><strong>Num\u00e9ro d'article : <\/strong>SYM240801<strong><br \/>Mat\u00e9riau :<\/strong> Plastique ABS et verre<br \/><strong>Fonction :<\/strong> \u00c9clairage tricolore, d\u00e9sembuage par simple pression d'une touche<strong><br \/><\/strong><strong>Dimensions :<\/strong> 60\u00d760 cm<br \/><strong>Miroir \u00c9paisseur :<\/strong> 3,5 mm\/3,8 mm<br \/><strong>Poids brut :<\/strong> 5kg\/PCS<\/p>\n<h2>Personnalisation et services :<\/h2>\n<p><strong>OEM ET ODM<\/strong>: Pris en charge<br \/><strong>Conception<\/strong>: Gratuit<br \/><strong>Emballage<\/strong>: Emballage fixe en mousse multicouche<\/p>","protected":false},"featured_media":536,"comment_status":"closed","ping_status":"closed","template":"","meta":{"_acf_changed":false},"product_brand":[],"product_cat":[26],"product_tag":[],"class_list":{"0":"post-526","1":"product","2":"type-product","3":"status-publish","4":"has-post-thumbnail","6":"product_cat-wholesale-bathroom-mirror","8":"first","9":"instock","10":"shipping-taxable","11":"product-type-simple"},"acf":[],"_links":{"self":[{"href":"https:\/\/www.shouyasanitary.com\/fr\/wp-json\/wp\/v2\/product\/526","targetHints":{"allow":["GET"]}}],"collection":[{"href":"https:\/\/www.shouyasanitary.com\/fr\/wp-json\/wp\/v2\/product"}],"about":[{"href":"https:\/\/www.shouyasanitary.com\/fr\/wp-json\/wp\/v2\/types\/product"}],"replies":[{"embeddable":true,"href":"https:\/\/www.shouyasanitary.com\/fr\/wp-json\/wp\/v2\/comments?post=526"}],"wp:featuredmedia":[{"embeddable":true,"href":"https:\/\/www.shouyasanitary.com\/fr\/wp-json\/wp\/v2\/media\/536"}],"wp:attachment":[{"href":"https:\/\/www.shouyasanitary.com\/fr\/wp-json\/wp\/v2\/media?parent=526"}],"wp:term":[{"taxonomy":"product_brand","embeddable":true,"href":"https:\/\/www.shouyasanitary.com\/fr\/wp-json\/wp\/v2\/product_brand?post=526"},{"taxonomy":"product_cat","embeddable":true,"href":"https:\/\/www.shouyasanitary.com\/fr\/wp-json\/wp\/v2\/product_cat?post=526"},{"taxonomy":"product_tag","embeddable":true,"href":"https:\/\/www.shouyasanitary.com\/fr\/wp-json\/wp\/v2\/product_tag?post=526"}],"curies":[{"name":"wp","href":"https:\/\/api.w.org\/{rel}","templated":true}]}}