{"id":541,"date":"2025-04-12T12:52:51","date_gmt":"2025-04-12T12:52:51","guid":{"rendered":"https:\/\/www.shouyasanitary.com\/?post_type=product&#038;p=541"},"modified":"2025-05-12T10:31:28","modified_gmt":"2025-05-12T10:31:28","slug":"wholesale-bathroom-mirrors","status":"publish","type":"product","link":"https:\/\/www.shouyasanitary.com\/fr\/produit\/wholesale-bathroom-mirrors\/","title":{"rendered":"Miroirs de salle de bain en gros, miroir rond \u00e0 LED en vrac sur mesure"},"content":{"rendered":"<div class=\"wp-block-columns is-layout-flex wp-container-core-columns-is-layout-9d6595d7 wp-block-columns-is-layout-flex\">\n<div class=\"wp-block-column is-layout-flow wp-block-column-is-layout-flow\">\n<h2 class=\"wp-block-heading\">Miroirs de salle de bains Caract\u00e9ristiques\uff1a<\/h2>\n\n\n\n<p><strong>Luxe et style haut de gamme<\/strong>L'ouverture panoramique des LED et le miroir rond simple donnent un aspect grandiose et clair \u00e0 l'ensemble, qui peut \u00eatre utilis\u00e9 dans des salles de bains haut de gamme dans la plupart des endroits.<\/p>\n\n\n\n<p><strong>Anneau lumineux LED<\/strong>: La bande lumineuse LED int\u00e9gr\u00e9e entoure le corps du miroir, avec une luminosit\u00e9 uniforme, et peut \u00eatre utilis\u00e9e pour l'\u00e9clairage de diverses sc\u00e8nes telles que le maquillage et la toilette.<\/p>\n\n\n\n<p><strong>Anti-bu\u00e9e et fonction tactile<\/strong>: La conception de la fonction anti-bu\u00e9e et l'interrupteur tactile, faciles \u00e0 utiliser, s'adaptent \u00e0 la tendance de la maison intelligente moderne.<\/p>\n\n\n\n<p><strong>Facile \u00e0 nettoyer<\/strong>: Le corps du miroir et la bande lumineuse LED s'adaptent parfaitement, avec une structure compacte, il n'est pas facile de cacher la salet\u00e9.<\/p>\n\n\n\n<p><strong>Soutien personnalis\u00e9<\/strong> <strong>Services<\/strong>: Nous proposons une personnalisation de l'apparence, de la configuration fonctionnelle, etc., y compris la taille et la forme du miroir, la couleur du cadre, la couleur de la lumi\u00e8re, etc.<\/p>\n\n\n\n<p><strong>Fourniture directe \u00e0 l'usine, prix de gros<\/strong>: Shouya mirror factory, high quality manufacturing, direct supply, provide factory price and bulk custom discount.<\/p>\n<\/div>\n\n\n\n<div class=\"wp-block-column is-layout-flow wp-block-column-is-layout-flow\"><div class=\"wp-block-image\">\n<figure class=\"aligncenter size-full\"><img decoding=\"async\" width=\"1008\" height=\"1008\" src=\"https:\/\/www.shouyasanitary.com\/wp-content\/uploads\/2025\/04\/Wholesale-Bathroom-Mirrors-Wall-Mounted-Bathroom-Vanity-Mirror-Modern-Makeup-Mirror-1.webp\" alt=\"Wholesale Bathroom Mirrors Wall Mounting Bathroom Vanity Mirror Modern Makeup Mirror (1)\" class=\"wp-image-537\" style=\"object-fit:cover\" srcset=\"https:\/\/www.shouyasanitary.com\/wp-content\/uploads\/2025\/04\/Wholesale-Bathroom-Mirrors-Wall-Mounted-Bathroom-Vanity-Mirror-Modern-Makeup-Mirror-1.webp 1008w, https:\/\/www.shouyasanitary.com\/wp-content\/uploads\/2025\/04\/Wholesale-Bathroom-Mirrors-Wall-Mounted-Bathroom-Vanity-Mirror-Modern-Makeup-Mirror-1-300x300.webp 300w, https:\/\/www.shouyasanitary.com\/wp-content\/uploads\/2025\/04\/Wholesale-Bathroom-Mirrors-Wall-Mounted-Bathroom-Vanity-Mirror-Modern-Makeup-Mirror-1-150x150.webp 150w, https:\/\/www.shouyasanitary.com\/wp-content\/uploads\/2025\/04\/Wholesale-Bathroom-Mirrors-Wall-Mounted-Bathroom-Vanity-Mirror-Modern-Makeup-Mirror-1-768x768.webp 768w, https:\/\/www.shouyasanitary.com\/wp-content\/uploads\/2025\/04\/Wholesale-Bathroom-Mirrors-Wall-Mounted-Bathroom-Vanity-Mirror-Modern-Makeup-Mirror-1-600x600.webp 600w, https:\/\/www.shouyasanitary.com\/wp-content\/uploads\/2025\/04\/Wholesale-Bathroom-Mirrors-Wall-Mounted-Bathroom-Vanity-Mirror-Modern-Makeup-Mirror-1-100x100.webp 100w\" sizes=\"(max-width: 1008px) 100vw, 1008px\" \/><\/figure>\n<\/div><\/div>\n<\/div>","protected":false},"excerpt":{"rendered":"<p>Bienvenue dans la vente en gros de miroirs de salle de bains, avec lampes LED annulaires, miroir antibu\u00e9e haute d\u00e9finition, fonction tactile, etc., adapt\u00e9s aux situations domestiques et commerciales. Nous prenons en charge les commandes personnalis\u00e9es en vrac au prix de l'usine. N'h\u00e9sitez pas \u00e0 nous contacter !<\/p>\n<h2>Miroirs de salle de bains Attributs\uff1a<\/h2>\n<p><strong>Num\u00e9ro d'article : <\/strong>SYM240802<strong><br \/>Mat\u00e9riau :<\/strong>\u00a0Plastique ABS et verre<br \/><strong>Fonction :<\/strong>\u00a0\u00c9clairage tricolore, d\u00e9sembuage par simple pression d'une touche<strong><br \/><\/strong><strong>Dimensions :<\/strong> 80\u00d780 cm<br \/><strong>Miroir \u00c9paisseur :<\/strong>\u00a03,5 mm\/3,8 mm<br \/><strong>Poids brut :<\/strong> 7kg\/PCS<\/p>\n<h2>Personnalisation et services :<\/h2>\n<p><strong>OEM ET ODM<\/strong>: Pris en charge<br \/><strong>Conception<\/strong>: Gratuit<br \/><strong>Emballage<\/strong>: Emballage fixe en mousse multicouche<\/p>","protected":false},"featured_media":538,"comment_status":"closed","ping_status":"closed","template":"","meta":{"_acf_changed":false},"product_brand":[],"product_cat":[26],"product_tag":[],"class_list":{"0":"post-541","1":"product","2":"type-product","3":"status-publish","4":"has-post-thumbnail","6":"product_cat-wholesale-bathroom-mirror","8":"first","9":"instock","10":"shipping-taxable","11":"product-type-simple"},"acf":[],"_links":{"self":[{"href":"https:\/\/www.shouyasanitary.com\/fr\/wp-json\/wp\/v2\/product\/541","targetHints":{"allow":["GET"]}}],"collection":[{"href":"https:\/\/www.shouyasanitary.com\/fr\/wp-json\/wp\/v2\/product"}],"about":[{"href":"https:\/\/www.shouyasanitary.com\/fr\/wp-json\/wp\/v2\/types\/product"}],"replies":[{"embeddable":true,"href":"https:\/\/www.shouyasanitary.com\/fr\/wp-json\/wp\/v2\/comments?post=541"}],"wp:featuredmedia":[{"embeddable":true,"href":"https:\/\/www.shouyasanitary.com\/fr\/wp-json\/wp\/v2\/media\/538"}],"wp:attachment":[{"href":"https:\/\/www.shouyasanitary.com\/fr\/wp-json\/wp\/v2\/media?parent=541"}],"wp:term":[{"taxonomy":"product_brand","embeddable":true,"href":"https:\/\/www.shouyasanitary.com\/fr\/wp-json\/wp\/v2\/product_brand?post=541"},{"taxonomy":"product_cat","embeddable":true,"href":"https:\/\/www.shouyasanitary.com\/fr\/wp-json\/wp\/v2\/product_cat?post=541"},{"taxonomy":"product_tag","embeddable":true,"href":"https:\/\/www.shouyasanitary.com\/fr\/wp-json\/wp\/v2\/product_tag?post=541"}],"curies":[{"name":"wp","href":"https:\/\/api.w.org\/{rel}","templated":true}]}}