{"id":543,"date":"2025-04-12T13:06:41","date_gmt":"2025-04-12T13:06:41","guid":{"rendered":"https:\/\/www.shouyasanitary.com\/?post_type=product&#038;p=543"},"modified":"2025-05-12T10:33:30","modified_gmt":"2025-05-12T10:33:30","slug":"custom-bathroom-accessories","status":"publish","type":"product","link":"https:\/\/www.shouyasanitary.com\/fr\/produit\/custom-bathroom-accessories\/","title":{"rendered":"Accessoires de salle de bains sur mesure, \u00e9tag\u00e8re \u00e0 serviettes noire Wholesale"},"content":{"rendered":"<div class=\"wp-block-columns is-layout-flex wp-container-core-columns-is-layout-9d6595d7 wp-block-columns-is-layout-flex\">\n<div class=\"wp-block-column is-layout-flow wp-block-column-is-layout-flow\">\n<h2 class=\"wp-block-heading\">Accessoires de salle de bains Caract\u00e9ristiques\uff1a<\/h2>\n\n\n\n<p><strong>Mat\u00e9riau de haute qualit\u00e9<\/strong>: Fabriqu\u00e9 en acier inoxydable de haute qualit\u00e9 et en verre d\u00e9poli, il poss\u00e8de de bonnes capacit\u00e9s anticorrosion et antirouille, ainsi qu'une grande durabilit\u00e9.<\/p>\n\n\n\n<p><strong>Support de rangement en verre tremp\u00e9<\/strong>Les produits de la gamme sont : une forte capacit\u00e9 de charge, des bords arrondis qui ne coupent pas les mains, qui sont beaux et s\u00fbrs.<\/p>\n\n\n\n<p><strong>Style noir minimaliste<\/strong>: L'ensemble des accessoires utilise un traitement de surface noir mat, moderne et adapt\u00e9 \u00e0 de nombreux styles de salles de bains.<\/p>\n\n\n\n<p><strong>Montage mural<\/strong>: Tous les accessoires sont fix\u00e9s au mur, ce qui permet d'\u00e9conomiser de l'espace au sol et facilite l'installation. Ils conviennent \u00e0 tous les types de salles de bains commerciales et r\u00e9sidentielles.<\/p>\n\n\n\n<p><strong>Combinaison d'accessoires multifonctionnels<\/strong>La gamme de produits est compos\u00e9e de : support de rangement, anneau porte-serviettes, porte-serviettes, porte-savon, porte-balai, pour r\u00e9pondre aux besoins quotidiens de la salle de bains dans tous les cas de figure.<\/p>\n\n\n\n<p><strong>Prise en charge de la personnalisation OEM\/ODM<\/strong>L'apparence, la couleur, la taille, la combinaison, le logo, l'emballage et d'autres \u00e9l\u00e9ments multidimensionnels peuvent \u00eatre personnalis\u00e9s en fonction des besoins du client.<\/p>\n<\/div>\n\n\n\n<div class=\"wp-block-column is-layout-flow wp-block-column-is-layout-flow\"><div class=\"wp-block-image\">\n<figure class=\"aligncenter size-full\"><img decoding=\"async\" width=\"800\" height=\"800\" src=\"https:\/\/www.shouyasanitary.com\/wp-content\/uploads\/2025\/04\/Custom-Bathroom-Accessories-Wall-Mounted-Design-Bathroom-Hardware-Set-Supplier-1.webp\" alt=\"Accessoires de salle de bains sur mesure Accessoires muraux design Ensemble de quincaillerie de salle de bains Fournisseur (1)\" class=\"wp-image-544\" style=\"object-fit:cover\" srcset=\"https:\/\/www.shouyasanitary.com\/wp-content\/uploads\/2025\/04\/Custom-Bathroom-Accessories-Wall-Mounted-Design-Bathroom-Hardware-Set-Supplier-1.webp 800w, https:\/\/www.shouyasanitary.com\/wp-content\/uploads\/2025\/04\/Custom-Bathroom-Accessories-Wall-Mounted-Design-Bathroom-Hardware-Set-Supplier-1-300x300.webp 300w, https:\/\/www.shouyasanitary.com\/wp-content\/uploads\/2025\/04\/Custom-Bathroom-Accessories-Wall-Mounted-Design-Bathroom-Hardware-Set-Supplier-1-150x150.webp 150w, https:\/\/www.shouyasanitary.com\/wp-content\/uploads\/2025\/04\/Custom-Bathroom-Accessories-Wall-Mounted-Design-Bathroom-Hardware-Set-Supplier-1-768x768.webp 768w, https:\/\/www.shouyasanitary.com\/wp-content\/uploads\/2025\/04\/Custom-Bathroom-Accessories-Wall-Mounted-Design-Bathroom-Hardware-Set-Supplier-1-600x600.webp 600w, https:\/\/www.shouyasanitary.com\/wp-content\/uploads\/2025\/04\/Custom-Bathroom-Accessories-Wall-Mounted-Design-Bathroom-Hardware-Set-Supplier-1-100x100.webp 100w\" sizes=\"(max-width: 800px) 100vw, 800px\" \/><\/figure>\n<\/div><\/div>\n<\/div>","protected":false},"excerpt":{"rendered":"<p>Accessoires de salle de bain sur mesure et en gros, en acier inoxydable noir, comprenant un porte-serviettes, un porte-serviettes, un porte-papier et un porte-balai de toilette. Design moderne et minimaliste, durable et beau. Fournir des solutions d'articles sanitaires pour les concessionnaires, les entrepreneurs, etc. N'h\u00e9sitez pas \u00e0 nous contacter pour un devis !<\/p>\n<h2>Accessoires de salle de bains Attributs\uff1a<\/h2>\n<p><strong>Num\u00e9ro d'article :<\/strong> SYA250301<strong><br \/>Mat\u00e9riau :<\/strong> Acier inoxydable 304, verre<br \/><strong>Couleur : <\/strong>Noir<br \/><strong>Type d'ensemble :<\/strong> Porte-serviettes, porte-serviettes, porte-papier, porte-balai de toilette<br \/><strong>Dimensions (L\u00d7L\u00d7H) :<\/strong> 60x24x15 cm<br \/><strong>Poids brut :<\/strong> 3kg\/set<br \/><strong>OEM ET ODM<\/strong>: Pris en charge<\/p>","protected":false},"featured_media":544,"comment_status":"closed","ping_status":"closed","template":"","meta":{"_acf_changed":false},"product_brand":[],"product_cat":[21],"product_tag":[],"class_list":{"0":"post-543","1":"product","2":"type-product","3":"status-publish","4":"has-post-thumbnail","6":"product_cat-wholesale-bathroom-accessories","8":"first","9":"instock","10":"shipping-taxable","11":"product-type-simple"},"acf":[],"_links":{"self":[{"href":"https:\/\/www.shouyasanitary.com\/fr\/wp-json\/wp\/v2\/product\/543","targetHints":{"allow":["GET"]}}],"collection":[{"href":"https:\/\/www.shouyasanitary.com\/fr\/wp-json\/wp\/v2\/product"}],"about":[{"href":"https:\/\/www.shouyasanitary.com\/fr\/wp-json\/wp\/v2\/types\/product"}],"replies":[{"embeddable":true,"href":"https:\/\/www.shouyasanitary.com\/fr\/wp-json\/wp\/v2\/comments?post=543"}],"wp:featuredmedia":[{"embeddable":true,"href":"https:\/\/www.shouyasanitary.com\/fr\/wp-json\/wp\/v2\/media\/544"}],"wp:attachment":[{"href":"https:\/\/www.shouyasanitary.com\/fr\/wp-json\/wp\/v2\/media?parent=543"}],"wp:term":[{"taxonomy":"product_brand","embeddable":true,"href":"https:\/\/www.shouyasanitary.com\/fr\/wp-json\/wp\/v2\/product_brand?post=543"},{"taxonomy":"product_cat","embeddable":true,"href":"https:\/\/www.shouyasanitary.com\/fr\/wp-json\/wp\/v2\/product_cat?post=543"},{"taxonomy":"product_tag","embeddable":true,"href":"https:\/\/www.shouyasanitary.com\/fr\/wp-json\/wp\/v2\/product_tag?post=543"}],"curies":[{"name":"wp","href":"https:\/\/api.w.org\/{rel}","templated":true}]}}