{"id":554,"date":"2025-04-12T13:22:34","date_gmt":"2025-04-12T13:22:34","guid":{"rendered":"https:\/\/www.shouyasanitary.com\/?post_type=product&#038;p=554"},"modified":"2025-05-12T10:34:55","modified_gmt":"2025-05-12T10:34:55","slug":"wholesale-bathroom-vanity-faucets","status":"publish","type":"product","link":"https:\/\/www.shouyasanitary.com\/fr\/produit\/wholesale-bathroom-vanity-faucets\/","title":{"rendered":"Wholesale Bathroom Vanity Faucets, Stainless Steel Wash Basin Faucet Bulk"},"content":{"rendered":"<div class=\"wp-block-columns is-layout-flex wp-container-core-columns-is-layout-9d6595d7 wp-block-columns-is-layout-flex\">\n<div class=\"wp-block-column is-layout-flow wp-block-column-is-layout-flow\">\n<h2 class=\"wp-block-heading\">Caract\u00e9ristiques des robinets de salle de bain\uff1a<\/h2>\n\n\n\n<p><strong>Design moderne et minimaliste<\/strong>: Des lignes nettes avec une texture m\u00e9tallique mate, simple et haut de gamme, rehaussent la beaut\u00e9 g\u00e9n\u00e9rale de la salle de bains.<\/p>\n\n\n\n<p><strong>Mat\u00e9riau en acier inoxydable de haute qualit\u00e9<\/strong>: Fabriqu\u00e9 en acier inoxydable de haute qualit\u00e9, il est r\u00e9sistant \u00e0 la corrosion et \u00e0 la rouille, et reste aussi brillant et propre que neuf apr\u00e8s une utilisation prolong\u00e9e.<\/p>\n\n\n\n<p><strong>Structure de base stable<\/strong>: La structure de l'interface d'installation par le bas est optimis\u00e9e, elle s'adapte solidement au comptoir, elle est anti-balancement et r\u00e9pond \u00e0 une large gamme de comptoirs de lavabos.<\/p>\n\n\n\n<p><strong>Contr\u00f4le de la vitesse d'\u00e9coulement de l'eau \u00e0 l'aide d'une seule touche :<\/strong> \u00e9quip\u00e9 d'un bouton de vitesse d'eau faible et d'un bouton de vitesse d'eau \u00e9lev\u00e9e, commutation \u00e0 une touche, changement de diff\u00e9rentes gammes et vitesses de d\u00e9bit d'eau afin d'am\u00e9liorer l'exp\u00e9rience de l'utilisateur.<\/p>\n\n\n\n<p><strong>Facile \u00e0 nettoyer<\/strong>: La surface utilise la technologie de brossage, une texture de haut niveau, anti-traces de doigts et anti-taches d'eau.<\/p>\n\n\n\n<p><strong>Des options de personnalisation sont disponibles<\/strong>: Nous fournissons des services personnalis\u00e9s tels que la couleur, la gravure au laser du LOGO, etc.<\/p>\n<\/div>\n\n\n\n<div class=\"wp-block-column is-layout-flow wp-block-column-is-layout-flow\"><div class=\"wp-block-image\">\n<figure class=\"aligncenter size-full\"><img decoding=\"async\" width=\"1124\" height=\"1124\" src=\"https:\/\/www.shouyasanitary.com\/wp-content\/uploads\/2025\/04\/Wholesale-Bathroom-Vanity-Faucets-Stainless-Steel-Kitchen-Faucet-Manufacturer-1.webp\" alt=\"Wholesale Bathroom Vanity Faucets Stainless Steel Kitchen Faucet Manufacturer (1)\" class=\"wp-image-539\" style=\"object-fit:cover\" srcset=\"https:\/\/www.shouyasanitary.com\/wp-content\/uploads\/2025\/04\/Wholesale-Bathroom-Vanity-Faucets-Stainless-Steel-Kitchen-Faucet-Manufacturer-1.webp 1124w, https:\/\/www.shouyasanitary.com\/wp-content\/uploads\/2025\/04\/Wholesale-Bathroom-Vanity-Faucets-Stainless-Steel-Kitchen-Faucet-Manufacturer-1-300x300.webp 300w, https:\/\/www.shouyasanitary.com\/wp-content\/uploads\/2025\/04\/Wholesale-Bathroom-Vanity-Faucets-Stainless-Steel-Kitchen-Faucet-Manufacturer-1-150x150.webp 150w, https:\/\/www.shouyasanitary.com\/wp-content\/uploads\/2025\/04\/Wholesale-Bathroom-Vanity-Faucets-Stainless-Steel-Kitchen-Faucet-Manufacturer-1-768x768.webp 768w, https:\/\/www.shouyasanitary.com\/wp-content\/uploads\/2025\/04\/Wholesale-Bathroom-Vanity-Faucets-Stainless-Steel-Kitchen-Faucet-Manufacturer-1-600x600.webp 600w, https:\/\/www.shouyasanitary.com\/wp-content\/uploads\/2025\/04\/Wholesale-Bathroom-Vanity-Faucets-Stainless-Steel-Kitchen-Faucet-Manufacturer-1-100x100.webp 100w\" sizes=\"(max-width: 1124px) 100vw, 1124px\" \/><\/figure>\n<\/div><\/div>\n<\/div>\n\n\n\n<p><\/p>","protected":false},"excerpt":{"rendered":"<p>Bienvenue dans la vente en gros de robinets de salle de bains, fabriqu\u00e9s en acier inoxydable de haute qualit\u00e9, avec une base stable et une apparence noire \u00e9l\u00e9gante. Ventes directes en usine, services de vente en gros et de personnalisation pour r\u00e9pondre aux diff\u00e9rents styles de projets et aux exigences fonctionnelles.<\/p>\n<h2>Attributs des robinets de salle de bain\uff1a<\/h2>\n<p><strong>Num\u00e9ro d'article : <\/strong>SYF250301<strong><br \/>Mat\u00e9riau :<\/strong> Laiton<br \/><strong>Couleur :<\/strong> Argent\u00e9<br \/><strong>Dimensions (L\u00d7L\u00d7H) :<\/strong> 18x5x19 cm<br \/><strong>Poids brut :<\/strong> 2kg\/PCS<br \/><strong>OEM ET ODM<\/strong>: Pris en charge<\/p>","protected":false},"featured_media":539,"comment_status":"closed","ping_status":"closed","template":"","meta":{"_acf_changed":false},"product_brand":[],"product_cat":[21],"product_tag":[],"class_list":{"0":"post-554","1":"product","2":"type-product","3":"status-publish","4":"has-post-thumbnail","6":"product_cat-wholesale-bathroom-accessories","8":"first","9":"instock","10":"shipping-taxable","11":"product-type-simple"},"acf":[],"_links":{"self":[{"href":"https:\/\/www.shouyasanitary.com\/fr\/wp-json\/wp\/v2\/product\/554","targetHints":{"allow":["GET"]}}],"collection":[{"href":"https:\/\/www.shouyasanitary.com\/fr\/wp-json\/wp\/v2\/product"}],"about":[{"href":"https:\/\/www.shouyasanitary.com\/fr\/wp-json\/wp\/v2\/types\/product"}],"replies":[{"embeddable":true,"href":"https:\/\/www.shouyasanitary.com\/fr\/wp-json\/wp\/v2\/comments?post=554"}],"wp:featuredmedia":[{"embeddable":true,"href":"https:\/\/www.shouyasanitary.com\/fr\/wp-json\/wp\/v2\/media\/539"}],"wp:attachment":[{"href":"https:\/\/www.shouyasanitary.com\/fr\/wp-json\/wp\/v2\/media?parent=554"}],"wp:term":[{"taxonomy":"product_brand","embeddable":true,"href":"https:\/\/www.shouyasanitary.com\/fr\/wp-json\/wp\/v2\/product_brand?post=554"},{"taxonomy":"product_cat","embeddable":true,"href":"https:\/\/www.shouyasanitary.com\/fr\/wp-json\/wp\/v2\/product_cat?post=554"},{"taxonomy":"product_tag","embeddable":true,"href":"https:\/\/www.shouyasanitary.com\/fr\/wp-json\/wp\/v2\/product_tag?post=554"}],"curies":[{"name":"wp","href":"https:\/\/api.w.org\/{rel}","templated":true}]}}