{"id":560,"date":"2025-04-12T13:33:33","date_gmt":"2025-04-12T13:33:33","guid":{"rendered":"https:\/\/www.shouyasanitary.com\/?post_type=product&#038;p=560"},"modified":"2025-05-12T10:41:09","modified_gmt":"2025-05-12T10:41:09","slug":"wholesale-wall-hung-toilets","status":"publish","type":"product","link":"https:\/\/www.shouyasanitary.com\/fr\/produit\/wholesale-wall-hung-toilets\/","title":{"rendered":"Wholesale Wall Hung Toilets, Ceramic Toilet for Bathroom Bulk (Toilette en c\u00e9ramique pour salle de bain en vrac)"},"content":{"rendered":"<div class=\"wp-block-columns is-layout-flex wp-container-core-columns-is-layout-9d6595d7 wp-block-columns-is-layout-flex\">\n<div class=\"wp-block-column is-layout-flow wp-block-column-is-layout-flow\">\n<h2 class=\"wp-block-heading\">Caract\u00e9ristiques des toilettes suspendues\uff1a<\/h2>\n\n\n\n<p><strong>Montage mural<\/strong>: Les toilettes sont mont\u00e9es au mur pour lib\u00e9rer de l'espace au sol, ce qui convient particuli\u00e8rement aux salles de bains modernes et compactes.<\/p>\n\n\n\n<p><strong>Aspect \u00e9l\u00e9gant et simple<\/strong>: La forme carr\u00e9e est assortie de coins arrondis pour am\u00e9liorer l'espace de la salle de bains.<\/p>\n\n\n\n<p><strong>C\u00e9ramiques cuites \u00e0 haute temp\u00e9rature<\/strong>: Fabriqu\u00e9 en c\u00e9ramique de haute qualit\u00e9, l'\u00e9mail est lisse, ne cache pas facilement la salet\u00e9 et est plus facile \u00e0 nettoyer.<\/p>\n\n\n\n<p><strong>Conception silencieuse<\/strong>: Le couvercle des toilettes adopte une structure ralentie pour \u00e9viter efficacement le bruit, ce qui rend son utilisation plus confortable et plus silencieuse.<\/p>\n\n\n\n<p><strong>Syst\u00e8me de rin\u00e7age \u00e0 faible consommation d'eau<\/strong>: Il adopte une structure de rin\u00e7age efficace et \u00e9conome en eau, avec une force de rin\u00e7age \u00e9lev\u00e9e et une faible consommation d'eau, offrant ainsi des solutions de salle de bains \u00e9cologiques et \u00e9conomes en \u00e9nergie.<\/p>\n\n\n\n<p><strong>Eaux us\u00e9es cach\u00e9es<\/strong>: Compatible avec de nombreuses marques de r\u00e9servoirs d'eau muraux sur le march\u00e9, la structure de drainage mural dissimule le r\u00e9servoir d'eau et les tuyaux dans le mur, avec une apparence soign\u00e9e et facile \u00e0 nettoyer.<\/p>\n\n\n\n<p><strong>Des solutions flexibles et personnalis\u00e9es<\/strong>: La taille des toilettes, l'arriv\u00e9e d'eau, la m\u00e9thode d'\u00e9vacuation et la hauteur de suspension peuvent \u00eatre ajust\u00e9es en fonction des diff\u00e9rents environnements d'installation, et conviennent aux diverses exigences de construction.<\/p>\n<\/div>\n\n\n\n<div class=\"wp-block-column is-layout-flow wp-block-column-is-layout-flow\"><div class=\"wp-block-image\">\n<figure class=\"aligncenter size-full\"><img decoding=\"async\" width=\"827\" height=\"827\" src=\"https:\/\/www.shouyasanitary.com\/wp-content\/uploads\/2025\/04\/Custom-Wall-Hung-Toilets-Modern-Ceramic-White-Toilet-for-Small-Bathroom-Wholesale-1.webp\" alt=\"Toilettes suspendues sur mesure Toilettes modernes en c\u00e9ramique blanche pour petites salles de bains Wholesale (1)\" class=\"wp-image-570\" style=\"object-fit:cover\" srcset=\"https:\/\/www.shouyasanitary.com\/wp-content\/uploads\/2025\/04\/Custom-Wall-Hung-Toilets-Modern-Ceramic-White-Toilet-for-Small-Bathroom-Wholesale-1.webp 827w, https:\/\/www.shouyasanitary.com\/wp-content\/uploads\/2025\/04\/Custom-Wall-Hung-Toilets-Modern-Ceramic-White-Toilet-for-Small-Bathroom-Wholesale-1-300x300.webp 300w, https:\/\/www.shouyasanitary.com\/wp-content\/uploads\/2025\/04\/Custom-Wall-Hung-Toilets-Modern-Ceramic-White-Toilet-for-Small-Bathroom-Wholesale-1-150x150.webp 150w, https:\/\/www.shouyasanitary.com\/wp-content\/uploads\/2025\/04\/Custom-Wall-Hung-Toilets-Modern-Ceramic-White-Toilet-for-Small-Bathroom-Wholesale-1-768x768.webp 768w, https:\/\/www.shouyasanitary.com\/wp-content\/uploads\/2025\/04\/Custom-Wall-Hung-Toilets-Modern-Ceramic-White-Toilet-for-Small-Bathroom-Wholesale-1-600x600.webp 600w, https:\/\/www.shouyasanitary.com\/wp-content\/uploads\/2025\/04\/Custom-Wall-Hung-Toilets-Modern-Ceramic-White-Toilet-for-Small-Bathroom-Wholesale-1-100x100.webp 100w\" sizes=\"(max-width: 827px) 100vw, 827px\" \/><\/figure>\n<\/div><\/div>\n<\/div>","protected":false},"excerpt":{"rendered":"<p>Toilettes suspendues en gros pour les salles de bains haut de gamme. Mat\u00e9riau en c\u00e9ramique blanche, durable et facile \u00e0 nettoyer. Nous fournissons des solutions compl\u00e8tes en mati\u00e8re d'articles sanitaires pour la salle de bains, y compris des vanit\u00e9s de salle de bains. N'h\u00e9sitez pas \u00e0 nous contacter pour un devis !<\/p>\n<h2>Attributs des toilettes suspendues\uff1a<\/h2>\n<p><strong>Num\u00e9ro d'article :<\/strong>SYT250301<strong><br \/>Mat\u00e9riau : <\/strong> C\u00e9ramique<br \/><strong>Couleur :<\/strong> Blanc<br \/><strong>Dimensions (L\u00d7L\u00d7H) :<\/strong> 52x36x35 cm<br \/><strong>Poids brut :<\/strong> 15kg\/PCS<br \/><strong>OEM ET ODM<\/strong>: Pris en charge<\/p>","protected":false},"featured_media":570,"comment_status":"closed","ping_status":"closed","template":"","meta":{"_acf_changed":false},"product_brand":[],"product_cat":[28],"product_tag":[],"class_list":{"0":"post-560","1":"product","2":"type-product","3":"status-publish","4":"has-post-thumbnail","6":"product_cat-wholesale-toilet","8":"first","9":"instock","10":"shipping-taxable","11":"product-type-simple"},"acf":[],"_links":{"self":[{"href":"https:\/\/www.shouyasanitary.com\/fr\/wp-json\/wp\/v2\/product\/560","targetHints":{"allow":["GET"]}}],"collection":[{"href":"https:\/\/www.shouyasanitary.com\/fr\/wp-json\/wp\/v2\/product"}],"about":[{"href":"https:\/\/www.shouyasanitary.com\/fr\/wp-json\/wp\/v2\/types\/product"}],"replies":[{"embeddable":true,"href":"https:\/\/www.shouyasanitary.com\/fr\/wp-json\/wp\/v2\/comments?post=560"}],"wp:featuredmedia":[{"embeddable":true,"href":"https:\/\/www.shouyasanitary.com\/fr\/wp-json\/wp\/v2\/media\/570"}],"wp:attachment":[{"href":"https:\/\/www.shouyasanitary.com\/fr\/wp-json\/wp\/v2\/media?parent=560"}],"wp:term":[{"taxonomy":"product_brand","embeddable":true,"href":"https:\/\/www.shouyasanitary.com\/fr\/wp-json\/wp\/v2\/product_brand?post=560"},{"taxonomy":"product_cat","embeddable":true,"href":"https:\/\/www.shouyasanitary.com\/fr\/wp-json\/wp\/v2\/product_cat?post=560"},{"taxonomy":"product_tag","embeddable":true,"href":"https:\/\/www.shouyasanitary.com\/fr\/wp-json\/wp\/v2\/product_tag?post=560"}],"curies":[{"name":"wp","href":"https:\/\/api.w.org\/{rel}","templated":true}]}}