{"id":721,"date":"2025-04-14T10:19:20","date_gmt":"2025-04-14T10:19:20","guid":{"rendered":"https:\/\/www.shouyasanitary.com\/?post_type=product&#038;p=721"},"modified":"2025-05-12T10:42:48","modified_gmt":"2025-05-12T10:42:48","slug":"wholesale-bathroom-accessories","status":"publish","type":"product","link":"https:\/\/www.shouyasanitary.com\/fr\/produit\/wholesale-bathroom-accessories\/","title":{"rendered":"Accessoires de salle de bain en gros, Barre de serviettes noire en vrac sur mesure"},"content":{"rendered":"<div class=\"wp-block-columns is-layout-flex wp-container-core-columns-is-layout-9d6595d7 wp-block-columns-is-layout-flex\">\n<div class=\"wp-block-column is-layout-flow wp-block-column-is-layout-flow\">\n<h2 class=\"wp-block-heading\">Accessoires de salle de bains Caract\u00e9ristiques\uff1a<\/h2>\n\n\n\n<p><strong>Un ensemble complet d'accessoires de salle de bains<\/strong>: Porte-serviettes, anneaux porte-serviettes, crochets, porte-serviettes \u00e0 deux ou unipolaires, porte-savons, porte-brosses de toilette, etc., pour r\u00e9pondre \u00e0 tous les besoins fonctionnels de la salle de bains.<\/p>\n\n\n\n<p><strong>Texture noire moderne et mate<\/strong>: Traitement de surface noir mat de premi\u00e8re qualit\u00e9, design minimaliste, adapt\u00e9 aux styles de d\u00e9coration moderne, nordique, industriel et autres de la salle de bains.<\/p>\n\n\n\n<p><strong>Des mat\u00e9riaux et un savoir-faire de haute qualit\u00e9<\/strong>: Fabriqu\u00e9 en acier inoxydable, il ne rouille pas et r\u00e9siste \u00e0 la corrosion. Apr\u00e8s un traitement multicouche par pulv\u00e9risation, la surface est r\u00e9sistante aux rayures et durable, et convient aux environnements humides.<\/p>\n\n\n\n<p><strong>Fiable et durable<\/strong>: Conception de montage mural, accessoires d'installation complets, adapt\u00e9s \u00e0 divers carrelages, pierres et autres murs, l'installation est ferme et ne se d\u00e9colle pas.<\/p>\n\n\n\n<p><strong>Soutien \u00e0 la personnalisation et \u00e0 la vente en gros<\/strong>: Nous fournissons des couleurs personnalis\u00e9es, des emballages, des logos et d'autres solutions pour r\u00e9pondre aux besoins des clients. Nous soutenons la coop\u00e9ration OEM\/ODM \u00e0 grande \u00e9chelle, la fourniture directe par l'usine et une plus grande rentabilit\u00e9.<\/p>\n<\/div>\n\n\n\n<div class=\"wp-block-column is-layout-flow wp-block-column-is-layout-flow\"><div class=\"wp-block-image\">\n<figure class=\"aligncenter size-full\"><img decoding=\"async\" width=\"800\" height=\"800\" src=\"https:\/\/www.shouyasanitary.com\/wp-content\/uploads\/2025\/04\/Wholesale-Bathroom-Accessories-Black-Towel-Bar-Custom-Bulk-1.webp\" alt=\"Wholesale Bathroom Accessories, Black Towel Bar Custom Bulk (1)\" class=\"wp-image-736\" style=\"object-fit:cover\" srcset=\"https:\/\/www.shouyasanitary.com\/wp-content\/uploads\/2025\/04\/Wholesale-Bathroom-Accessories-Black-Towel-Bar-Custom-Bulk-1.webp 800w, https:\/\/www.shouyasanitary.com\/wp-content\/uploads\/2025\/04\/Wholesale-Bathroom-Accessories-Black-Towel-Bar-Custom-Bulk-1-300x300.webp 300w, https:\/\/www.shouyasanitary.com\/wp-content\/uploads\/2025\/04\/Wholesale-Bathroom-Accessories-Black-Towel-Bar-Custom-Bulk-1-150x150.webp 150w, https:\/\/www.shouyasanitary.com\/wp-content\/uploads\/2025\/04\/Wholesale-Bathroom-Accessories-Black-Towel-Bar-Custom-Bulk-1-768x768.webp 768w, https:\/\/www.shouyasanitary.com\/wp-content\/uploads\/2025\/04\/Wholesale-Bathroom-Accessories-Black-Towel-Bar-Custom-Bulk-1-600x600.webp 600w, https:\/\/www.shouyasanitary.com\/wp-content\/uploads\/2025\/04\/Wholesale-Bathroom-Accessories-Black-Towel-Bar-Custom-Bulk-1-100x100.webp 100w\" sizes=\"(max-width: 800px) 100vw, 800px\" \/><\/figure>\n<\/div><\/div>\n<\/div>","protected":false},"excerpt":{"rendered":"<p>Bienvenue sur le site de vente en gros d'accessoires de salle de bains. L'ensemble complet comprend un porte-serviettes, un anneau porte-serviettes, un porte-savon, un porte-balai de toilette, etc. Adoptant l'artisanat noir mat, moderne et simple, il convient \u00e0 toutes sortes de salles de bains. Nous supportons la personnalisation et la vente en gros, contactez-nous pour un devis.<\/p>\n<h2>Accessoires de salle de bains Attributs\uff1a<\/h2>\n<p><strong>Num\u00e9ro d'article : <\/strong>SYA250302<strong><br \/>Mat\u00e9riau :<\/strong> Acier inoxydable 304, verre<br \/><strong>Couleur : <\/strong>Noir<br \/><strong>Type d'ensemble :<\/strong> Porte-serviettes, porte-serviettes, porte-papier, porte-balai de toilette, porte-savon<br \/><strong>Dimensions (L\u00d7L\u00d7H) :<\/strong> 60x24x15 cm<br \/><strong>Poids brut :<\/strong> 3kg\/set<br \/><strong>OEM ET ODM<\/strong>: Pris en charge<\/p>","protected":false},"featured_media":736,"comment_status":"closed","ping_status":"closed","template":"","meta":{"_acf_changed":false},"product_brand":[],"product_cat":[21],"product_tag":[],"class_list":{"0":"post-721","1":"product","2":"type-product","3":"status-publish","4":"has-post-thumbnail","6":"product_cat-wholesale-bathroom-accessories","8":"first","9":"instock","10":"shipping-taxable","11":"product-type-simple"},"acf":[],"_links":{"self":[{"href":"https:\/\/www.shouyasanitary.com\/fr\/wp-json\/wp\/v2\/product\/721","targetHints":{"allow":["GET"]}}],"collection":[{"href":"https:\/\/www.shouyasanitary.com\/fr\/wp-json\/wp\/v2\/product"}],"about":[{"href":"https:\/\/www.shouyasanitary.com\/fr\/wp-json\/wp\/v2\/types\/product"}],"replies":[{"embeddable":true,"href":"https:\/\/www.shouyasanitary.com\/fr\/wp-json\/wp\/v2\/comments?post=721"}],"wp:featuredmedia":[{"embeddable":true,"href":"https:\/\/www.shouyasanitary.com\/fr\/wp-json\/wp\/v2\/media\/736"}],"wp:attachment":[{"href":"https:\/\/www.shouyasanitary.com\/fr\/wp-json\/wp\/v2\/media?parent=721"}],"wp:term":[{"taxonomy":"product_brand","embeddable":true,"href":"https:\/\/www.shouyasanitary.com\/fr\/wp-json\/wp\/v2\/product_brand?post=721"},{"taxonomy":"product_cat","embeddable":true,"href":"https:\/\/www.shouyasanitary.com\/fr\/wp-json\/wp\/v2\/product_cat?post=721"},{"taxonomy":"product_tag","embeddable":true,"href":"https:\/\/www.shouyasanitary.com\/fr\/wp-json\/wp\/v2\/product_tag?post=721"}],"curies":[{"name":"wp","href":"https:\/\/api.w.org\/{rel}","templated":true}]}}