{"id":745,"date":"2025-04-14T10:26:47","date_gmt":"2025-04-14T10:26:47","guid":{"rendered":"https:\/\/www.shouyasanitary.com\/?post_type=product&#038;p=745"},"modified":"2025-05-12T10:44:11","modified_gmt":"2025-05-12T10:44:11","slug":"bathroom-accessories-set-wholesale","status":"publish","type":"product","link":"https:\/\/www.shouyasanitary.com\/fr\/produit\/bathroom-accessories-set-wholesale\/","title":{"rendered":"Accessoires de salle de bains Wholesale, Gold Tissue Holder Wall Mounted Supplies"},"content":{"rendered":"<div class=\"wp-block-columns is-layout-flex wp-container-core-columns-is-layout-9d6595d7 wp-block-columns-is-layout-flex\">\n<div class=\"wp-block-column is-layout-flow wp-block-column-is-layout-flow\">\n<h2 class=\"wp-block-heading\">Ensemble d'accessoires de salle de bains Caract\u00e9ristiques\uff1a<\/h2>\n\n\n\n<p><strong>Mat\u00e9riau en acier inoxydable sup\u00e9rieur<\/strong>: Fabriqu\u00e9 en acier inoxydable 304, il poss\u00e8de d'excellentes propri\u00e9t\u00e9s anti-humidit\u00e9, anti-corrosion et anti-oxydation et est con\u00e7u pour les environnements humides.<\/p>\n\n\n\n<p><strong>Proc\u00e9d\u00e9 de galvanoplastie fine :<\/strong> Traitement de surface en or mat, technologie de galvanoplastie sous vide, pas facile \u00e0 d\u00e9colorer, doux au toucher et am\u00e9liorant la texture de la salle de bains.<\/p>\n\n\n\n<p><strong>Base de support ronde<\/strong>: Avec des lignes douces de barres horizontales et d'anneaux, l'installation murale, la l\u00e9g\u00e8ret\u00e9 visuelle, la stabilit\u00e9 et la durabilit\u00e9, renforcent la sensation de propret\u00e9 de l'espace.<\/p>\n\n\n\n<p><strong>Surface lisse et polie<\/strong>: Les pi\u00e8ces de contact sont exemptes de bavures afin d'\u00e9viter de se rayer les mains, ce qui convient particuli\u00e8rement aux sc\u00e8nes de salle de bain dans les maisons et les espaces commerciaux.<\/p>\n\n\n\n<p><strong>Correspondance raisonnable des tailles<\/strong>: Le porte-serviettes est de longueur moyenne et peut \u00eatre utilis\u00e9 pour suspendre des serviettes de bain ou des cloisons s\u00e8ches et humides ; le porte-serviettes en papier est lisse et ne glisse pas facilement ; l'anneau \u00e0 serviettes est pratique pour suspendre les essuie-mains quotidiens.<\/p>\n\n\n\n<p><strong>Fournir des services personnalis\u00e9s<\/strong>: La couleur, la m\u00e9thode de galvanisation, l'espacement des trous d'installation, le LOGO, etc. peuvent \u00eatre personnalis\u00e9s en fonction des besoins du client pour r\u00e9pondre aux projets d'ing\u00e9nierie et \u00e0 l'approvisionnement des marques.<\/p>\n<\/div>\n\n\n\n<div class=\"wp-block-column is-layout-flow wp-block-column-is-layout-flow\"><div class=\"wp-block-image\">\n<figure class=\"aligncenter size-full\"><img decoding=\"async\" width=\"800\" height=\"800\" src=\"https:\/\/www.shouyasanitary.com\/wp-content\/uploads\/2025\/04\/Bathroom-Accessories-Set-Wholesale-Gold-Tissue-Holder-Wall-Mounted-Supplies-1.webp\" alt=\"Ensemble d&#039;accessoires de salle de bains Wholesale, Porte-mouchoirs en or \u00e0 fixation murale (1)\" class=\"wp-image-729\" style=\"object-fit:cover\" srcset=\"https:\/\/www.shouyasanitary.com\/wp-content\/uploads\/2025\/04\/Bathroom-Accessories-Set-Wholesale-Gold-Tissue-Holder-Wall-Mounted-Supplies-1.webp 800w, https:\/\/www.shouyasanitary.com\/wp-content\/uploads\/2025\/04\/Bathroom-Accessories-Set-Wholesale-Gold-Tissue-Holder-Wall-Mounted-Supplies-1-300x300.webp 300w, https:\/\/www.shouyasanitary.com\/wp-content\/uploads\/2025\/04\/Bathroom-Accessories-Set-Wholesale-Gold-Tissue-Holder-Wall-Mounted-Supplies-1-150x150.webp 150w, https:\/\/www.shouyasanitary.com\/wp-content\/uploads\/2025\/04\/Bathroom-Accessories-Set-Wholesale-Gold-Tissue-Holder-Wall-Mounted-Supplies-1-768x768.webp 768w, https:\/\/www.shouyasanitary.com\/wp-content\/uploads\/2025\/04\/Bathroom-Accessories-Set-Wholesale-Gold-Tissue-Holder-Wall-Mounted-Supplies-1-600x600.webp 600w, https:\/\/www.shouyasanitary.com\/wp-content\/uploads\/2025\/04\/Bathroom-Accessories-Set-Wholesale-Gold-Tissue-Holder-Wall-Mounted-Supplies-1-100x100.webp 100w\" sizes=\"(max-width: 800px) 100vw, 800px\" \/><\/figure>\n<\/div><\/div>\n<\/div>","protected":false},"excerpt":{"rendered":"<p>L'ensemble d'accessoires de salle de bains comprend un anneau porte-serviettes, un porte-serviettes et un porte-serviettes en papier. Le mat\u00e9riau utilis\u00e9 est de l'acier inoxydable s\u00e9lectionn\u00e9, dont la surface est plaqu\u00e9e d'or mat, antirouille, durable, avec une bonne texture, con\u00e7u pour la salle de bain moderne. Nous fournissons des services de vente en gros et de personnalisation pour r\u00e9pondre aux besoins de votre projet de marque.<\/p>\n<h2>Set d'accessoires de salle de bain Attributs\uff1a<\/h2>\n<p><strong>Num\u00e9ro d'article :<\/strong>SYA250303<strong><br \/>Mat\u00e9riau :<\/strong> Acier inoxydable 304<br \/><strong>Couleur : <\/strong>Dor\u00e9<br \/><strong>Type d'ensemble :<\/strong> Porte-serviettes, anneau porte-serviettes, porte-papier<br \/><strong>Dimensions (L\u00d7L\u00d7H) :<\/strong> 60x8x5,5 cm<br \/><strong>Poids brut :<\/strong> 2.5kg\/set<br \/><strong>OEM ET ODM<\/strong>: Pris en charge<\/p>","protected":false},"featured_media":729,"comment_status":"closed","ping_status":"closed","template":"","meta":{"_acf_changed":false},"product_brand":[],"product_cat":[21],"product_tag":[],"class_list":{"0":"post-745","1":"product","2":"type-product","3":"status-publish","4":"has-post-thumbnail","6":"product_cat-wholesale-bathroom-accessories","8":"first","9":"instock","10":"shipping-taxable","11":"product-type-simple"},"acf":[],"_links":{"self":[{"href":"https:\/\/www.shouyasanitary.com\/fr\/wp-json\/wp\/v2\/product\/745","targetHints":{"allow":["GET"]}}],"collection":[{"href":"https:\/\/www.shouyasanitary.com\/fr\/wp-json\/wp\/v2\/product"}],"about":[{"href":"https:\/\/www.shouyasanitary.com\/fr\/wp-json\/wp\/v2\/types\/product"}],"replies":[{"embeddable":true,"href":"https:\/\/www.shouyasanitary.com\/fr\/wp-json\/wp\/v2\/comments?post=745"}],"wp:featuredmedia":[{"embeddable":true,"href":"https:\/\/www.shouyasanitary.com\/fr\/wp-json\/wp\/v2\/media\/729"}],"wp:attachment":[{"href":"https:\/\/www.shouyasanitary.com\/fr\/wp-json\/wp\/v2\/media?parent=745"}],"wp:term":[{"taxonomy":"product_brand","embeddable":true,"href":"https:\/\/www.shouyasanitary.com\/fr\/wp-json\/wp\/v2\/product_brand?post=745"},{"taxonomy":"product_cat","embeddable":true,"href":"https:\/\/www.shouyasanitary.com\/fr\/wp-json\/wp\/v2\/product_cat?post=745"},{"taxonomy":"product_tag","embeddable":true,"href":"https:\/\/www.shouyasanitary.com\/fr\/wp-json\/wp\/v2\/product_tag?post=745"}],"curies":[{"name":"wp","href":"https:\/\/api.w.org\/{rel}","templated":true}]}}