{"id":774,"date":"2025-04-14T10:48:29","date_gmt":"2025-04-14T10:48:29","guid":{"rendered":"https:\/\/www.shouyasanitary.com\/?post_type=product&#038;p=774"},"modified":"2025-10-27T03:58:17","modified_gmt":"2025-10-27T03:58:17","slug":"bathroom-accessories-custom","status":"publish","type":"product","link":"https:\/\/www.shouyasanitary.com\/fr\/produit\/bathroom-accessories-custom\/","title":{"rendered":"Accessoires de salle de bains 5 pi\u00e8ces en acier inoxydable sur mesure"},"content":{"rendered":"<div class=\"wp-block-columns is-layout-flex wp-container-core-columns-is-layout-9d6595d7 wp-block-columns-is-layout-flex\">\n<div class=\"wp-block-column is-layout-flow wp-block-column-is-layout-flow\">\n<h2 class=\"wp-block-heading\">Accessoires de salle de bains Caract\u00e9ristiques\uff1a<\/h2>\n\n\n\n<p><strong>Style moderne et minimaliste<\/strong>: Fabriqu\u00e9 en acier inoxydable de haute qualit\u00e9, le miroir argent\u00e9 pr\u00e9sente un style moderne haut de gamme, am\u00e9liore l'exp\u00e9rience visuelle globale et convient \u00e0 divers espaces de salle de bains.<\/p>\n\n\n\n<p><strong>Excellente technologie de galvanoplastie<\/strong>: Gr\u00e2ce \u00e0 une technologie de galvanoplastie de haute qualit\u00e9, la surface est brillante et durable, r\u00e9sistante \u00e0 la corrosion et aux rayures, et convient aux environnements humides \u00e0 long terme.<\/p>\n\n\n\n<p><strong>Conception murale<\/strong>: Tous les accessoires sont fix\u00e9s au mur, ce qui permet d'utiliser efficacement l'espace vertical pour rendre la salle de bains plus organis\u00e9e et plus spacieuse.<\/p>\n\n\n\n<p><strong>Combinaison compl\u00e8te d'ensembles<\/strong>: L'ensemble comprend des accessoires fonctionnels tels que des porte-serviettes, des porte-savons, des porte-papiers, des porte-balais, etc., couvrant les besoins quotidiens de rangement et de nettoyage de la salle de bains.<\/p>\n\n\n\n<p><strong>Facile \u00e0 nettoyer<\/strong>:  Gr\u00e2ce \u00e0 l'acier inoxydable galvanis\u00e9, la surface est lisse et ne pr\u00e9sente pas d'angles morts. La poussi\u00e8re et les taches d'eau n'adh\u00e8rent pas facilement et un simple coup d'\u00e9ponge permet de garder la salle de bains propre et nette.<\/p>\n\n\n\n<p><strong>Facile \u00e0 installer<\/strong>: Accessoires complets, installation simple et pratique, adapt\u00e9 \u00e0 une vari\u00e9t\u00e9 de mat\u00e9riaux muraux, pratique pour les projets personnels et d'ing\u00e9nierie.<\/p>\n\n\n\n<p><strong>Soutenir les solutions OEM\/ODM<\/strong>: La taille, la structure, le logo et l'emballage peuvent \u00eatre personnalis\u00e9s en fonction des besoins du client, ce qui permet la personnalisation de la marque et la production de masse, et aide les clients \u00e0 \u00e9tendre le march\u00e9.<\/p>\n<\/div>\n\n\n\n<div class=\"wp-block-column is-layout-flow wp-block-column-is-layout-flow\"><div class=\"wp-block-image\">\n<figure class=\"aligncenter size-full\"><img decoding=\"async\" width=\"1919\" height=\"1919\" src=\"https:\/\/www.shouyasanitary.com\/wp-content\/uploads\/2025\/04\/Bathroom-Accessories-Custom-Stainless-Steel-Bathroom-Toilet-Paper-Holder-Wholesale-1.webp\" alt=\"Accessoires de salle de bains personnalis\u00e9s, Porte-papier hygi\u00e9nique en acier inoxydable Wholesale (1)\" class=\"wp-image-723\" style=\"object-fit:cover\" srcset=\"https:\/\/www.shouyasanitary.com\/wp-content\/uploads\/2025\/04\/Bathroom-Accessories-Custom-Stainless-Steel-Bathroom-Toilet-Paper-Holder-Wholesale-1.webp 1919w, https:\/\/www.shouyasanitary.com\/wp-content\/uploads\/2025\/04\/Bathroom-Accessories-Custom-Stainless-Steel-Bathroom-Toilet-Paper-Holder-Wholesale-1-300x300.webp 300w, https:\/\/www.shouyasanitary.com\/wp-content\/uploads\/2025\/04\/Bathroom-Accessories-Custom-Stainless-Steel-Bathroom-Toilet-Paper-Holder-Wholesale-1-150x150.webp 150w, https:\/\/www.shouyasanitary.com\/wp-content\/uploads\/2025\/04\/Bathroom-Accessories-Custom-Stainless-Steel-Bathroom-Toilet-Paper-Holder-Wholesale-1-768x768.webp 768w, https:\/\/www.shouyasanitary.com\/wp-content\/uploads\/2025\/04\/Bathroom-Accessories-Custom-Stainless-Steel-Bathroom-Toilet-Paper-Holder-Wholesale-1-1200x1200.webp 1200w, https:\/\/www.shouyasanitary.com\/wp-content\/uploads\/2025\/04\/Bathroom-Accessories-Custom-Stainless-Steel-Bathroom-Toilet-Paper-Holder-Wholesale-1-600x600.webp 600w, https:\/\/www.shouyasanitary.com\/wp-content\/uploads\/2025\/04\/Bathroom-Accessories-Custom-Stainless-Steel-Bathroom-Toilet-Paper-Holder-Wholesale-1-100x100.webp 100w\" sizes=\"(max-width: 1919px) 100vw, 1919px\" \/><\/figure>\n<\/div><\/div>\n<\/div>","protected":false},"excerpt":{"rendered":"<p>Accessoires de salle de bains 5 pi\u00e8ces personnalis\u00e9s, fabriqu\u00e9s en acier inoxydable de haute qualit\u00e9, conception murale permettant d'\u00e9conomiser de l'espace, refl\u00e9tant le style minimaliste moderne. Riche en accessoires, fonctions compl\u00e8tes, convenant \u00e0 divers sc\u00e9narios dans les projets domestiques et commerciaux. Nous prenons en charge la personnalisation OEM\/ODM et la vente en gros pour r\u00e9pondre aux divers besoins des clients. N'h\u00e9sitez pas \u00e0 nous contacter !<\/p>\n<h2>Accessoires de salle de bains Attributs\uff1a<\/h2>\n<p><strong>Num\u00e9ro d'article : <\/strong>SYA250304<strong><br \/>Mat\u00e9riau :<\/strong> Acier inoxydable 304<br \/><strong>Couleur : <\/strong>Argent\u00e9<br \/><strong>Type d'ensemble :<\/strong> Porte-serviettes, porte-serviettes suspendu, porte-papier, porte-balai de toilette, porte-serviettes de rangement<br \/><strong>Dimensions (L\u00d7L\u00d7H) :<\/strong> 60x24x15 cm<br \/><strong>Poids brut :<\/strong> 3kg\/set<br \/><strong>OEM ET ODM<\/strong>: Pris en charge<\/p>","protected":false},"featured_media":723,"comment_status":"closed","ping_status":"closed","template":"","meta":{"_acf_changed":true},"product_brand":[],"product_cat":[21],"product_tag":[],"class_list":{"0":"post-774","1":"product","2":"type-product","3":"status-publish","4":"has-post-thumbnail","6":"product_cat-wholesale-bathroom-accessories","8":"first","9":"instock","10":"shipping-taxable","11":"product-type-simple"},"acf":[],"_links":{"self":[{"href":"https:\/\/www.shouyasanitary.com\/fr\/wp-json\/wp\/v2\/product\/774","targetHints":{"allow":["GET"]}}],"collection":[{"href":"https:\/\/www.shouyasanitary.com\/fr\/wp-json\/wp\/v2\/product"}],"about":[{"href":"https:\/\/www.shouyasanitary.com\/fr\/wp-json\/wp\/v2\/types\/product"}],"replies":[{"embeddable":true,"href":"https:\/\/www.shouyasanitary.com\/fr\/wp-json\/wp\/v2\/comments?post=774"}],"wp:featuredmedia":[{"embeddable":true,"href":"https:\/\/www.shouyasanitary.com\/fr\/wp-json\/wp\/v2\/media\/723"}],"wp:attachment":[{"href":"https:\/\/www.shouyasanitary.com\/fr\/wp-json\/wp\/v2\/media?parent=774"}],"wp:term":[{"taxonomy":"product_brand","embeddable":true,"href":"https:\/\/www.shouyasanitary.com\/fr\/wp-json\/wp\/v2\/product_brand?post=774"},{"taxonomy":"product_cat","embeddable":true,"href":"https:\/\/www.shouyasanitary.com\/fr\/wp-json\/wp\/v2\/product_cat?post=774"},{"taxonomy":"product_tag","embeddable":true,"href":"https:\/\/www.shouyasanitary.com\/fr\/wp-json\/wp\/v2\/product_tag?post=774"}],"curies":[{"name":"wp","href":"https:\/\/api.w.org\/{rel}","templated":true}]}}