{"id":842,"date":"2025-04-14T10:56:38","date_gmt":"2025-04-14T10:56:38","guid":{"rendered":"https:\/\/www.shouyasanitary.com\/?post_type=product&#038;p=842"},"modified":"2025-05-12T10:47:53","modified_gmt":"2025-05-12T10:47:53","slug":"bathroom-faucet-wholesale","status":"publish","type":"product","link":"https:\/\/www.shouyasanitary.com\/fr\/produit\/bathroom-faucet-wholesale\/","title":{"rendered":"Robinet de salle de bain monotrou Wholesale, robinets \u00e0 tirette Custom Bulk"},"content":{"rendered":"<div class=\"wp-block-columns is-layout-flex wp-container-core-columns-is-layout-9d6595d7 wp-block-columns-is-layout-flex\">\n<div class=\"wp-block-column is-layout-flow wp-block-column-is-layout-flow\">\n<h2 class=\"wp-block-heading\">Caract\u00e9ristiques du robinet de salle de bains\uff1a<\/h2>\n\n\n\n<p><strong>Aspect or luxueux<\/strong>La surface est brillante, pr\u00e9sente une texture haut de gamme, est r\u00e9sistante \u00e0 la corrosion et aux empreintes digitales, et rehausse le style g\u00e9n\u00e9ral de la salle de bains.<\/p>\n\n\n\n<p><strong>Conception de l'\u00e9vacuation de l'eau par tirage au sort<\/strong>Le syst\u00e8me est flexible et r\u00e9tractable, le rebond est doux, il r\u00e9pond aux diff\u00e9rents besoins d'utilisation, il est plus pratique \u00e0 utiliser et am\u00e9liore l'exp\u00e9rience d'utilisation quotidienne.<\/p>\n\n\n\n<p><strong>Structure d'installation \u00e0 trou unique<\/strong>Structure simple, adapt\u00e9e aux comptoirs des cabinets de toilette courants, facile \u00e0 installer et \u00e0 remplacer rapidement, et am\u00e9liorant l'efficacit\u00e9 de l'utilisation.<\/p>\n\n\n\n<p><strong>Mat\u00e9riau en laiton de haute qualit\u00e9 :<\/strong> en cuivre de haute qualit\u00e9, robuste et durable, r\u00e9sistant \u00e0 la pression et \u00e0 l'explosion, avec une longue dur\u00e9e de vie, adapt\u00e9 aux sc\u00e9narios d'utilisation \u00e0 haute fr\u00e9quence.<\/p>\n\n\n\n<p><strong>Double commande chaud et froid<\/strong>La conception ergonomique de la poign\u00e9e permet un contr\u00f4le souple et pr\u00e9cis de la temp\u00e9rature, en tenant compte \u00e0 la fois de la fonction et de l'exp\u00e9rience de confort.<\/p>\n\n\n\n<p><strong>Soutien \u00e0 la personnalisation et \u00e0 la vente en gros<\/strong>Le traitement de surface, la couleur, l'emballage, etc. peuvent \u00eatre personnalis\u00e9s en fonction des besoins du client. Ventes directes \u00e0 l'usine, stocks de lots semi-personnalis\u00e9s, pour r\u00e9pondre aux diff\u00e9rents positionnements des marques et aux besoins du march\u00e9.<\/p>\n<\/div>\n\n\n\n<div class=\"wp-block-column is-layout-flow wp-block-column-is-layout-flow\"><div class=\"wp-block-image\">\n<figure class=\"aligncenter size-full\"><img decoding=\"async\" width=\"5279\" height=\"5279\" src=\"https:\/\/www.shouyasanitary.com\/wp-content\/uploads\/2025\/04\/Single-Hole-Bathroom-Faucet-Wholesale-Gold-Pull-Down-Faucets-Custom-Bulk-1.webp\" alt=\"Robinet de salle de bain monotrou Wholesale, Gold Pull Down Faucets Custom Bulk (1)\" class=\"wp-image-732\" style=\"object-fit:cover\" srcset=\"https:\/\/www.shouyasanitary.com\/wp-content\/uploads\/2025\/04\/Single-Hole-Bathroom-Faucet-Wholesale-Gold-Pull-Down-Faucets-Custom-Bulk-1.webp 5279w, https:\/\/www.shouyasanitary.com\/wp-content\/uploads\/2025\/04\/Single-Hole-Bathroom-Faucet-Wholesale-Gold-Pull-Down-Faucets-Custom-Bulk-1-300x300.webp 300w, https:\/\/www.shouyasanitary.com\/wp-content\/uploads\/2025\/04\/Single-Hole-Bathroom-Faucet-Wholesale-Gold-Pull-Down-Faucets-Custom-Bulk-1-150x150.webp 150w, https:\/\/www.shouyasanitary.com\/wp-content\/uploads\/2025\/04\/Single-Hole-Bathroom-Faucet-Wholesale-Gold-Pull-Down-Faucets-Custom-Bulk-1-768x768.webp 768w, https:\/\/www.shouyasanitary.com\/wp-content\/uploads\/2025\/04\/Single-Hole-Bathroom-Faucet-Wholesale-Gold-Pull-Down-Faucets-Custom-Bulk-1-1200x1200.webp 1200w, https:\/\/www.shouyasanitary.com\/wp-content\/uploads\/2025\/04\/Single-Hole-Bathroom-Faucet-Wholesale-Gold-Pull-Down-Faucets-Custom-Bulk-1-600x600.webp 600w, https:\/\/www.shouyasanitary.com\/wp-content\/uploads\/2025\/04\/Single-Hole-Bathroom-Faucet-Wholesale-Gold-Pull-Down-Faucets-Custom-Bulk-1-100x100.webp 100w\" sizes=\"(max-width: 5279px) 100vw, 5279px\" \/><\/figure>\n<\/div><\/div>\n<\/div>\n\n\n\n<p><\/p>","protected":false},"excerpt":{"rendered":"<p>Le robinet de salle de bains monotrou a un aspect luxueux et dor\u00e9. Le mat\u00e9riau en cuivre de haute qualit\u00e9 est durable. La sortie d'eau flexible et la conception monotrou garantissent un fonctionnement simple et fluide. Nous proposons des services de vente en gros personnalis\u00e9s pour r\u00e9pondre \u00e0 divers besoins. N'h\u00e9sitez pas \u00e0 nous contacter pour obtenir un devis !<\/p>\n<h2>Robinet de salle de bain monotrou Attributs\uff1a<\/h2>\n<p><strong>Num\u00e9ro d'article : <\/strong>SYF250302<strong><br \/>Mat\u00e9riau :<\/strong> Laiton<br \/><strong>Couleur :<\/strong> Dor\u00e9<br \/><strong>Dimensions (L\u00d7L\u00d7H) :<\/strong> 18x5x19 cm<br \/><strong>Poids brut :<\/strong> 2kg\/PCS<br \/><strong>OEM ET ODM<\/strong>: Pris en charge<\/p>","protected":false},"featured_media":733,"comment_status":"closed","ping_status":"closed","template":"","meta":{"_acf_changed":true},"product_brand":[],"product_cat":[21],"product_tag":[],"class_list":{"0":"post-842","1":"product","2":"type-product","3":"status-publish","4":"has-post-thumbnail","6":"product_cat-wholesale-bathroom-accessories","8":"first","9":"instock","10":"shipping-taxable","11":"product-type-simple"},"acf":[],"_links":{"self":[{"href":"https:\/\/www.shouyasanitary.com\/fr\/wp-json\/wp\/v2\/product\/842","targetHints":{"allow":["GET"]}}],"collection":[{"href":"https:\/\/www.shouyasanitary.com\/fr\/wp-json\/wp\/v2\/product"}],"about":[{"href":"https:\/\/www.shouyasanitary.com\/fr\/wp-json\/wp\/v2\/types\/product"}],"replies":[{"embeddable":true,"href":"https:\/\/www.shouyasanitary.com\/fr\/wp-json\/wp\/v2\/comments?post=842"}],"wp:featuredmedia":[{"embeddable":true,"href":"https:\/\/www.shouyasanitary.com\/fr\/wp-json\/wp\/v2\/media\/733"}],"wp:attachment":[{"href":"https:\/\/www.shouyasanitary.com\/fr\/wp-json\/wp\/v2\/media?parent=842"}],"wp:term":[{"taxonomy":"product_brand","embeddable":true,"href":"https:\/\/www.shouyasanitary.com\/fr\/wp-json\/wp\/v2\/product_brand?post=842"},{"taxonomy":"product_cat","embeddable":true,"href":"https:\/\/www.shouyasanitary.com\/fr\/wp-json\/wp\/v2\/product_cat?post=842"},{"taxonomy":"product_tag","embeddable":true,"href":"https:\/\/www.shouyasanitary.com\/fr\/wp-json\/wp\/v2\/product_tag?post=842"}],"curies":[{"name":"wp","href":"https:\/\/api.w.org\/{rel}","templated":true}]}}