{"id":873,"date":"2025-04-30T02:17:05","date_gmt":"2025-04-30T02:17:05","guid":{"rendered":"https:\/\/www.shouyasanitary.com\/?post_type=product&#038;p=873"},"modified":"2025-04-30T02:17:12","modified_gmt":"2025-04-30T02:17:12","slug":"bathroom-faucet-custom","status":"publish","type":"product","link":"https:\/\/www.shouyasanitary.com\/fr\/produit\/bathroom-faucet-custom\/","title":{"rendered":"Robinet de salle de bain personnalis\u00e9, robinet de lavabo or rose en vrac"},"content":{"rendered":"<div class=\"wp-block-columns is-layout-flex wp-container-core-columns-is-layout-9d6595d7 wp-block-columns-is-layout-flex\">\n<div class=\"wp-block-column is-layout-flow wp-block-column-is-layout-flow\">\n<h2 class=\"wp-block-heading\">Caract\u00e9ristiques du robinet de salle de bains\uff1a<\/h2>\n\n\n\n<p><strong>Aspect or rose haut de gamme :<\/strong> La luxueuse couleur or rose et l'\u00e9clat m\u00e9tallique doux sont assortis et conviennent aux salles de bains modernes et haut de gamme.<\/p>\n\n\n\n<p><strong>Mat\u00e9riau de haute qualit\u00e9 : <\/strong>Fabriqu\u00e9 en cuivre de haute qualit\u00e9, \u00e9lectrod\u00e9pos\u00e9, excellente performance anti-oxydation et anti-corrosion, et plus durable.<\/p>\n\n\n\n<p><strong>Syst\u00e8me de double commande chaud et froid : <\/strong>Conception \u00e0 poign\u00e9e unique, contr\u00f4le pr\u00e9cis de l'eau chaude et de l'eau froide, les utilisateurs peuvent ajuster la temp\u00e9rature de l'eau en fonction de leurs besoins.<\/p>\n\n\n\n<p><strong>Facile \u00e0 nettoyer : <\/strong>La surface lisse n'adh\u00e8re pas facilement aux taches, et les taches d'eau peuvent \u00eatre facilement nettoy\u00e9es.<\/p>\n<\/div>\n\n\n\n<div class=\"wp-block-column is-layout-flow wp-block-column-is-layout-flow\"><div class=\"wp-block-image\">\n<figure class=\"aligncenter size-full\"><img decoding=\"async\" width=\"3959\" height=\"3959\" src=\"https:\/\/www.shouyasanitary.com\/wp-content\/uploads\/2025\/04\/Bathroom-Faucet-Custom-Hand-Wash-Sink-Faucet-Manufacturer-1.webp\" alt=\"Robinet de salle de bain sur mesure, fabricant de robinets de lavabo (1)\" class=\"wp-image-875\" style=\"object-fit:cover\" srcset=\"https:\/\/www.shouyasanitary.com\/wp-content\/uploads\/2025\/04\/Bathroom-Faucet-Custom-Hand-Wash-Sink-Faucet-Manufacturer-1.webp 3959w, https:\/\/www.shouyasanitary.com\/wp-content\/uploads\/2025\/04\/Bathroom-Faucet-Custom-Hand-Wash-Sink-Faucet-Manufacturer-1-300x300.webp 300w, https:\/\/www.shouyasanitary.com\/wp-content\/uploads\/2025\/04\/Bathroom-Faucet-Custom-Hand-Wash-Sink-Faucet-Manufacturer-1-150x150.webp 150w, https:\/\/www.shouyasanitary.com\/wp-content\/uploads\/2025\/04\/Bathroom-Faucet-Custom-Hand-Wash-Sink-Faucet-Manufacturer-1-768x768.webp 768w, https:\/\/www.shouyasanitary.com\/wp-content\/uploads\/2025\/04\/Bathroom-Faucet-Custom-Hand-Wash-Sink-Faucet-Manufacturer-1-12x12.webp 12w, https:\/\/www.shouyasanitary.com\/wp-content\/uploads\/2025\/04\/Bathroom-Faucet-Custom-Hand-Wash-Sink-Faucet-Manufacturer-1-1200x1200.webp 1200w, https:\/\/www.shouyasanitary.com\/wp-content\/uploads\/2025\/04\/Bathroom-Faucet-Custom-Hand-Wash-Sink-Faucet-Manufacturer-1-600x600.webp 600w, https:\/\/www.shouyasanitary.com\/wp-content\/uploads\/2025\/04\/Bathroom-Faucet-Custom-Hand-Wash-Sink-Faucet-Manufacturer-1-100x100.webp 100w\" sizes=\"(max-width: 3959px) 100vw, 3959px\" \/><\/figure>\n<\/div><\/div>\n<\/div>","protected":false},"excerpt":{"rendered":"<p>Le robinet de salle de bains personnalis\u00e9 est de couleur or rose, ce qui est haut de gamme et \u00e0 la mode. Le syst\u00e8me de double commande chaud et froid est facile \u00e0 utiliser et convient \u00e0 la plupart des lavabos. Nous fournissons un ensemble complet de solutions d'articles sanitaires pour la salle de bains. N'h\u00e9sitez pas \u00e0 nous contacter pour des solutions personnalis\u00e9es.<\/p>\n<h2>Attributs du robinet de salle de bains\uff1a<\/h2>\n<p><strong>Mat\u00e9riau :<\/strong> Laiton<br \/><strong>Couleur :<\/strong> Dor\u00e9<br \/><strong>Dimensions (L\u00d7L\u00d7H) :<\/strong> 18x5x19 cm<br \/><strong>Poids brut :<\/strong> 2kg\/PCS<br \/><strong>OEM ET ODM<\/strong>: Pris en charge<\/p>","protected":false},"featured_media":875,"comment_status":"closed","ping_status":"closed","template":"","meta":{"_acf_changed":false},"product_brand":[],"product_cat":[21],"product_tag":[],"class_list":{"0":"post-873","1":"product","2":"type-product","3":"status-publish","4":"has-post-thumbnail","6":"product_cat-wholesale-bathroom-accessories","8":"first","9":"instock","10":"shipping-taxable","11":"product-type-simple"},"acf":[],"_links":{"self":[{"href":"https:\/\/www.shouyasanitary.com\/fr\/wp-json\/wp\/v2\/product\/873","targetHints":{"allow":["GET"]}}],"collection":[{"href":"https:\/\/www.shouyasanitary.com\/fr\/wp-json\/wp\/v2\/product"}],"about":[{"href":"https:\/\/www.shouyasanitary.com\/fr\/wp-json\/wp\/v2\/types\/product"}],"replies":[{"embeddable":true,"href":"https:\/\/www.shouyasanitary.com\/fr\/wp-json\/wp\/v2\/comments?post=873"}],"wp:featuredmedia":[{"embeddable":true,"href":"https:\/\/www.shouyasanitary.com\/fr\/wp-json\/wp\/v2\/media\/875"}],"wp:attachment":[{"href":"https:\/\/www.shouyasanitary.com\/fr\/wp-json\/wp\/v2\/media?parent=873"}],"wp:term":[{"taxonomy":"product_brand","embeddable":true,"href":"https:\/\/www.shouyasanitary.com\/fr\/wp-json\/wp\/v2\/product_brand?post=873"},{"taxonomy":"product_cat","embeddable":true,"href":"https:\/\/www.shouyasanitary.com\/fr\/wp-json\/wp\/v2\/product_cat?post=873"},{"taxonomy":"product_tag","embeddable":true,"href":"https:\/\/www.shouyasanitary.com\/fr\/wp-json\/wp\/v2\/product_tag?post=873"}],"curies":[{"name":"wp","href":"https:\/\/api.w.org\/{rel}","templated":true}]}}