{"id":984,"date":"2025-04-30T09:43:16","date_gmt":"2025-04-30T09:43:16","guid":{"rendered":"https:\/\/www.shouyasanitary.com\/?post_type=product&#038;p=984"},"modified":"2025-05-13T10:30:21","modified_gmt":"2025-05-13T10:30:21","slug":"wholesale-bathroom-vanity-cabinets","status":"publish","type":"product","link":"https:\/\/www.shouyasanitary.com\/fr\/produit\/wholesale-bathroom-vanity-cabinets\/","title":{"rendered":"Wholesale Bathroom Vanity Cabinets Gray with One-piece Basin in Bulk"},"content":{"rendered":"<div class=\"wp-block-columns is-layout-flex wp-container-core-columns-is-layout-9d6595d7 wp-block-columns-is-layout-flex\">\n<div class=\"wp-block-column is-layout-flow wp-block-column-is-layout-flow\">\n<h2 class=\"wp-block-heading\">Caract\u00e9ristiques des meubles-lavabos\uff1a<\/h2>\n\n\n\n<p><strong>Acier inoxydable 304 de qualit\u00e9 militaire a\u00e9rospatiale : <\/strong>Nous utilisons des mati\u00e8res premi\u00e8res en acier inoxydable de haute qualit\u00e9 pour obtenir un engagement antirouille de 10 ans, un test au brouillard salin de plus de 5 000 heures et une corrosion nulle dans les environnements humides.<\/p>\n\n\n\n<p><strong>Rev\u00eatement de qualit\u00e9 alimentaire : <\/strong>Rev\u00eatement antibact\u00e9rien avec le m\u00eame mat\u00e9riau que les biberons, taux antibact\u00e9rien sur 24 heures \u2265 99,6%, s\u00fbr et non toxique.<\/p>\n\n\n\n<p><strong>Couleur grise moderne et \u00e9l\u00e9gante<\/strong>La couleur gris moderne est chaude et pr\u00e9sente une texture \u00e9l\u00e9gante. Elle peut \u00eatre facilement coordonn\u00e9e avec diff\u00e9rents environnements de salles de bains modernes.<\/p>\n\n\n\n<p><strong>Bassin en c\u00e9ramique d'une seule pi\u00e8ce :<\/strong> Le plan de travail et le lavabo sont form\u00e9s d'une seule pi\u00e8ce, avec des lignes douces, ce qui emp\u00eache la salet\u00e9 de se dissimuler et facilite le nettoyage.<\/p>\n\n\n\n<p><strong>Soudage laser \u00e0 miroir sans soudure<\/strong>: La technologie de soudage au laser d'une pr\u00e9cision de 0,5 mm permet d'obtenir des coins sans soudure, un aspect lisse comme un miroir et des d\u00e9tails d\u00e9licats.<\/p>\n\n\n\n<p><strong>0 certification d'\u00e9mission de formald\u00e9hyde : <\/strong>protection de l'environnement, normes de s\u00e9curit\u00e9 de niveau maternel, l'installation est conforme aux conditions d'occupation, vous n'avez pas \u00e0 vous soucier de l'odeur des nouveaux produits apr\u00e8s l'installation.<\/p>\n\n\n\n<p><strong>Forte capacit\u00e9 de charge<\/strong>: La cloison simple \u00e9paisseur peut supporter 80 kg, bouteilles et canettes empil\u00e9es sans crainte de d\u00e9formation, m\u00eame si le poids des objets surdimensionn\u00e9s ne fait pas peur.<\/p>\n\n\n\n<p><strong>Armoire de toilette multifonctionnelle \u00e0 \u00e9clairage LED 3 couleurs<\/strong>: La bande lumineuse poss\u00e8de une fonction d'\u00e9clairage, pratique pour une utilisation quotidienne, et l'espace de rangement raisonnable r\u00e9pond aux besoins de rangement des articles de toilette.<\/p>\n\n\n\n<p><strong>Prise en charge de la personnalisation OEM\/ODM<\/strong>: Nous fournissons des services professionnels de personnalisation pour r\u00e9pondre \u00e0 la conception de la marque et aux exigences fonctionnelles des clients du commerce de d\u00e9tail et des projets.<\/p>\n<\/div>\n\n\n\n<div class=\"wp-block-column is-layout-flow wp-block-column-is-layout-flow\"><div class=\"wp-block-image\">\n<figure class=\"aligncenter size-full\"><img decoding=\"async\" width=\"1000\" height=\"1000\" src=\"https:\/\/www.shouyasanitary.com\/wp-content\/uploads\/2025\/04\/Wholesale-Bathroom-Vanity-Cabinets-1.webp\" alt=\"Vente en gros d&#039;armoires-lavabos (1)\" class=\"wp-image-1050\" style=\"object-fit:cover\" srcset=\"https:\/\/www.shouyasanitary.com\/wp-content\/uploads\/2025\/04\/Wholesale-Bathroom-Vanity-Cabinets-1.webp 1000w, https:\/\/www.shouyasanitary.com\/wp-content\/uploads\/2025\/04\/Wholesale-Bathroom-Vanity-Cabinets-1-300x300.webp 300w, https:\/\/www.shouyasanitary.com\/wp-content\/uploads\/2025\/04\/Wholesale-Bathroom-Vanity-Cabinets-1-150x150.webp 150w, https:\/\/www.shouyasanitary.com\/wp-content\/uploads\/2025\/04\/Wholesale-Bathroom-Vanity-Cabinets-1-768x768.webp 768w, https:\/\/www.shouyasanitary.com\/wp-content\/uploads\/2025\/04\/Wholesale-Bathroom-Vanity-Cabinets-1-12x12.webp 12w, https:\/\/www.shouyasanitary.com\/wp-content\/uploads\/2025\/04\/Wholesale-Bathroom-Vanity-Cabinets-1-600x600.webp 600w, https:\/\/www.shouyasanitary.com\/wp-content\/uploads\/2025\/04\/Wholesale-Bathroom-Vanity-Cabinets-1-100x100.webp 100w\" sizes=\"(max-width: 1000px) 100vw, 1000px\" \/><\/figure>\n<\/div><\/div>\n<\/div>","protected":false},"excerpt":{"rendered":"<p>Meuble de salle de bain en gros, mat\u00e9riau en acier inoxydable de haute qualit\u00e9, design minimaliste gris moderne, avec vasque en c\u00e9ramique, \u00e9l\u00e9gant et beau, adapt\u00e9 \u00e0 divers agencements de salle de bain. Possibilit\u00e9 de personnalisation OEM\/ODM. N'h\u00e9sitez pas \u00e0 nous contacter pour obtenir un devis.<\/p>\n<h2>Attributs des meubles-lavabos\uff1a<\/h2>\n<p><strong>Num\u00e9ro d'article : <\/strong>SY2504<strong><br \/>Mat\u00e9riau de l'armoire :<\/strong> Acier inoxydable<br \/><strong>Couleur de l'armoire : <\/strong>Gris<br \/><strong>Miroir : <\/strong>Miroir LED (3,5 mm\/3,8 mm), \u00e9clairage tricolore, d\u00e9sembuage par simple pression d'une touche, s\u00e9curis\u00e9 par un emballage en mousse multicouche.<strong><br \/>Type d'installation : <\/strong>Montage mural<br \/><strong>Dimensions (L\u00d7L\u00d7H) :<\/strong> 80*47*47 cm<br \/><strong>Poids brut :<\/strong> 28kg\/set<\/p>\n<h2>Personnalisation et services :<\/h2>\n<p><strong>OEM ET ODM<\/strong>: Pris en charge<br \/><strong>Conception<\/strong>: Gratuit<br \/><strong>Accessoires<\/strong>: Lavabos, miroirs, robinets et autres accessoires de salle de bains<br \/><strong>Emballage<\/strong>: Pr\u00eat \u00e0 monter<\/p>","protected":false},"featured_media":1050,"comment_status":"closed","ping_status":"closed","template":"","meta":{"_acf_changed":true},"product_brand":[],"product_cat":[27],"product_tag":[],"class_list":{"0":"post-984","1":"product","2":"type-product","3":"status-publish","4":"has-post-thumbnail","6":"product_cat-wholesale-stainless-steel-bathroom-vanity-cabinets","8":"first","9":"instock","10":"shipping-taxable","11":"product-type-simple"},"acf":[],"_links":{"self":[{"href":"https:\/\/www.shouyasanitary.com\/fr\/wp-json\/wp\/v2\/product\/984","targetHints":{"allow":["GET"]}}],"collection":[{"href":"https:\/\/www.shouyasanitary.com\/fr\/wp-json\/wp\/v2\/product"}],"about":[{"href":"https:\/\/www.shouyasanitary.com\/fr\/wp-json\/wp\/v2\/types\/product"}],"replies":[{"embeddable":true,"href":"https:\/\/www.shouyasanitary.com\/fr\/wp-json\/wp\/v2\/comments?post=984"}],"wp:featuredmedia":[{"embeddable":true,"href":"https:\/\/www.shouyasanitary.com\/fr\/wp-json\/wp\/v2\/media\/1050"}],"wp:attachment":[{"href":"https:\/\/www.shouyasanitary.com\/fr\/wp-json\/wp\/v2\/media?parent=984"}],"wp:term":[{"taxonomy":"product_brand","embeddable":true,"href":"https:\/\/www.shouyasanitary.com\/fr\/wp-json\/wp\/v2\/product_brand?post=984"},{"taxonomy":"product_cat","embeddable":true,"href":"https:\/\/www.shouyasanitary.com\/fr\/wp-json\/wp\/v2\/product_cat?post=984"},{"taxonomy":"product_tag","embeddable":true,"href":"https:\/\/www.shouyasanitary.com\/fr\/wp-json\/wp\/v2\/product_tag?post=984"}],"curies":[{"name":"wp","href":"https:\/\/api.w.org\/{rel}","templated":true}]}}