{"id":988,"date":"2025-04-30T03:34:23","date_gmt":"2025-04-30T03:34:23","guid":{"rendered":"https:\/\/www.shouyasanitary.com\/?post_type=product&#038;p=988"},"modified":"2025-05-12T10:59:39","modified_gmt":"2025-05-12T10:59:39","slug":"wholesale-bathroom-vanities","status":"publish","type":"product","link":"https:\/\/www.shouyasanitary.com\/fr\/produit\/wholesale-bathroom-vanities\/","title":{"rendered":"Wholesale Bathroom Vanities Stainless Steel Cabinet Bathroom Custom"},"content":{"rendered":"<div class=\"wp-block-columns is-layout-flex wp-container-core-columns-is-layout-9d6595d7 wp-block-columns-is-layout-flex\">\n<div class=\"wp-block-column is-layout-flow wp-block-column-is-layout-flow\">\n<h2 class=\"wp-block-heading\">Caract\u00e9ristiques des meubles-lavabos en acier inoxydable\uff1a<\/h2>\n\n\n\n<p><strong>Mat\u00e9riau en acier inoxydable de haute qualit\u00e9 : <\/strong>L'armoire de toilette est fabriqu\u00e9e en acier inoxydable 304. Apr\u00e8s traitement de surface, il est plus lisse et plus durable. La texture m\u00e9tallique mate pr\u00e9sente un style minimaliste luxueux, qui s'inscrit dans la tendance actuelle du jeune consum\u00e9risme.<\/p>\n\n\n\n<p><strong>Texture \u00e9l\u00e9gante de grain de bois gris clair : <\/strong>La surface du meuble de salle de bains est rev\u00eatue d'une texture de grain de bois naturel, assortie \u00e0 des tons gris clair, naturels et doux, convenant \u00e0 diff\u00e9rents styles de salle de bains.<\/p>\n\n\n\n<p><strong>Taux \u00e9lev\u00e9 d'imperm\u00e9abilit\u00e9 et d'antibact\u00e9rien :<\/strong> L'armoire de salle de bains en acier inoxydable 304 est \u00e9tanche et constitue un bon mat\u00e9riau antibact\u00e9rien et antioxydant. Que ce soit dans un environnement humide ou dans un coin sombre, l'armoire de salle de bains en acier inoxydable ne moisira pas, ne se fissurera pas et ne se d\u00e9formera pas.<\/p>\n\n\n\n<p><strong>Conception murale : <\/strong>L'installation murale permet d'\u00e9conomiser de l'espace au sol, d'am\u00e9liorer l'effet global de la ventilation et d'obtenir un effet visuel simple et soign\u00e9.<\/p>\n\n\n\n<p><strong>Fournir des solutions de personnalisation en vrac : <\/strong>La taille, la couleur et la configuration peuvent \u00eatre personnalis\u00e9es en fonction des besoins du client. Convient aux projets d'ing\u00e9nierie et \u00e0 la personnalisation par lots des marques de salles de bains haut de gamme.<\/p>\n<\/div>\n\n\n\n<div class=\"wp-block-column is-layout-flow wp-block-column-is-layout-flow\"><div class=\"wp-block-image\">\n<figure class=\"aligncenter size-full\"><img decoding=\"async\" width=\"1000\" height=\"1000\" src=\"https:\/\/www.shouyasanitary.com\/wp-content\/uploads\/2025\/04\/Wholesale-Bathroom-Vanities-Stainless-Steel-Cabinet-Bathroom-Custom-1-1.webp\" alt=\"Wholesale Bathroom Vanities Stainless Steel Cabinet Bathroom Custom (1)\" class=\"wp-image-1057\" style=\"object-fit:cover\" srcset=\"https:\/\/www.shouyasanitary.com\/wp-content\/uploads\/2025\/04\/Wholesale-Bathroom-Vanities-Stainless-Steel-Cabinet-Bathroom-Custom-1-1.webp 1000w, https:\/\/www.shouyasanitary.com\/wp-content\/uploads\/2025\/04\/Wholesale-Bathroom-Vanities-Stainless-Steel-Cabinet-Bathroom-Custom-1-1-300x300.webp 300w, https:\/\/www.shouyasanitary.com\/wp-content\/uploads\/2025\/04\/Wholesale-Bathroom-Vanities-Stainless-Steel-Cabinet-Bathroom-Custom-1-1-150x150.webp 150w, https:\/\/www.shouyasanitary.com\/wp-content\/uploads\/2025\/04\/Wholesale-Bathroom-Vanities-Stainless-Steel-Cabinet-Bathroom-Custom-1-1-768x768.webp 768w, https:\/\/www.shouyasanitary.com\/wp-content\/uploads\/2025\/04\/Wholesale-Bathroom-Vanities-Stainless-Steel-Cabinet-Bathroom-Custom-1-1-12x12.webp 12w, https:\/\/www.shouyasanitary.com\/wp-content\/uploads\/2025\/04\/Wholesale-Bathroom-Vanities-Stainless-Steel-Cabinet-Bathroom-Custom-1-1-600x600.webp 600w, https:\/\/www.shouyasanitary.com\/wp-content\/uploads\/2025\/04\/Wholesale-Bathroom-Vanities-Stainless-Steel-Cabinet-Bathroom-Custom-1-1-100x100.webp 100w\" sizes=\"(max-width: 1000px) 100vw, 1000px\" \/><\/figure>\n<\/div><\/div>\n<\/div>","protected":false},"excerpt":{"rendered":"<p>Le meuble de salle de bain en gros est fabriqu\u00e9 en acier inoxydable 304 de haute qualit\u00e9, avec un design de texture de grain de bois, \u00e9l\u00e9gant, imperm\u00e9able et durable. Nous fournissons un ensemble complet d'armoires de salle de bain et d'accessoires de salle de bain \u00e0 prix d'usine. Nous vous invitons \u00e0 vous renseigner, \u00e0 nous aider \u00e0 personnaliser nos produits et \u00e0 effectuer des achats en gros !<\/p>\n<h2>Vanit\u00e9s de salle de bain en acier inoxydable Attributs\uff1a<\/h2>\n<p><strong>Num\u00e9ro d'article :<\/strong> SY2502<strong><br \/>Mat\u00e9riau de l'armoire :<\/strong> Acier inoxydable<br \/><strong>Couleur de l'armoire : <\/strong>Gris clair<br \/><strong>Miroir : <\/strong>Miroir LED (3,5 mm\/3,8 mm), \u00e9clairage tricolore, d\u00e9sembuage par simple pression d'une touche, s\u00e9curis\u00e9 par un emballage en mousse multicouche.<strong><br \/>Type d'installation : <\/strong>Montage mural<br \/><strong>Dimensions (L\u00d7L\u00d7H) : <\/strong>90*47*45 cm<br \/><strong>Poids brut : <\/strong>30kg\/set<\/p>\n<h2>Personnalisation et services :<\/h2>\n<p><strong>OEM ET ODM<\/strong>: Pris en charge<br \/><strong>Conception<\/strong>: Gratuit<br \/><strong>Accessoires<\/strong>: Lavabos, miroirs, robinets et autres accessoires de salle de bains<br \/><strong>Emballage<\/strong>: Pr\u00eat \u00e0 monter<\/p>","protected":false},"featured_media":1057,"comment_status":"closed","ping_status":"closed","template":"","meta":{"_acf_changed":true},"product_brand":[],"product_cat":[27],"product_tag":[],"class_list":{"0":"post-988","1":"product","2":"type-product","3":"status-publish","4":"has-post-thumbnail","6":"product_cat-wholesale-stainless-steel-bathroom-vanity-cabinets","8":"first","9":"instock","10":"shipping-taxable","11":"product-type-simple"},"acf":[],"_links":{"self":[{"href":"https:\/\/www.shouyasanitary.com\/fr\/wp-json\/wp\/v2\/product\/988","targetHints":{"allow":["GET"]}}],"collection":[{"href":"https:\/\/www.shouyasanitary.com\/fr\/wp-json\/wp\/v2\/product"}],"about":[{"href":"https:\/\/www.shouyasanitary.com\/fr\/wp-json\/wp\/v2\/types\/product"}],"replies":[{"embeddable":true,"href":"https:\/\/www.shouyasanitary.com\/fr\/wp-json\/wp\/v2\/comments?post=988"}],"wp:featuredmedia":[{"embeddable":true,"href":"https:\/\/www.shouyasanitary.com\/fr\/wp-json\/wp\/v2\/media\/1057"}],"wp:attachment":[{"href":"https:\/\/www.shouyasanitary.com\/fr\/wp-json\/wp\/v2\/media?parent=988"}],"wp:term":[{"taxonomy":"product_brand","embeddable":true,"href":"https:\/\/www.shouyasanitary.com\/fr\/wp-json\/wp\/v2\/product_brand?post=988"},{"taxonomy":"product_cat","embeddable":true,"href":"https:\/\/www.shouyasanitary.com\/fr\/wp-json\/wp\/v2\/product_cat?post=988"},{"taxonomy":"product_tag","embeddable":true,"href":"https:\/\/www.shouyasanitary.com\/fr\/wp-json\/wp\/v2\/product_tag?post=988"}],"curies":[{"name":"wp","href":"https:\/\/api.w.org\/{rel}","templated":true}]}}