{"id":992,"date":"2025-04-30T08:18:15","date_gmt":"2025-04-30T08:18:15","guid":{"rendered":"https:\/\/www.shouyasanitary.com\/?post_type=product&#038;p=992"},"modified":"2025-10-27T03:41:45","modified_gmt":"2025-10-27T03:41:45","slug":"custom-stainless-bathroom-vanity","status":"publish","type":"product","link":"https:\/\/www.shouyasanitary.com\/fr\/produit\/custom-stainless-bathroom-vanity\/","title":{"rendered":"Meuble de salle de bain en inox sur mesure, meuble de salle de bain flottant minimaliste en vrac"},"content":{"rendered":"<div class=\"wp-block-columns is-layout-flex wp-container-core-columns-is-layout-9d6595d7 wp-block-columns-is-layout-flex\">\n<div class=\"wp-block-column is-layout-flow wp-block-column-is-layout-flow\">\n<h2 class=\"wp-block-heading\">Caract\u00e9ristiques du meuble-lavabo en acier inoxydable\uff1a<\/h2>\n\n\n\n<p><strong>Aspect moderne : <\/strong>Cet \u00e9l\u00e9gant meuble de salle de bains en acier inoxydable pr\u00e9sente une finition en m\u00e9tal bross\u00e9 et des lignes minimalistes, parfaites pour les maisons contemporaines, les centres de vill\u00e9giature de luxe, les h\u00f4tels de charme et les projets r\u00e9sidentiels haut de gamme.<\/p>\n\n\n\n<p><strong>Construction en acier inoxydable de haute qualit\u00e9 : <\/strong>Fabriqu\u00e9 en acier inoxydable 304, il offre une r\u00e9sistance sup\u00e9rieure \u00e0 la rouille, une grande durabilit\u00e9 et un entretien facile. Le rev\u00eatement anti-traces de doigts est id\u00e9al pour les environnements humides et garantit un aspect propre pendant toute la dur\u00e9e de vie du produit.<\/p>\n\n\n\n<p><strong>Solutions de stockage intelligentes : <\/strong>L'armoire murale et l'armoire de toilette LED int\u00e9gr\u00e9e maximisent l'espace vertical et offrent de nombreux rangements gr\u00e2ce \u00e0 des \u00e9tag\u00e8res r\u00e9glables, des tiroirs \u00e0 fermeture progressive et des compartiments cach\u00e9s.<\/p>\n\n\n\n<p><strong>Armoire de toilette \u00e0 LED<\/strong>: Il est dot\u00e9 d'un \u00e9clairage LED \u00e9conome en \u00e9nergie (tons chauds et froids r\u00e9glables), d'un mode d\u00e9sembuage et d'une commande tactile. Le miroir incassable et ultra-clair est dot\u00e9 d'un point de chargement de l'appareil via son port USB int\u00e9gr\u00e9, ce qui facilite la toilette et la routine quotidienne.<\/p>\n\n\n\n<p><strong>Service sur mesure :<\/strong> Nous proposons une gamme d'options personnalis\u00e9es pour les armoires, les portes, les poign\u00e9es, les miroirs (temp\u00e9rature de couleur de la lumi\u00e8re, prises suppl\u00e9mentaires) et les robinets. Les finitions personnalis\u00e9es (mates ou brillantes) et les agencements modulaires s'adaptent aux diff\u00e9rentes exigences des projets et garantissent une int\u00e9gration parfaite dans n'importe quel espace.<\/p>\n<\/div>\n\n\n\n<div class=\"wp-block-column is-layout-flow wp-block-column-is-layout-flow\"><div class=\"wp-block-image\">\n<figure class=\"aligncenter size-full\"><img decoding=\"async\" width=\"4500\" height=\"4500\" src=\"https:\/\/www.shouyasanitary.com\/wp-content\/uploads\/2025\/04\/Custom-stainless-bathroom-vanity-wall-mounted-bathroom-cabinet-with-mirror-bulk-1.webp\" alt=\"Meuble de salle de bain en inox avec miroir en vrac (1)\" class=\"wp-image-993\" style=\"object-fit:cover\" srcset=\"https:\/\/www.shouyasanitary.com\/wp-content\/uploads\/2025\/04\/Custom-stainless-bathroom-vanity-wall-mounted-bathroom-cabinet-with-mirror-bulk-1.webp 4500w, https:\/\/www.shouyasanitary.com\/wp-content\/uploads\/2025\/04\/Custom-stainless-bathroom-vanity-wall-mounted-bathroom-cabinet-with-mirror-bulk-1-300x300.webp 300w, https:\/\/www.shouyasanitary.com\/wp-content\/uploads\/2025\/04\/Custom-stainless-bathroom-vanity-wall-mounted-bathroom-cabinet-with-mirror-bulk-1-150x150.webp 150w, https:\/\/www.shouyasanitary.com\/wp-content\/uploads\/2025\/04\/Custom-stainless-bathroom-vanity-wall-mounted-bathroom-cabinet-with-mirror-bulk-1-768x768.webp 768w, https:\/\/www.shouyasanitary.com\/wp-content\/uploads\/2025\/04\/Custom-stainless-bathroom-vanity-wall-mounted-bathroom-cabinet-with-mirror-bulk-1-12x12.webp 12w, https:\/\/www.shouyasanitary.com\/wp-content\/uploads\/2025\/04\/Custom-stainless-bathroom-vanity-wall-mounted-bathroom-cabinet-with-mirror-bulk-1-1200x1200.webp 1200w, https:\/\/www.shouyasanitary.com\/wp-content\/uploads\/2025\/04\/Custom-stainless-bathroom-vanity-wall-mounted-bathroom-cabinet-with-mirror-bulk-1-600x600.webp 600w, https:\/\/www.shouyasanitary.com\/wp-content\/uploads\/2025\/04\/Custom-stainless-bathroom-vanity-wall-mounted-bathroom-cabinet-with-mirror-bulk-1-100x100.webp 100w\" sizes=\"(max-width: 4500px) 100vw, 4500px\" \/><\/figure>\n<\/div><\/div>\n<\/div>","protected":false},"excerpt":{"rendered":"<p>Bienvenue dans la vente en gros d'un meuble de salle de bains en acier inoxydable, d'un blanc \u00e9l\u00e9gant, avec une finition m\u00e9tallique \u00e0 rev\u00eatement anti-traces de doigts, affichant un style industriel moderne. Le robinet et l'armoire de toilette adoptent le m\u00eame design, fournissant un service de vente en gros d'armoire de toilette. Vente directe par l'usine, n'h\u00e9sitez pas \u00e0 nous contacter \u00e0 tout moment !<\/p>\n<h2 class=\"wp-block wp-block-post-title block-editor-block-list__block editor-post-title editor-post-title__input rich-text is-selected\" role=\"textbox\" aria-label=\"Nom du produit\">Attributs du meuble-lavabo en acier inoxydable\uff1a<\/h2>\n<p><strong>Num\u00e9ro d'article : <\/strong>SY2503<strong><br \/>Mat\u00e9riau de l'armoire :<\/strong> Acier inoxydable<br \/><strong>Couleur de l'armoire : <\/strong>Blanc<br \/><strong>Miroir : <\/strong>Miroir LED (3,5 mm\/3,8 mm), \u00e9clairage tricolore, d\u00e9sembuage par simple pression d'une touche, s\u00e9curis\u00e9 par un emballage en mousse multicouche.<strong><br \/>Type d'installation : <\/strong>Montage mural<br \/><strong>Dimensions (L\u00d7L\u00d7H) :<\/strong> 90*47*45 cm<br \/><strong>Poids brut :<\/strong> 28kg\/set<\/p>\n<h2>Personnalisation et services :<\/h2>\n<p><strong>OEM ET ODM<\/strong>: Pris en charge<br \/><strong>Conception<\/strong>: Gratuit<br \/><strong>Accessoires<\/strong>: Lavabos, miroirs, robinets et autres accessoires de salle de bains<br \/><strong>Emballage<\/strong>: Pr\u00eat \u00e0 monter<\/p>","protected":false},"featured_media":1056,"comment_status":"closed","ping_status":"closed","template":"","meta":{"_acf_changed":true},"product_brand":[],"product_cat":[27],"product_tag":[],"class_list":{"0":"post-992","1":"product","2":"type-product","3":"status-publish","4":"has-post-thumbnail","6":"product_cat-wholesale-stainless-steel-bathroom-vanity-cabinets","8":"first","9":"instock","10":"shipping-taxable","11":"product-type-simple"},"acf":[],"_links":{"self":[{"href":"https:\/\/www.shouyasanitary.com\/fr\/wp-json\/wp\/v2\/product\/992","targetHints":{"allow":["GET"]}}],"collection":[{"href":"https:\/\/www.shouyasanitary.com\/fr\/wp-json\/wp\/v2\/product"}],"about":[{"href":"https:\/\/www.shouyasanitary.com\/fr\/wp-json\/wp\/v2\/types\/product"}],"replies":[{"embeddable":true,"href":"https:\/\/www.shouyasanitary.com\/fr\/wp-json\/wp\/v2\/comments?post=992"}],"wp:featuredmedia":[{"embeddable":true,"href":"https:\/\/www.shouyasanitary.com\/fr\/wp-json\/wp\/v2\/media\/1056"}],"wp:attachment":[{"href":"https:\/\/www.shouyasanitary.com\/fr\/wp-json\/wp\/v2\/media?parent=992"}],"wp:term":[{"taxonomy":"product_brand","embeddable":true,"href":"https:\/\/www.shouyasanitary.com\/fr\/wp-json\/wp\/v2\/product_brand?post=992"},{"taxonomy":"product_cat","embeddable":true,"href":"https:\/\/www.shouyasanitary.com\/fr\/wp-json\/wp\/v2\/product_cat?post=992"},{"taxonomy":"product_tag","embeddable":true,"href":"https:\/\/www.shouyasanitary.com\/fr\/wp-json\/wp\/v2\/product_tag?post=992"}],"curies":[{"name":"wp","href":"https:\/\/api.w.org\/{rel}","templated":true}]}}