{"id":996,"date":"2025-04-30T10:11:36","date_gmt":"2025-04-30T10:11:36","guid":{"rendered":"https:\/\/www.shouyasanitary.com\/?post_type=product&#038;p=996"},"modified":"2025-10-28T07:10:12","modified_gmt":"2025-10-28T07:10:12","slug":"wholesale-vanities-for-bathrooms","status":"publish","type":"product","link":"https:\/\/www.shouyasanitary.com\/fr\/produit\/wholesale-vanities-for-bathrooms\/","title":{"rendered":"Wholesale Vanities for Bathrooms, Grate Bathroom Mirror Cabinet with Nano-film Custom"},"content":{"rendered":"<div class=\"wp-block-columns is-layout-flex wp-container-core-columns-is-layout-9d6595d7 wp-block-columns-is-layout-flex\">\n<div class=\"wp-block-column is-layout-flow wp-block-column-is-layout-flow\">\n<h2 class=\"wp-block-heading\">Caract\u00e9ristiques des meubles-lavabos pour salles de bains\uff1a<\/h2>\n\n\n\n<p><strong>Armoire de toilette moderne en acier inoxydable :<\/strong> L'armoire de toilette est fabriqu\u00e9e en acier inoxydable 304, avec une grille au design \u00e9pur\u00e9 et un ton gris. Il est moderne, beau et durable, et ne rouille pas apr\u00e8s une utilisation prolong\u00e9e.<\/p>\n\n\n\n<p><strong>Rev\u00eatement en alliage de titane a\u00e9rospatial : <\/strong>Duret\u00e9 3 fois sup\u00e9rieure \u00e0 celle de l'acier inoxydable ordinaire, performance anti-rayures gr\u00e2ce \u00e0 un test de frottement \u00e0 la bille de 100 000 fois, technologie de pulv\u00e9risation ionique sous vide pour obtenir un rev\u00eatement ultrafin de 0,02 mm, duret\u00e9 Mohs jusqu'\u00e0 8,2 degr\u00e9s (acier inoxydable ordinaire), duret\u00e9 Mohs de 8,2 degr\u00e9s (acier inoxydable ordinaire de 5,5 degr\u00e9s), texture m\u00e9tallique froide au toucher, donnant l'impression d'un \"vaisseau spatial\" de l'ing\u00e9nierie.<\/p>\n\n\n\n<p><strong>Technologie des nanofilms autocicatrisants : <\/strong>r\u00e9paration automatique 24 heures sur 24 des petites rayures, brillance de la surface comme si elle \u00e9tait neuve en dix ans, structure grav\u00e9e au laser en millions de microns, combin\u00e9e \u00e0 un rev\u00eatement en polym\u00e8re de fluorocarbone.<\/p>\n\n\n\n<p><strong>Contr\u00f4le de la temp\u00e9rature des supraconducteurs : <\/strong>Temp\u00e9rature de contact en hiver 8-10 \u2103, adieu \u00e0 la sensation de froid du m\u00e9tal, le matin, le contact n'est plus froid sur les comptoirs.<\/p>\n\n\n\n<p>Surface hydrophobe au niveau mol\u00e9culaire : angle de contact avec les gouttelettes d'eau de 160\u00b0, nettoyage des taches d'huile, ne laisse pas de taches.<\/p>\n\n\n\n<p><strong>Conception anti-collision \u00e0 coins arrondis : <\/strong>Le bord incurv\u00e9 r\u00e9duit les dommages dus aux collisions tout en am\u00e9liorant l'aspect g\u00e9n\u00e9ral, ce qui convient aux familles avec enfants et aux salles de bains haut de gamme.<\/p>\n\n\n\n<p><strong>\u00c9vier int\u00e9gr\u00e9 et armoire de toilette design : <\/strong>\u00c9vier lisse et vitr\u00e9, facile \u00e0 nettoyer. L'armoire de toilette \u00e0 LED est dot\u00e9e d'une touche intelligente, ce qui rend son utilisation plus pratique.<\/p>\n<\/div>\n\n\n\n<div class=\"wp-block-column is-layout-flow wp-block-column-is-layout-flow\"><div class=\"wp-block-image\">\n<figure class=\"aligncenter size-full\"><img decoding=\"async\" width=\"1000\" height=\"1000\" src=\"https:\/\/www.shouyasanitary.com\/wp-content\/uploads\/2025\/04\/Wholesale-Vanities-for-Bathrooms-Grate-Bathroom-Cabinet-with-Nano-film-1.webp\" alt=\"Wholesale Vanities for Bathrooms, Grate Bathroom Cabinet with Nano-film (1)\" class=\"wp-image-1040\" style=\"object-fit:cover\" srcset=\"https:\/\/www.shouyasanitary.com\/wp-content\/uploads\/2025\/04\/Wholesale-Vanities-for-Bathrooms-Grate-Bathroom-Cabinet-with-Nano-film-1.webp 1000w, https:\/\/www.shouyasanitary.com\/wp-content\/uploads\/2025\/04\/Wholesale-Vanities-for-Bathrooms-Grate-Bathroom-Cabinet-with-Nano-film-1-300x300.webp 300w, https:\/\/www.shouyasanitary.com\/wp-content\/uploads\/2025\/04\/Wholesale-Vanities-for-Bathrooms-Grate-Bathroom-Cabinet-with-Nano-film-1-150x150.webp 150w, https:\/\/www.shouyasanitary.com\/wp-content\/uploads\/2025\/04\/Wholesale-Vanities-for-Bathrooms-Grate-Bathroom-Cabinet-with-Nano-film-1-768x768.webp 768w, https:\/\/www.shouyasanitary.com\/wp-content\/uploads\/2025\/04\/Wholesale-Vanities-for-Bathrooms-Grate-Bathroom-Cabinet-with-Nano-film-1-12x12.webp 12w, https:\/\/www.shouyasanitary.com\/wp-content\/uploads\/2025\/04\/Wholesale-Vanities-for-Bathrooms-Grate-Bathroom-Cabinet-with-Nano-film-1-600x600.webp 600w, https:\/\/www.shouyasanitary.com\/wp-content\/uploads\/2025\/04\/Wholesale-Vanities-for-Bathrooms-Grate-Bathroom-Cabinet-with-Nano-film-1-100x100.webp 100w\" sizes=\"(max-width: 1000px) 100vw, 1000px\" \/><\/figure>\n<\/div><\/div>\n<\/div>","protected":false},"excerpt":{"rendered":"<p>Les meubles de salle de bains en gros sont en acier inoxydable, avec un rev\u00eatement en alliage de titane et une technologie de nanofilm, qui offre une meilleure r\u00e9sistance aux rayures et une capacit\u00e9 de r\u00e9paration automatique. Il s'agit d'une solution avanc\u00e9e et moderne d'armoire de salle de bain, fournissant une armoire \u00e0 miroir, un \u00e9vier et des accessoires de salle de bain. N'h\u00e9sitez pas \u00e0 nous contacter d\u00e8s aujourd'hui pour un devis gratuit !<\/p>\n<h2>Attributs des meubles-lavabos pour salles de bains\uff1a<\/h2>\n<p><strong>Num\u00e9ro d'article : <\/strong>SY2501<strong><br \/>Mat\u00e9riau de l'armoire :<\/strong> Acier inoxydable<br \/><strong>Couleur de l'armoire : <\/strong>Gris<br \/><strong>Miroir : <\/strong>Miroir LED (3,5 mm\/3,8 mm), \u00e9clairage tricolore, d\u00e9sembuage par simple pression d'une touche, s\u00e9curis\u00e9 par un emballage en mousse multicouche.<strong><br \/>Type d'installation : <\/strong>Montage mural<br \/><strong>Dimensions (L\u00d7L\u00d7H) :<\/strong> 80*47*47 cm<br \/><strong>Poids brut :<\/strong> 28kg\/set<\/p>\n<h2>Personnalisation et services :<\/h2>\n<p><strong>OEM ET ODM<\/strong>: Pris en charge<br \/><strong>Conception<\/strong>: Gratuit<br \/><strong>Accessoires<\/strong>: Lavabos, miroirs, robinets et autres accessoires de salle de bains<br \/><strong>Emballage<\/strong>: Pr\u00eat \u00e0 monter<\/p>","protected":false},"featured_media":1040,"comment_status":"closed","ping_status":"closed","template":"","meta":{"_acf_changed":false},"product_brand":[],"product_cat":[27],"product_tag":[],"class_list":{"0":"post-996","1":"product","2":"type-product","3":"status-publish","4":"has-post-thumbnail","6":"product_cat-wholesale-stainless-steel-bathroom-vanity-cabinets","8":"first","9":"instock","10":"shipping-taxable","11":"product-type-simple"},"acf":[],"_links":{"self":[{"href":"https:\/\/www.shouyasanitary.com\/fr\/wp-json\/wp\/v2\/product\/996","targetHints":{"allow":["GET"]}}],"collection":[{"href":"https:\/\/www.shouyasanitary.com\/fr\/wp-json\/wp\/v2\/product"}],"about":[{"href":"https:\/\/www.shouyasanitary.com\/fr\/wp-json\/wp\/v2\/types\/product"}],"replies":[{"embeddable":true,"href":"https:\/\/www.shouyasanitary.com\/fr\/wp-json\/wp\/v2\/comments?post=996"}],"wp:featuredmedia":[{"embeddable":true,"href":"https:\/\/www.shouyasanitary.com\/fr\/wp-json\/wp\/v2\/media\/1040"}],"wp:attachment":[{"href":"https:\/\/www.shouyasanitary.com\/fr\/wp-json\/wp\/v2\/media?parent=996"}],"wp:term":[{"taxonomy":"product_brand","embeddable":true,"href":"https:\/\/www.shouyasanitary.com\/fr\/wp-json\/wp\/v2\/product_brand?post=996"},{"taxonomy":"product_cat","embeddable":true,"href":"https:\/\/www.shouyasanitary.com\/fr\/wp-json\/wp\/v2\/product_cat?post=996"},{"taxonomy":"product_tag","embeddable":true,"href":"https:\/\/www.shouyasanitary.com\/fr\/wp-json\/wp\/v2\/product_tag?post=996"}],"curies":[{"name":"wp","href":"https:\/\/api.w.org\/{rel}","templated":true}]}}